{"id":2839,"date":"2021-02-02T16:57:42","date_gmt":"2021-02-02T21:57:42","guid":{"rendered":"https:\/\/ozmo.com\/?page_id=2839"},"modified":"2021-10-22T14:05:11","modified_gmt":"2021-10-22T18:05:11","slug":"pourquoi-ozmo","status":"publish","type":"page","link":"https:\/\/ozmo.com\/fr\/pourquoi-ozmo\/","title":{"rendered":"Pourquoi Ozmo ?"},"content":{"rendered":" \n<div class=\"hero-wrapper   shape-background blue-o-and-arrow \">\n  <div class=\"hero-content-wrapper left\">\n    <h2 class=\"hero-title\">Pourquoi Ozmo ?<\/h2>\n          <h3 class=\"hero-subtitle\">Assistance technique omnicanal sans heurt<\/h3>\n              <p class=\"hero-details\">En tant que principal fournisseur de solutions de support assist\u00e9 et d'auto-assistance, la plateforme omnicanal d'Ozmo aide les entreprises \u00e0 r\u00e9soudre les probl\u00e8mes d'assistance \u00e0 la client\u00e8le gr\u00e2ce \u00e0 des exp\u00e9riences compl\u00e8tes, visuelles et personnalis\u00e9es. Nos solutions extensibles offrent une source unique de r\u00e9ponses sur tous les canaux num\u00e9riques tout en tenant votre entreprise inform\u00e9e des derni\u00e8res mises \u00e0 jour technologiques. <\/p>\n          <\/div>\n  <\/div>\n\n<div id=\"paragraph-block_5fe3bacdcd554\" class=\"section paragraph-block alignfull ozmo-white-background\">\n\n        <div class=\"paragraph-container\">\n\n            <p><span style=\"font-weight: 400;\">Ozmo soutient le lancement de centaines de mises \u00e0 jour d&#8217;applications, d&#8217;appareils et de logiciels chaque ann\u00e9e, avec plus de 25 millions d&#8217;interactions de soupport assist\u00e9es par notre plateforme chaque ann\u00e9e. Et avec des milliers d&#8217;agents et des millions de clients utilisateurs, Ozmo a acc\u00e8s \u00e0 des connaissances approfondies et \u00e0 l&#8217;analyse comportementale pour am\u00e9liorer et \u00e9tendre en permanence notre ensemble de r\u00e9ponses afin de couvrir les questions les plus critiques que vos clients posent.<\/span><\/p>\n\n        <\/div>\n        \n<\/div>\n\n<style type=\"text\/css\">\n\n\n\n<\/style>\n\n<\/div>\n\n<div id=\"icon-grid-block_5fce916651848\" class=\"section icon-grid-block alignfull solid-background ozmo-gray\">\n\n        <div class=\"icon-grid\">\n                            <div class=\"details left\">\n                    <h2>Principaux avantages :<\/h2>                <\/div>\n            \n            <div class=\"elements columns-3\">\n                                        <div class=\"element\">\n                                                \n                                <figure class=\"image left image-size-small\">\n                                    <img decoding=\"async\" src=\"https:\/\/ozmo.com\/wp-content\/uploads\/2021\/01\/Omnichannel-01.svg\" alt=\"Omnichannel-01\">\n                                <\/figure>\n                            \n                            <div class=\"text left\">\n                                <h4>Plate-forme omnicanal<\/h4><p>Toutes les r\u00e9ponses d'Ozmo peuvent \u00eatre diffus\u00e9es sur n'importe quel canal, dans n'importe quel format, pour r\u00e9pondre aux clients sur leurs canaux pr\u00e9f\u00e9r\u00e9s.<\/p>\n                                                            <\/div>\n                        <\/div>\n                                        <div class=\"element\">\n                                                \n                                <figure class=\"image left image-size-small\">\n                                    <img decoding=\"async\" src=\"https:\/\/ozmo.com\/wp-content\/uploads\/2021\/01\/Insights-01-1.svg\" alt=\"Insights-01\">\n                                <\/figure>\n                            \n                            <div class=\"text left\">\n                                <h4>Source unique de r\u00e9ponses<\/h4><p>Les r\u00e9ponses de la plate-forme d'Ozmo sont toujours \u00e0 jour avec l'\u00e9volution des mises \u00e0 jour des applications, des logiciels et des appareils, de sorte que, o\u00f9 que les clients se tournent, ils re\u00e7oivent des r\u00e9ponses pr\u00e9cises.<\/p>\n                                                            <\/div>\n                        <\/div>\n                                        <div class=\"element\">\n                                                \n                                <figure class=\"image left image-size-small\">\n                                    <img decoding=\"async\" src=\"https:\/\/ozmo.com\/wp-content\/uploads\/2021\/01\/Insight-01.svg\" alt=\"Insight-01\">\n                                <\/figure>\n                            \n                            <div class=\"text left\">\n                                <h4>Informations d\u00e9taill\u00e9es<\/h4><p>Les boucles de r\u00e9troaction de milliers d'agents et de millions de clients utilisant notre plateforme, y compris l'analyse d\u00e9taill\u00e9e du comportement, permettent de s'assurer que les lacunes en mati\u00e8re de contenu sont identifi\u00e9es et combl\u00e9es.<\/p>\n                                                            <\/div>\n                        <\/div>\n                                        <div class=\"element\">\n                                                \n                                <figure class=\"image left image-size-small\">\n                                    <img decoding=\"async\" src=\"https:\/\/ozmo.com\/wp-content\/uploads\/2021\/01\/Satisfaction-01.svg\" alt=\"Satisfaction-01\">\n                                <\/figure>\n                            \n                            <div class=\"text left\">\n                                <h4>Satisfaction des clients<\/h4><p>Augmenter la satisfaction des clients, qu'ils soient assist\u00e9s ou en auto-assistance, gr\u00e2ce aux meilleurs outils d'assistance technique.<\/p>\n                                                            <\/div>\n                        <\/div>\n                                        <div class=\"element\">\n                                                \n                                <figure class=\"image left image-size-small\">\n                                    <img decoding=\"async\" src=\"https:\/\/ozmo.com\/wp-content\/uploads\/2021\/01\/Scalable-01.svg\" alt=\"Scalable-01\">\n                                <\/figure>\n                            \n                            <div class=\"text left\">\n                                <h4>Assistance \u00e9volutive<\/h4><p>Permettre la transformation num\u00e9rique de votre organisation gr\u00e2ce \u00e0 une plateforme d'assistance qui \u00e9volue avec vous \u00e0 travers vos canaux et qui permet \u00e0 votre personnel d'agent d'acc\u00e9der \u00e0 une biblioth\u00e8que d'applications et d'appareils virtuels depuis n'importe o\u00f9.<\/p>\n                                                            <\/div>\n                        <\/div>\n                            <\/div>\n\n        <\/div>\n        \n<\/div>\n\n<div id=\"quote-carousel-image-block_600989ce37fa7\" class=\"section quote-carousel-image-block alignfull ozmo-white-background\">\n\n        <div class=\"quote-carousel\">\n                            <div class=\"details\">\n                    <h2>Ne nous croyez pas sur parole<\/h2>\n                <\/div>\n            \n            <div class=\"quotes quote-carousel-slider\" id=\"quote-carousel-slider\">\n                                        <div class=\"quote-wrapper\">\n                        \n                        <div class=\"quote-text\">\n                            <div class=\"text\">\n                                <div class=\"img\">\n                                    <svg xmlns=\"http:\/\/www.w3.org\/2000\/svg\" width=\"35\" height=\"23\" viewBox=\"0 0 35 23\">\n                                        <g fill=\"none\" fill-rule=\"evenodd\">\n                                            <g fill=\"#F9C900\" fill-rule=\"nonzero\">\n                                                <g>\n                                                    <path d=\"M8 7.077c-1.643 0-3.17.495-4.443 1.343 2.306-3.972 6.623-6.65 11.554-6.65.49 0 .889-.397.889-.885C16 .396 15.602 0 15.111 0 11.076 0 7.28 1.564 4.427 4.405 1.573 7.247 0 11.022 0 15.038 0 19.428 3.59 23 8 23s8-3.572 8-7.962c0-4.389-3.59-7.961-8-7.961zM34.111 0c.49 0 .889.396.889.885 0 .488-.398.884-.889.884-4.931 0-9.248 2.679-11.554 6.65 1.273-.847 2.8-1.342 4.443-1.342 4.41 0 8 3.572 8 7.961C35 19.428 31.41 23 27 23s-8-3.572-8-7.962c0-4.016 1.573-7.791 4.427-10.633C26.28 1.564 30.076 0 34.11 0zM8 8.846c3.431 0 6.222 2.778 6.222 6.192 0 3.415-2.79 6.193-6.222 6.193-3.431 0-6.222-2.778-6.222-6.193l.002-.159C1.865 11.54 4.622 8.846 8 8.846zm19 0c-3.378 0-6.135 2.693-6.22 6.033l-.002.16c0 3.414 2.79 6.192 6.222 6.192 3.431 0 6.222-2.778 6.222-6.193 0-3.414-2.79-6.192-6.222-6.192z\" transform=\"translate(-408 -3315) translate(408 3315)\"\/>\n                                                <\/g>\n                                            <\/g>\n                                        <\/g>\n                                    <\/svg>\n                                <\/div>\n                                <span>Le tutoriel interactif d'Ozmo \u00ab reste l'une de mes fonctionnalit\u00e9s pr\u00e9f\u00e9r\u00e9es, car il offre une repr\u00e9sentation visuelle, \u00e9tape par \u00e9tape, de la fonction \u00e0 laquelle vous voulez acc\u00e9der.<\/span>\n                        <\/div>                  \n                        <\/div>\n                        <div class=\"quote-attribution\">\n                            -Tom's Guide, \"The Best (and Worst) Phone Carrier Customer Support\"                        <\/div>\n                    <\/div>\n                                        <div class=\"quote-wrapper\">\n                        \n                        <div class=\"quote-text\">\n                            <div class=\"text\">\n                                <div class=\"img\">\n                                    <svg xmlns=\"http:\/\/www.w3.org\/2000\/svg\" width=\"35\" height=\"23\" viewBox=\"0 0 35 23\">\n                                        <g fill=\"none\" fill-rule=\"evenodd\">\n                                            <g fill=\"#F9C900\" fill-rule=\"nonzero\">\n                                                <g>\n                                                    <path d=\"M8 7.077c-1.643 0-3.17.495-4.443 1.343 2.306-3.972 6.623-6.65 11.554-6.65.49 0 .889-.397.889-.885C16 .396 15.602 0 15.111 0 11.076 0 7.28 1.564 4.427 4.405 1.573 7.247 0 11.022 0 15.038 0 19.428 3.59 23 8 23s8-3.572 8-7.962c0-4.389-3.59-7.961-8-7.961zM34.111 0c.49 0 .889.396.889.885 0 .488-.398.884-.889.884-4.931 0-9.248 2.679-11.554 6.65 1.273-.847 2.8-1.342 4.443-1.342 4.41 0 8 3.572 8 7.961C35 19.428 31.41 23 27 23s-8-3.572-8-7.962c0-4.016 1.573-7.791 4.427-10.633C26.28 1.564 30.076 0 34.11 0zM8 8.846c3.431 0 6.222 2.778 6.222 6.192 0 3.415-2.79 6.193-6.222 6.193-3.431 0-6.222-2.778-6.222-6.193l.002-.159C1.865 11.54 4.622 8.846 8 8.846zm19 0c-3.378 0-6.135 2.693-6.22 6.033l-.002.16c0 3.414 2.79 6.192 6.222 6.192 3.431 0 6.222-2.778 6.222-6.193 0-3.414-2.79-6.192-6.222-6.192z\" transform=\"translate(-408 -3315) translate(408 3315)\"\/>\n                                                <\/g>\n                                            <\/g>\n                                        <\/g>\n                                    <\/svg>\n                                <\/div>\n                                <span>C'est d'une grande aide. C'est un outil que j'utiliserais tous les jours. Cela facilitera grandement le d\u00e9pannage de mon c\u00f4t\u00e9.<\/span>\n                        <\/div>                  \n                        <\/div>\n                        <div class=\"quote-attribution\">\n                            -Rapports directs d'un agent du centre de contact                        <\/div>\n                    <\/div>\n                                        <div class=\"quote-wrapper\">\n                        \n                        <div class=\"quote-text\">\n                            <div class=\"text\">\n                                <div class=\"img\">\n                                    <svg xmlns=\"http:\/\/www.w3.org\/2000\/svg\" width=\"35\" height=\"23\" viewBox=\"0 0 35 23\">\n                                        <g fill=\"none\" fill-rule=\"evenodd\">\n                                            <g fill=\"#F9C900\" fill-rule=\"nonzero\">\n                                                <g>\n                                                    <path d=\"M8 7.077c-1.643 0-3.17.495-4.443 1.343 2.306-3.972 6.623-6.65 11.554-6.65.49 0 .889-.397.889-.885C16 .396 15.602 0 15.111 0 11.076 0 7.28 1.564 4.427 4.405 1.573 7.247 0 11.022 0 15.038 0 19.428 3.59 23 8 23s8-3.572 8-7.962c0-4.389-3.59-7.961-8-7.961zM34.111 0c.49 0 .889.396.889.885 0 .488-.398.884-.889.884-4.931 0-9.248 2.679-11.554 6.65 1.273-.847 2.8-1.342 4.443-1.342 4.41 0 8 3.572 8 7.961C35 19.428 31.41 23 27 23s-8-3.572-8-7.962c0-4.016 1.573-7.791 4.427-10.633C26.28 1.564 30.076 0 34.11 0zM8 8.846c3.431 0 6.222 2.778 6.222 6.192 0 3.415-2.79 6.193-6.222 6.193-3.431 0-6.222-2.778-6.222-6.193l.002-.159C1.865 11.54 4.622 8.846 8 8.846zm19 0c-3.378 0-6.135 2.693-6.22 6.033l-.002.16c0 3.414 2.79 6.192 6.222 6.192 3.431 0 6.222-2.778 6.222-6.193 0-3.414-2.79-6.192-6.222-6.192z\" transform=\"translate(-408 -3315) translate(408 3315)\"\/>\n                                                <\/g>\n                                            <\/g>\n                                        <\/g>\n                                    <\/svg>\n                                <\/div>\n                                <span>Facile \u00e0 utiliser, \u00e0 comprendre et \u00e0 naviguer. La courbe d'apprentissage est un d\u00e9fi pour ce nouveau t\u00e9l\u00e9phone et presque impossible sans le type d'informations que fournit Ozmo.<\/span>\n                        <\/div>                  \n                        <\/div>\n                        <div class=\"quote-attribution\">\n                            -Retour d'information direct d'un utilisateur du libre-service Ozmo                        <\/div>\n                    <\/div>\n                                        <div class=\"quote-wrapper\">\n                        \n                        <div class=\"quote-text\">\n                            <div class=\"text\">\n                                <div class=\"img\">\n                                    <svg xmlns=\"http:\/\/www.w3.org\/2000\/svg\" width=\"35\" height=\"23\" viewBox=\"0 0 35 23\">\n                                        <g fill=\"none\" fill-rule=\"evenodd\">\n                                            <g fill=\"#F9C900\" fill-rule=\"nonzero\">\n                                                <g>\n                                                    <path d=\"M8 7.077c-1.643 0-3.17.495-4.443 1.343 2.306-3.972 6.623-6.65 11.554-6.65.49 0 .889-.397.889-.885C16 .396 15.602 0 15.111 0 11.076 0 7.28 1.564 4.427 4.405 1.573 7.247 0 11.022 0 15.038 0 19.428 3.59 23 8 23s8-3.572 8-7.962c0-4.389-3.59-7.961-8-7.961zM34.111 0c.49 0 .889.396.889.885 0 .488-.398.884-.889.884-4.931 0-9.248 2.679-11.554 6.65 1.273-.847 2.8-1.342 4.443-1.342 4.41 0 8 3.572 8 7.961C35 19.428 31.41 23 27 23s-8-3.572-8-7.962c0-4.016 1.573-7.791 4.427-10.633C26.28 1.564 30.076 0 34.11 0zM8 8.846c3.431 0 6.222 2.778 6.222 6.192 0 3.415-2.79 6.193-6.222 6.193-3.431 0-6.222-2.778-6.222-6.193l.002-.159C1.865 11.54 4.622 8.846 8 8.846zm19 0c-3.378 0-6.135 2.693-6.22 6.033l-.002.16c0 3.414 2.79 6.192 6.222 6.192 3.431 0 6.222-2.778 6.222-6.193 0-3.414-2.79-6.192-6.222-6.192z\" transform=\"translate(-408 -3315) translate(408 3315)\"\/>\n                                                <\/g>\n                                            <\/g>\n                                        <\/g>\n                                    <\/svg>\n                                <\/div>\n                                <span>Cet outil est parfait. Il donne au client plus de confiance dans le fait que nous savons exactement ce que nous faisons.<\/span>\n                        <\/div>                  \n                        <\/div>\n                        <div class=\"quote-attribution\">\n                            -Retour d'information direct d'un agent de centre de contact                        <\/div>\n                    <\/div>\n                                <\/div>\n        <\/div>\n        \n<\/div>\n\n\n<div class=\"section cta-block gradient-background ozmo-blue gradient-01\">\n  <div class=\"container\">\n          <h2 class=\"cta-heading\">Voulez-vous voir la plate-forme Ozmo par vous-m\u00eame?<\/h2>\n        <p class=\"cta-text\"><\/p>\n    <div class=\"cta-button-wrapper\">\n      <a target=\"_self\" href=\"https:\/\/ozmo.com\/fr\/demander-une-demo\/\" >\n        <div tabindex=\"0\" class=\"button primary secondary hero-cta-button\">\n          <div>\n            <span>Demander une d\u00e9mo<\/span>\n          <\/div>\n        <\/div>\n      <\/a>\n    <\/div>\n  <\/div>\n<\/div>","protected":false},"excerpt":{"rendered":"","protected":false},"author":5,"featured_media":0,"parent":0,"menu_order":0,"comment_status":"closed","ping_status":"closed","template":"","meta":{"_acf_changed":false,"footnotes":""},"class_list":["post-2839","page","type-page","status-publish","hentry"],"acf":[],"yoast_head":"<!-- This site is optimized with the Yoast SEO plugin v27.3 - https:\/\/yoast.com\/product\/yoast-seo-wordpress\/ -->\n<title>Pourquoi Ozmo ? - Ozmo<\/title>\n<meta name=\"robots\" content=\"index, follow, max-snippet:-1, max-image-preview:large, max-video-preview:-1\" \/>\n<link rel=\"canonical\" href=\"https:\/\/ozmo.com\/fr\/pourquoi-ozmo\/\" \/>\n<meta property=\"og:locale\" content=\"fr_FR\" \/>\n<meta property=\"og:type\" content=\"article\" \/>\n<meta property=\"og:title\" content=\"Pourquoi Ozmo ? - Ozmo\" \/>\n<meta property=\"og:url\" content=\"https:\/\/ozmo.com\/fr\/pourquoi-ozmo\/\" \/>\n<meta property=\"og:site_name\" content=\"Ozmo\" \/>\n<meta property=\"article:modified_time\" content=\"2021-10-22T18:05:11+00:00\" \/>\n<meta property=\"og:image\" content=\"https:\/\/ozmo.com\/wp-content\/uploads\/2021\/02\/Ozmo2-01.png\" \/>\n<meta name=\"twitter:card\" content=\"summary_large_image\" \/>\n<meta name=\"twitter:image\" content=\"https:\/\/ozmo.com\/wp-content\/uploads\/2021\/02\/Ozmo2-01.png\" \/>\n<script type=\"application\/ld+json\" class=\"yoast-schema-graph\">{\"@context\":\"https:\\\/\\\/schema.org\",\"@graph\":[{\"@type\":\"WebPage\",\"@id\":\"https:\\\/\\\/ozmo.com\\\/fr\\\/pourquoi-ozmo\\\/\",\"url\":\"https:\\\/\\\/ozmo.com\\\/fr\\\/pourquoi-ozmo\\\/\",\"name\":\"Pourquoi Ozmo ? - Ozmo\",\"isPartOf\":{\"@id\":\"https:\\\/\\\/ozmo.com\\\/fr\\\/#website\"},\"datePublished\":\"2021-02-02T21:57:42+00:00\",\"dateModified\":\"2021-10-22T18:05:11+00:00\",\"breadcrumb\":{\"@id\":\"https:\\\/\\\/ozmo.com\\\/fr\\\/pourquoi-ozmo\\\/#breadcrumb\"},\"inLanguage\":\"fr-FR\",\"potentialAction\":[{\"@type\":\"ReadAction\",\"target\":[\"https:\\\/\\\/ozmo.com\\\/fr\\\/pourquoi-ozmo\\\/\"]}]},{\"@type\":\"BreadcrumbList\",\"@id\":\"https:\\\/\\\/ozmo.com\\\/fr\\\/pourquoi-ozmo\\\/#breadcrumb\",\"itemListElement\":[{\"@type\":\"ListItem\",\"position\":1,\"name\":\"Home\",\"item\":\"https:\\\/\\\/ozmo.com\\\/fr\\\/\"},{\"@type\":\"ListItem\",\"position\":2,\"name\":\"Pourquoi Ozmo ?\"}]},{\"@type\":\"WebSite\",\"@id\":\"https:\\\/\\\/ozmo.com\\\/fr\\\/#website\",\"url\":\"https:\\\/\\\/ozmo.com\\\/fr\\\/\",\"name\":\"Ozmo\",\"description\":\"Ozmo makes complex tech support simple with a support platform that helps enterprises and their consumers solve any app, device or software issue.\",\"publisher\":{\"@id\":\"https:\\\/\\\/ozmo.com\\\/fr\\\/#organization\"},\"potentialAction\":[{\"@type\":\"SearchAction\",\"target\":{\"@type\":\"EntryPoint\",\"urlTemplate\":\"https:\\\/\\\/ozmo.com\\\/fr\\\/?s={search_term_string}\"},\"query-input\":{\"@type\":\"PropertyValueSpecification\",\"valueRequired\":true,\"valueName\":\"search_term_string\"}}],\"inLanguage\":\"fr-FR\"},{\"@type\":\"Organization\",\"@id\":\"https:\\\/\\\/ozmo.com\\\/fr\\\/#organization\",\"name\":\"Ozmo\",\"url\":\"https:\\\/\\\/ozmo.com\\\/fr\\\/\",\"logo\":{\"@type\":\"ImageObject\",\"inLanguage\":\"fr-FR\",\"@id\":\"https:\\\/\\\/ozmo.com\\\/fr\\\/#\\\/schema\\\/logo\\\/image\\\/\",\"url\":\"https:\\\/\\\/ozmo.com\\\/wp-content\\\/uploads\\\/2021\\\/01\\\/Ozmo_logo.png\",\"contentUrl\":\"https:\\\/\\\/ozmo.com\\\/wp-content\\\/uploads\\\/2021\\\/01\\\/Ozmo_logo.png\",\"width\":710,\"height\":172,\"caption\":\"Ozmo\"},\"image\":{\"@id\":\"https:\\\/\\\/ozmo.com\\\/fr\\\/#\\\/schema\\\/logo\\\/image\\\/\"}}]}<\/script>\n<!-- \/ Yoast SEO plugin. -->","yoast_head_json":{"title":"Pourquoi Ozmo ? - Ozmo","robots":{"index":"index","follow":"follow","max-snippet":"max-snippet:-1","max-image-preview":"max-image-preview:large","max-video-preview":"max-video-preview:-1"},"canonical":"https:\/\/ozmo.com\/fr\/pourquoi-ozmo\/","og_locale":"fr_FR","og_type":"article","og_title":"Pourquoi Ozmo ? - Ozmo","og_url":"https:\/\/ozmo.com\/fr\/pourquoi-ozmo\/","og_site_name":"Ozmo","article_modified_time":"2021-10-22T18:05:11+00:00","og_image":[{"url":"https:\/\/ozmo.com\/wp-content\/uploads\/2021\/02\/Ozmo2-01.png","type":"","width":"","height":""}],"twitter_card":"summary_large_image","twitter_image":"https:\/\/ozmo.com\/wp-content\/uploads\/2021\/02\/Ozmo2-01.png","schema":{"@context":"https:\/\/schema.org","@graph":[{"@type":"WebPage","@id":"https:\/\/ozmo.com\/fr\/pourquoi-ozmo\/","url":"https:\/\/ozmo.com\/fr\/pourquoi-ozmo\/","name":"Pourquoi Ozmo ? - Ozmo","isPartOf":{"@id":"https:\/\/ozmo.com\/fr\/#website"},"datePublished":"2021-02-02T21:57:42+00:00","dateModified":"2021-10-22T18:05:11+00:00","breadcrumb":{"@id":"https:\/\/ozmo.com\/fr\/pourquoi-ozmo\/#breadcrumb"},"inLanguage":"fr-FR","potentialAction":[{"@type":"ReadAction","target":["https:\/\/ozmo.com\/fr\/pourquoi-ozmo\/"]}]},{"@type":"BreadcrumbList","@id":"https:\/\/ozmo.com\/fr\/pourquoi-ozmo\/#breadcrumb","itemListElement":[{"@type":"ListItem","position":1,"name":"Home","item":"https:\/\/ozmo.com\/fr\/"},{"@type":"ListItem","position":2,"name":"Pourquoi Ozmo ?"}]},{"@type":"WebSite","@id":"https:\/\/ozmo.com\/fr\/#website","url":"https:\/\/ozmo.com\/fr\/","name":"Ozmo","description":"Ozmo makes complex tech support simple with a support platform that helps enterprises and their consumers solve any app, device or software issue.","publisher":{"@id":"https:\/\/ozmo.com\/fr\/#organization"},"potentialAction":[{"@type":"SearchAction","target":{"@type":"EntryPoint","urlTemplate":"https:\/\/ozmo.com\/fr\/?s={search_term_string}"},"query-input":{"@type":"PropertyValueSpecification","valueRequired":true,"valueName":"search_term_string"}}],"inLanguage":"fr-FR"},{"@type":"Organization","@id":"https:\/\/ozmo.com\/fr\/#organization","name":"Ozmo","url":"https:\/\/ozmo.com\/fr\/","logo":{"@type":"ImageObject","inLanguage":"fr-FR","@id":"https:\/\/ozmo.com\/fr\/#\/schema\/logo\/image\/","url":"https:\/\/ozmo.com\/wp-content\/uploads\/2021\/01\/Ozmo_logo.png","contentUrl":"https:\/\/ozmo.com\/wp-content\/uploads\/2021\/01\/Ozmo_logo.png","width":710,"height":172,"caption":"Ozmo"},"image":{"@id":"https:\/\/ozmo.com\/fr\/#\/schema\/logo\/image\/"}}]}},"_links":{"self":[{"href":"https:\/\/ozmo.com\/fr\/wp-json\/wp\/v2\/pages\/2839","targetHints":{"allow":["GET"]}}],"collection":[{"href":"https:\/\/ozmo.com\/fr\/wp-json\/wp\/v2\/pages"}],"about":[{"href":"https:\/\/ozmo.com\/fr\/wp-json\/wp\/v2\/types\/page"}],"author":[{"embeddable":true,"href":"https:\/\/ozmo.com\/fr\/wp-json\/wp\/v2\/users\/5"}],"replies":[{"embeddable":true,"href":"https:\/\/ozmo.com\/fr\/wp-json\/wp\/v2\/comments?post=2839"}],"version-history":[{"count":10,"href":"https:\/\/ozmo.com\/fr\/wp-json\/wp\/v2\/pages\/2839\/revisions"}],"predecessor-version":[{"id":7395,"href":"https:\/\/ozmo.com\/fr\/wp-json\/wp\/v2\/pages\/2839\/revisions\/7395"}],"wp:attachment":[{"href":"https:\/\/ozmo.com\/fr\/wp-json\/wp\/v2\/media?parent=2839"}],"curies":[{"name":"wp","href":"https:\/\/api.w.org\/{rel}","templated":true}]}}