{"id":2835,"date":"2021-02-02T14:58:49","date_gmt":"2021-02-02T19:58:49","guid":{"rendered":"https:\/\/ozmo.com\/?page_id=2835"},"modified":"2021-10-22T14:01:19","modified_gmt":"2021-10-22T18:01:19","slug":"compagnies-assurance-des-appareils","status":"publish","type":"page","link":"https:\/\/ozmo.com\/fr\/les-domaines-ozmo\/compagnies-assurance-des-appareils\/","title":{"rendered":"Compagnies d&#8217;assurance des appareils"},"content":{"rendered":" \n<div class=\"hero-wrapper   gradient-background ozmo-blue gradient-02 short\">\n  <div class=\"hero-content-wrapper left\">\n    <h2 class=\"hero-title\">Ozmo pour les compagnies d'assurance d'appareils<\/h2>\n          <h3 class=\"hero-subtitle\">Offrez la meilleure exp\u00e9rience d'assistance possible \u00e0 vos clients<\/h3>\n                  <div class=\"button-wrapper\">\n        <a target=\"_self\" href=\"https:\/\/ozmo.com\/fr\/demander-une-demo\/\">\n          <div tabindex=\"0\" class=\"button secondary  secondary hero-cta-button\">\n            <div>\n              <span>Demander une d\u00e9mo<\/span>\n            <\/div>\n          <\/div>\n        <\/a>\n      <\/div>\n      <\/div>\n  <\/div>\n\n<div id=\"paragraph-block_600b5ffab9daf\" class=\"section paragraph-block alignfull ozmo-white-background\">\n\n        <div class=\"paragraph-container\">\n\n            <p><span style=\"font-weight: 400;\">Les compagnies d&#8217;assurance ont besoin de solutions pour les aider \u00e0 d\u00e9velopper leur activit\u00e9, \u00e0 am\u00e9liorer la qualit\u00e9 de leur service client\u00e8le et \u00e0 r\u00e9duire les sinistres<\/span><span style=\"font-weight: 400;\">.<\/span><span style=\"font-weight: 400;\"> Gr\u00e2ce aux solutions d&#8217;Ozmo, les compagnies d&#8217;assurance disposent des outils n\u00e9cessaires pour offrir une exp\u00e9rience ultime centr\u00e9e sur le client. Il est essentiel pour votre entreprise d&#8217;avoir la capacit\u00e9 de maintenir et d&#8217;accro\u00eetre la fid\u00e9lit\u00e9 des clients. La plate-forme d&#8217;Ozmo offre l&#8217;expertise n\u00e9cessaire pour vous aider \u00e0 proposer la meilleure exp\u00e9rience de service \u00e0 la client\u00e8le haut de gamme de sa cat\u00e9gorie. R\u00e9duisez les processus manuels et am\u00e9liorez votre offre pour obtenir davantage de contrats d&#8217;entreprise et mieux servir les clients qui<\/span><span style=\"font-weight: 400;\"> attendent de votre entreprise un soutien<\/span><span style=\"font-weight: 400;\"> de premier ordre. Avec Ozmo, vous pouvez vous attendre \u00e0 ce que votre entreprise acqui\u00e8re de nouvelles capacit\u00e9s pour am\u00e9liorer la satisfaction client qui va au-del\u00e0 de la concurrence.\u00a0<\/span><\/p>\n\n        <\/div>\n        \n<\/div>\n\n<style type=\"text\/css\">\n\n\n\n<\/style>\n\n<\/div>\n\n<div id=\"horizontal-media-block_5ff0bdffc9cc3\" class=\"section media-block horizontal-media-block alignfull ozmo-white-background\">\n\n    <div class=\"container-fluid full-width\">\n        <h2>Principaux avantages pour les compagnies d'assurance<\/h2>        <div class=\"elements\">\n                            <div class=\"element product-media-block right\">\n                    <figure class=\"product-image right image-size-large\">\n                        <img loading=\"lazy\" decoding=\"async\" width=\"480\" height=\"480\" src=\"https:\/\/ozmo.com\/wp-content\/uploads\/2021\/01\/Insurance-01.png\" class=\"attachment-media-horizontal-image-large size-media-horizontal-image-large\" alt=\"\" srcset=\"https:\/\/ozmo.com\/wp-content\/uploads\/2021\/01\/Insurance-01.png 1667w, https:\/\/ozmo.com\/wp-content\/uploads\/2021\/01\/Insurance-01-300x300.png 300w, https:\/\/ozmo.com\/wp-content\/uploads\/2021\/01\/Insurance-01-1024x1024.png 1024w, https:\/\/ozmo.com\/wp-content\/uploads\/2021\/01\/Insurance-01-150x150.png 150w, https:\/\/ozmo.com\/wp-content\/uploads\/2021\/01\/Insurance-01-768x768.png 768w, https:\/\/ozmo.com\/wp-content\/uploads\/2021\/01\/Insurance-01-1536x1536.png 1536w, https:\/\/ozmo.com\/wp-content\/uploads\/2021\/01\/Insurance-01-1280x1281.png 1280w\" sizes=\"auto, (max-width: 480px) 100vw, 480px\" \/>                    <\/figure>\n                    <div class=\"text right\">\n                            <div class=\"heading\">\n                                <h3>R\u00e9duire les r\u00e9clamations d'assurance <\/h3>                                                            <\/div>\n                            <div class=\"body-text\"><p>Ce qui distingue les compagnies d&#8217;assurance d&#8217;appareils, c&#8217;est l&#8217;attention port\u00e9e au service personnalis\u00e9 \u00e0 la client\u00e8le. La plate-forme d&#8217;Ozmo offre des interactions de support transparentes tout en r\u00e9duisant le nombre de r\u00e9clamations d&#8217;assurance en fournissant des r\u00e9ponses actualis\u00e9es sur tous les appareils, applications et services. Sachez que vous disposez des outils n\u00e9cessaires pour r\u00e9pondre \u00e0 toutes les questions tout au long du parcours du client. Des demandes les plus simples aux plus complexes, la plateforme d&#8217;Ozmo a les r\u00e9ponses. <\/p>\n<\/div>\n                                                <\/div>\n                <\/div>\n                            <div class=\"element product-media-block left\">\n                    <figure class=\"product-image left image-size-large\">\n                        <img loading=\"lazy\" decoding=\"async\" width=\"480\" height=\"480\" src=\"https:\/\/ozmo.com\/wp-content\/uploads\/2021\/01\/Insurance-02-1.png\" class=\"attachment-media-horizontal-image-large size-media-horizontal-image-large\" alt=\"\" srcset=\"https:\/\/ozmo.com\/wp-content\/uploads\/2021\/01\/Insurance-02-1.png 1668w, https:\/\/ozmo.com\/wp-content\/uploads\/2021\/01\/Insurance-02-1-300x300.png 300w, https:\/\/ozmo.com\/wp-content\/uploads\/2021\/01\/Insurance-02-1-1024x1024.png 1024w, https:\/\/ozmo.com\/wp-content\/uploads\/2021\/01\/Insurance-02-1-150x150.png 150w, https:\/\/ozmo.com\/wp-content\/uploads\/2021\/01\/Insurance-02-1-768x768.png 768w, https:\/\/ozmo.com\/wp-content\/uploads\/2021\/01\/Insurance-02-1-1536x1536.png 1536w, https:\/\/ozmo.com\/wp-content\/uploads\/2021\/01\/Insurance-02-1-1280x1280.png 1280w\" sizes=\"auto, (max-width: 480px) 100vw, 480px\" \/>                    <\/figure>\n                    <div class=\"text left\">\n                            <div class=\"heading\">\n                                <h3>Avantage concurrentiel <\/h3>                                                            <\/div>\n                            <div class=\"body-text\"><p>Obtenez un avantage concurrentiel gr\u00e2ce \u00e0 notre plateforme omnicanal. Nos capacit\u00e9s tout-en-un fournissent les outils n\u00e9cessaires pour constituer une \u00e9quipe d&#8217;agents comp\u00e9tents pr\u00eats \u00e0 r\u00e9pondre \u00e0 toute demande de renseignements et des outils d&#8217;auto-assistance pour les clients qui pr\u00e9f\u00e8rent r\u00e9soudre leurs probl\u00e8mes par eux-m\u00eames. \u00c9largissez votre offre d&#8217;exp\u00e9rience client avec la plateforme Ozmo pour gagner plus d&#8217;affaires.<\/p>\n<\/div>\n                                                <\/div>\n                <\/div>\n                            <div class=\"element product-media-block right\">\n                    <figure class=\"product-image right image-size-large\">\n                        <img loading=\"lazy\" decoding=\"async\" width=\"480\" height=\"480\" src=\"https:\/\/ozmo.com\/wp-content\/uploads\/2021\/01\/Insurance-03.png\" class=\"attachment-media-horizontal-image-large size-media-horizontal-image-large\" alt=\"\" srcset=\"https:\/\/ozmo.com\/wp-content\/uploads\/2021\/01\/Insurance-03.png 1667w, https:\/\/ozmo.com\/wp-content\/uploads\/2021\/01\/Insurance-03-300x300.png 300w, https:\/\/ozmo.com\/wp-content\/uploads\/2021\/01\/Insurance-03-1024x1024.png 1024w, https:\/\/ozmo.com\/wp-content\/uploads\/2021\/01\/Insurance-03-150x150.png 150w, https:\/\/ozmo.com\/wp-content\/uploads\/2021\/01\/Insurance-03-768x768.png 768w, https:\/\/ozmo.com\/wp-content\/uploads\/2021\/01\/Insurance-03-1536x1536.png 1536w, https:\/\/ozmo.com\/wp-content\/uploads\/2021\/01\/Insurance-03-1280x1281.png 1280w\" sizes=\"auto, (max-width: 480px) 100vw, 480px\" \/>                    <\/figure>\n                    <div class=\"text right\">\n                            <div class=\"heading\">\n                                <h3> La meilleure exp\u00e9rience d'assistance<\/h3>                                                            <\/div>\n                            <div class=\"body-text\"><p>Pour les clients, la protection compl\u00e8te des appareils est ce qui fait que l&#8217;assurance vaille la d\u00e9pense suppl\u00e9mentaire. Nous comprenons l&#8217;importance de la satisfaction du client et sommes l\u00e0 pour faire en sorte que le service client\u00e8le haut de gamme soit in\u00e9gal\u00e9. En utilisant la plateforme d&#8217;Ozmo, votre base d&#8217;utilisateurs peut s&#8217;attendre \u00e0 une assistance d&#8217;excellence qui garantit une r\u00e9solution au premier contact et un Taux de Recommandation Net constamment \u00e9lev\u00e9. <\/p>\n<\/div>\n                                                <\/div>\n                <\/div>\n                    <\/div>\n    <\/div>\n\n    <style type=\"text\/css\">\n    <\/style>\n<\/div>\n\n\n<div class=\"section cta-block shape-background teal-to-blue-o\">\n  <div class=\"container\">\n          <h2 class=\"cta-heading\">Solutions pour les compagnies d'assurance<\/h2>\n        <p class=\"cta-text\">En savoir plus sur la fa\u00e7on dont Ozmo aide les compagnies d'assurance d'appareils. Que votre entreprise soit int\u00e9ress\u00e9e par le support assist\u00e9, l'auto-assistance ou l'adoption de services, notre plateforme omnicanal est \u00e9quip\u00e9e pour tout g\u00e9rer. <\/p>\n    <div class=\"cta-button-wrapper\">\n      <a target=\"_self\" href=\"https:\/\/ozmo.com\/fr\/les-solutions-ozmo\/\" >\n        <div tabindex=\"0\" class=\"button primary secondary hero-cta-button\">\n          <div>\n            <span>Voir les solutions pour les compagnies d'assurances<\/span>\n          <\/div>\n        <\/div>\n      <\/a>\n    <\/div>\n  <\/div>\n<\/div>","protected":false},"excerpt":{"rendered":"","protected":false},"author":5,"featured_media":0,"parent":2821,"menu_order":0,"comment_status":"closed","ping_status":"closed","template":"","meta":{"_acf_changed":false,"footnotes":""},"class_list":["post-2835","page","type-page","status-publish","hentry"],"acf":[],"yoast_head":"<!-- This site is optimized with the Yoast SEO plugin v27.3 - https:\/\/yoast.com\/product\/yoast-seo-wordpress\/ -->\n<title>Compagnies d&#039;assurance des appareils - Ozmo<\/title>\n<meta name=\"robots\" content=\"index, follow, max-snippet:-1, max-image-preview:large, max-video-preview:-1\" \/>\n<link rel=\"canonical\" href=\"https:\/\/ozmo.com\/fr\/les-domaines-ozmo\/compagnies-assurance-des-appareils\/\" \/>\n<meta property=\"og:locale\" content=\"fr_FR\" \/>\n<meta property=\"og:type\" content=\"article\" \/>\n<meta property=\"og:title\" content=\"Compagnies d&#039;assurance des appareils - Ozmo\" \/>\n<meta property=\"og:url\" content=\"https:\/\/ozmo.com\/fr\/les-domaines-ozmo\/compagnies-assurance-des-appareils\/\" \/>\n<meta property=\"og:site_name\" content=\"Ozmo\" \/>\n<meta property=\"article:modified_time\" content=\"2021-10-22T18:01:19+00:00\" \/>\n<meta property=\"og:image\" content=\"https:\/\/ozmo.com\/wp-content\/uploads\/2021\/02\/TechInsurance_Ozmo-01.png\" \/>\n<meta name=\"twitter:card\" content=\"summary_large_image\" \/>\n<meta name=\"twitter:image\" content=\"https:\/\/ozmo.com\/wp-content\/uploads\/2021\/02\/TechInsurance_Ozmo-01.png\" \/>\n<script type=\"application\/ld+json\" class=\"yoast-schema-graph\">{\"@context\":\"https:\\\/\\\/schema.org\",\"@graph\":[{\"@type\":\"WebPage\",\"@id\":\"https:\\\/\\\/ozmo.com\\\/fr\\\/les-domaines-ozmo\\\/compagnies-assurance-des-appareils\\\/\",\"url\":\"https:\\\/\\\/ozmo.com\\\/fr\\\/les-domaines-ozmo\\\/compagnies-assurance-des-appareils\\\/\",\"name\":\"Compagnies d'assurance des appareils - Ozmo\",\"isPartOf\":{\"@id\":\"https:\\\/\\\/ozmo.com\\\/fr\\\/#website\"},\"datePublished\":\"2021-02-02T19:58:49+00:00\",\"dateModified\":\"2021-10-22T18:01:19+00:00\",\"breadcrumb\":{\"@id\":\"https:\\\/\\\/ozmo.com\\\/fr\\\/les-domaines-ozmo\\\/compagnies-assurance-des-appareils\\\/#breadcrumb\"},\"inLanguage\":\"fr-FR\",\"potentialAction\":[{\"@type\":\"ReadAction\",\"target\":[\"https:\\\/\\\/ozmo.com\\\/fr\\\/les-domaines-ozmo\\\/compagnies-assurance-des-appareils\\\/\"]}]},{\"@type\":\"BreadcrumbList\",\"@id\":\"https:\\\/\\\/ozmo.com\\\/fr\\\/les-domaines-ozmo\\\/compagnies-assurance-des-appareils\\\/#breadcrumb\",\"itemListElement\":[{\"@type\":\"ListItem\",\"position\":1,\"name\":\"Home\",\"item\":\"https:\\\/\\\/ozmo.com\\\/fr\\\/\"},{\"@type\":\"ListItem\",\"position\":2,\"name\":\"Les domaines Ozmo\",\"item\":\"http:\\\/\\\/ozmo.com\\\/fr\\\/industries\\\/\"},{\"@type\":\"ListItem\",\"position\":3,\"name\":\"Compagnies d&#8217;assurance des appareils\"}]},{\"@type\":\"WebSite\",\"@id\":\"https:\\\/\\\/ozmo.com\\\/fr\\\/#website\",\"url\":\"https:\\\/\\\/ozmo.com\\\/fr\\\/\",\"name\":\"Ozmo\",\"description\":\"Ozmo makes complex tech support simple with a support platform that helps enterprises and their consumers solve any app, device or software issue.\",\"publisher\":{\"@id\":\"https:\\\/\\\/ozmo.com\\\/fr\\\/#organization\"},\"potentialAction\":[{\"@type\":\"SearchAction\",\"target\":{\"@type\":\"EntryPoint\",\"urlTemplate\":\"https:\\\/\\\/ozmo.com\\\/fr\\\/?s={search_term_string}\"},\"query-input\":{\"@type\":\"PropertyValueSpecification\",\"valueRequired\":true,\"valueName\":\"search_term_string\"}}],\"inLanguage\":\"fr-FR\"},{\"@type\":\"Organization\",\"@id\":\"https:\\\/\\\/ozmo.com\\\/fr\\\/#organization\",\"name\":\"Ozmo\",\"url\":\"https:\\\/\\\/ozmo.com\\\/fr\\\/\",\"logo\":{\"@type\":\"ImageObject\",\"inLanguage\":\"fr-FR\",\"@id\":\"https:\\\/\\\/ozmo.com\\\/fr\\\/#\\\/schema\\\/logo\\\/image\\\/\",\"url\":\"https:\\\/\\\/ozmo.com\\\/wp-content\\\/uploads\\\/2021\\\/01\\\/Ozmo_logo.png\",\"contentUrl\":\"https:\\\/\\\/ozmo.com\\\/wp-content\\\/uploads\\\/2021\\\/01\\\/Ozmo_logo.png\",\"width\":710,\"height\":172,\"caption\":\"Ozmo\"},\"image\":{\"@id\":\"https:\\\/\\\/ozmo.com\\\/fr\\\/#\\\/schema\\\/logo\\\/image\\\/\"}}]}<\/script>\n<!-- \/ Yoast SEO plugin. -->","yoast_head_json":{"title":"Compagnies d'assurance des appareils - Ozmo","robots":{"index":"index","follow":"follow","max-snippet":"max-snippet:-1","max-image-preview":"max-image-preview:large","max-video-preview":"max-video-preview:-1"},"canonical":"https:\/\/ozmo.com\/fr\/les-domaines-ozmo\/compagnies-assurance-des-appareils\/","og_locale":"fr_FR","og_type":"article","og_title":"Compagnies d'assurance des appareils - Ozmo","og_url":"https:\/\/ozmo.com\/fr\/les-domaines-ozmo\/compagnies-assurance-des-appareils\/","og_site_name":"Ozmo","article_modified_time":"2021-10-22T18:01:19+00:00","og_image":[{"url":"https:\/\/ozmo.com\/wp-content\/uploads\/2021\/02\/TechInsurance_Ozmo-01.png","type":"","width":"","height":""}],"twitter_card":"summary_large_image","twitter_image":"https:\/\/ozmo.com\/wp-content\/uploads\/2021\/02\/TechInsurance_Ozmo-01.png","schema":{"@context":"https:\/\/schema.org","@graph":[{"@type":"WebPage","@id":"https:\/\/ozmo.com\/fr\/les-domaines-ozmo\/compagnies-assurance-des-appareils\/","url":"https:\/\/ozmo.com\/fr\/les-domaines-ozmo\/compagnies-assurance-des-appareils\/","name":"Compagnies d'assurance des appareils - Ozmo","isPartOf":{"@id":"https:\/\/ozmo.com\/fr\/#website"},"datePublished":"2021-02-02T19:58:49+00:00","dateModified":"2021-10-22T18:01:19+00:00","breadcrumb":{"@id":"https:\/\/ozmo.com\/fr\/les-domaines-ozmo\/compagnies-assurance-des-appareils\/#breadcrumb"},"inLanguage":"fr-FR","potentialAction":[{"@type":"ReadAction","target":["https:\/\/ozmo.com\/fr\/les-domaines-ozmo\/compagnies-assurance-des-appareils\/"]}]},{"@type":"BreadcrumbList","@id":"https:\/\/ozmo.com\/fr\/les-domaines-ozmo\/compagnies-assurance-des-appareils\/#breadcrumb","itemListElement":[{"@type":"ListItem","position":1,"name":"Home","item":"https:\/\/ozmo.com\/fr\/"},{"@type":"ListItem","position":2,"name":"Les domaines Ozmo","item":"http:\/\/ozmo.com\/fr\/industries\/"},{"@type":"ListItem","position":3,"name":"Compagnies d&#8217;assurance des appareils"}]},{"@type":"WebSite","@id":"https:\/\/ozmo.com\/fr\/#website","url":"https:\/\/ozmo.com\/fr\/","name":"Ozmo","description":"Ozmo makes complex tech support simple with a support platform that helps enterprises and their consumers solve any app, device or software issue.","publisher":{"@id":"https:\/\/ozmo.com\/fr\/#organization"},"potentialAction":[{"@type":"SearchAction","target":{"@type":"EntryPoint","urlTemplate":"https:\/\/ozmo.com\/fr\/?s={search_term_string}"},"query-input":{"@type":"PropertyValueSpecification","valueRequired":true,"valueName":"search_term_string"}}],"inLanguage":"fr-FR"},{"@type":"Organization","@id":"https:\/\/ozmo.com\/fr\/#organization","name":"Ozmo","url":"https:\/\/ozmo.com\/fr\/","logo":{"@type":"ImageObject","inLanguage":"fr-FR","@id":"https:\/\/ozmo.com\/fr\/#\/schema\/logo\/image\/","url":"https:\/\/ozmo.com\/wp-content\/uploads\/2021\/01\/Ozmo_logo.png","contentUrl":"https:\/\/ozmo.com\/wp-content\/uploads\/2021\/01\/Ozmo_logo.png","width":710,"height":172,"caption":"Ozmo"},"image":{"@id":"https:\/\/ozmo.com\/fr\/#\/schema\/logo\/image\/"}}]}},"_links":{"self":[{"href":"https:\/\/ozmo.com\/fr\/wp-json\/wp\/v2\/pages\/2835","targetHints":{"allow":["GET"]}}],"collection":[{"href":"https:\/\/ozmo.com\/fr\/wp-json\/wp\/v2\/pages"}],"about":[{"href":"https:\/\/ozmo.com\/fr\/wp-json\/wp\/v2\/types\/page"}],"author":[{"embeddable":true,"href":"https:\/\/ozmo.com\/fr\/wp-json\/wp\/v2\/users\/5"}],"replies":[{"embeddable":true,"href":"https:\/\/ozmo.com\/fr\/wp-json\/wp\/v2\/comments?post=2835"}],"version-history":[{"count":13,"href":"https:\/\/ozmo.com\/fr\/wp-json\/wp\/v2\/pages\/2835\/revisions"}],"predecessor-version":[{"id":7380,"href":"https:\/\/ozmo.com\/fr\/wp-json\/wp\/v2\/pages\/2835\/revisions\/7380"}],"up":[{"embeddable":true,"href":"https:\/\/ozmo.com\/fr\/wp-json\/wp\/v2\/pages\/2821"}],"wp:attachment":[{"href":"https:\/\/ozmo.com\/fr\/wp-json\/wp\/v2\/media?parent=2835"}],"curies":[{"name":"wp","href":"https:\/\/api.w.org\/{rel}","templated":true}]}}