{"id":2831,"date":"2021-02-02T14:54:47","date_gmt":"2021-02-02T19:54:47","guid":{"rendered":"https:\/\/ozmo.com\/?page_id=2831"},"modified":"2021-10-22T14:02:05","modified_gmt":"2021-10-22T18:02:05","slug":"fabricants-appareil-intelligents","status":"publish","type":"page","link":"https:\/\/ozmo.com\/fr\/les-domaines-ozmo\/fabricants-appareil-intelligents\/","title":{"rendered":"Les fabricants d&#8217;appareils intelligents"},"content":{"rendered":" \n<div class=\"hero-wrapper   gradient-background ozmo-blue gradient-02 short\">\n  <div class=\"hero-content-wrapper left\">\n    <h2 class=\"hero-title\">Ozmo pour les fabricants d'appareils intelligents<\/h2>\n          <h3 class=\"hero-subtitle\">Fid\u00e9liser et satisfaire les clients avec Ozmo<\/h3>\n                  <div class=\"button-wrapper\">\n        <a target=\"_self\" href=\"https:\/\/ozmo.com\/fr\/demander-une-demo\/\">\n          <div tabindex=\"0\" class=\"button secondary  secondary hero-cta-button\">\n            <div>\n              <span>Demander une d\u00e9mo<\/span>\n            <\/div>\n          <\/div>\n        <\/a>\n      <\/div>\n      <\/div>\n  <\/div>\n\n\n<p><br>Avec l'expansion constante du paysage des appareils connect\u00e9s, le besoin de solutions d'assistance technique compl\u00e8tes est \u00e9vident. La plateforme de r\u00e9ponses robustes d'Ozmo est \u00e9quip\u00e9e pour r\u00e9pondre aux questions de vos clients sur vos produits, applications et services et sur les \u00e9cosyst\u00e8mes dans lesquels ils \u00e9voluent. Fid\u00e9lisez votre marque et am\u00e9liorez la satisfaction de vos clients gr\u00e2ce \u00e0 des r\u00e9ponses toujours actualis\u00e9es qui r\u00e9pondent \u00e0 vos clients dans leurs canaux pr\u00e9f\u00e9r\u00e9s, qu'il s'agisse de libre-service ou d'assistance. Permettez aux clients de tirer le meilleur parti de vos produits gr\u00e2ce \u00e0 une exp\u00e9rience d'embarquement sans friction. L'objectif d'Ozmo est de faire en sorte que chaque interaction avec vos clients tout au long de leur voyage, quel que soit le canal, soit une exp\u00e9rience client positive.<\/p>\n\n\n<div id=\"horizontal-media-block_5ff0b9f361446\" class=\"section media-block horizontal-media-block alignfull ozmo-white-background\">\n\n    <div class=\"container-fluid full-width\">\n        <h2>Principaux avantages pour les fabricants d'appareils intelligents<\/h2>        <div class=\"elements\">\n                            <div class=\"element product-media-block left\">\n                    <figure class=\"product-image left image-size-large\">\n                        <img loading=\"lazy\" decoding=\"async\" width=\"480\" height=\"480\" src=\"https:\/\/ozmo.com\/wp-content\/uploads\/2021\/01\/OEM-01.png\" class=\"attachment-media-horizontal-image-large size-media-horizontal-image-large\" alt=\"\" srcset=\"https:\/\/ozmo.com\/wp-content\/uploads\/2021\/01\/OEM-01.png 1667w, https:\/\/ozmo.com\/wp-content\/uploads\/2021\/01\/OEM-01-300x300.png 300w, https:\/\/ozmo.com\/wp-content\/uploads\/2021\/01\/OEM-01-1024x1024.png 1024w, https:\/\/ozmo.com\/wp-content\/uploads\/2021\/01\/OEM-01-150x150.png 150w, https:\/\/ozmo.com\/wp-content\/uploads\/2021\/01\/OEM-01-768x768.png 768w, https:\/\/ozmo.com\/wp-content\/uploads\/2021\/01\/OEM-01-1536x1536.png 1536w, https:\/\/ozmo.com\/wp-content\/uploads\/2021\/01\/OEM-01-1280x1281.png 1280w\" sizes=\"auto, (max-width: 480px) 100vw, 480px\" \/>                    <\/figure>\n                    <div class=\"text left\">\n                            <div class=\"heading\">\n                                <h3>\u00c9liminer les processus manuels en externalisant l'assistance<\/h3>                                                            <\/div>\n                            <div class=\"body-text\"><p>Syst\u00e9matisez vos op\u00e9rations d&#8217;assistance \u00e0 la client\u00e8le en investissant dans une plate-forme omnicanal. Les agents passeront moins de temps \u00e0 chercher des r\u00e9ponses et \u00e0 saisir manuellement les donn\u00e9es des clients. L&#8217;automatisation permettra de r\u00e9duire la THA, ce qui permettra \u00e0 vos \u00e9quipes de traiter un plus grand nombre de demandes tout en offrant un service \u00e0 la client\u00e8le conforme aux attentes.<\/p>\n<\/div>\n                                                <\/div>\n                <\/div>\n                            <div class=\"element product-media-block right\">\n                    <figure class=\"product-image right image-size-large\">\n                        <img loading=\"lazy\" decoding=\"async\" width=\"480\" height=\"480\" src=\"https:\/\/ozmo.com\/wp-content\/uploads\/2021\/01\/OEM-02.png\" class=\"attachment-media-horizontal-image-large size-media-horizontal-image-large\" alt=\"\" srcset=\"https:\/\/ozmo.com\/wp-content\/uploads\/2021\/01\/OEM-02.png 1668w, https:\/\/ozmo.com\/wp-content\/uploads\/2021\/01\/OEM-02-300x300.png 300w, https:\/\/ozmo.com\/wp-content\/uploads\/2021\/01\/OEM-02-1024x1024.png 1024w, https:\/\/ozmo.com\/wp-content\/uploads\/2021\/01\/OEM-02-150x150.png 150w, https:\/\/ozmo.com\/wp-content\/uploads\/2021\/01\/OEM-02-768x768.png 768w, https:\/\/ozmo.com\/wp-content\/uploads\/2021\/01\/OEM-02-1536x1536.png 1536w, https:\/\/ozmo.com\/wp-content\/uploads\/2021\/01\/OEM-02-1280x1280.png 1280w\" sizes=\"auto, (max-width: 480px) 100vw, 480px\" \/>                    <\/figure>\n                    <div class=\"text right\">\n                            <div class=\"heading\">\n                                <h3>D\u00e9couvrez les points de vue des clients <\/h3>                                                            <\/div>\n                            <div class=\"body-text\"><p>Apprenez-en plus sur votre client\u00e8le gr\u00e2ce aux interactions avec les appareils et aux probl\u00e8mes auxquels ils sont confront\u00e9s.<\/p>\n<\/div>\n                                                <\/div>\n                <\/div>\n                            <div class=\"element product-media-block left\">\n                    <figure class=\"product-image left image-size-large\">\n                        <img loading=\"lazy\" decoding=\"async\" width=\"480\" height=\"480\" src=\"https:\/\/ozmo.com\/wp-content\/uploads\/2021\/01\/OEM-03-1.png\" class=\"attachment-media-horizontal-image-large size-media-horizontal-image-large\" alt=\"\" srcset=\"https:\/\/ozmo.com\/wp-content\/uploads\/2021\/01\/OEM-03-1.png 1667w, https:\/\/ozmo.com\/wp-content\/uploads\/2021\/01\/OEM-03-1-300x300.png 300w, https:\/\/ozmo.com\/wp-content\/uploads\/2021\/01\/OEM-03-1-1024x1024.png 1024w, https:\/\/ozmo.com\/wp-content\/uploads\/2021\/01\/OEM-03-1-150x150.png 150w, https:\/\/ozmo.com\/wp-content\/uploads\/2021\/01\/OEM-03-1-768x768.png 768w, https:\/\/ozmo.com\/wp-content\/uploads\/2021\/01\/OEM-03-1-1536x1536.png 1536w, https:\/\/ozmo.com\/wp-content\/uploads\/2021\/01\/OEM-03-1-1280x1281.png 1280w\" sizes=\"auto, (max-width: 480px) 100vw, 480px\" \/>                    <\/figure>\n                    <div class=\"text left\">\n                            <div class=\"heading\">\n                                <h3>Fid\u00e9liser la marque <\/h3>                                                            <\/div>\n                            <div class=\"body-text\"><p>Garantir la satisfaction et la fid\u00e9lisation des clients en leur offrant une assistance de premier ordre tout au long de leur cycle de vie. <\/p>\n<\/div>\n                                                <\/div>\n                <\/div>\n                    <\/div>\n    <\/div>\n\n    <style type=\"text\/css\">\n    <\/style>\n<\/div>\n\n<div id=\"icon-grid-block_5ff0ba306144a\" class=\"section icon-grid-block alignfull ozmo-white-background\">\n\n        <div class=\"icon-grid\">\n                            <div class=\"details left\">\n                    <h2> Cat\u00e9gories de technologies soutenues par Ozmo :<\/h2>                <\/div>\n            \n            <div class=\"elements columns-3\">\n                                        <div class=\"element\">\n                                                \n                                <figure class=\"image left image-size-small\">\n                                    <img decoding=\"async\" src=\"https:\/\/ozmo.com\/wp-content\/uploads\/2021\/01\/Device-types-01-1.png\" alt=\"Device types-01\">\n                                <\/figure>\n                            \n                            <div class=\"text left\">\n                                <h4>T\u00e9l\u00e9phones intelligents et tablettes <\/h4>\n                                                            <\/div>\n                        <\/div>\n                                        <div class=\"element\">\n                                                \n                                <figure class=\"image left image-size-small\">\n                                    <img decoding=\"async\" src=\"https:\/\/ozmo.com\/wp-content\/uploads\/2021\/01\/Device-types-02-1.png\" alt=\"Device types-02\">\n                                <\/figure>\n                            \n                            <div class=\"text left\">\n                                <h4>Maison connect\u00e9e<\/h4>\n                                                            <\/div>\n                        <\/div>\n                                        <div class=\"element\">\n                                                \n                                <figure class=\"image left image-size-small\">\n                                    <img decoding=\"async\" src=\"https:\/\/ozmo.com\/wp-content\/uploads\/2021\/01\/Device-types-03-1.png\" alt=\"Device types-03\">\n                                <\/figure>\n                            \n                            <div class=\"text left\">\n                                <h4>V\u00eatements<\/h4>\n                                                            <\/div>\n                        <\/div>\n                                        <div class=\"element\">\n                                                \n                                <figure class=\"image left image-size-small\">\n                                    <img decoding=\"async\" src=\"https:\/\/ozmo.com\/wp-content\/uploads\/2021\/01\/Device-types-04-1.png\" alt=\"Device types-04\">\n                                <\/figure>\n                            \n                            <div class=\"text left\">\n                                <h4>Accessoires<\/h4>\n                                                            <\/div>\n                        <\/div>\n                                        <div class=\"element\">\n                                                \n                                <figure class=\"image left image-size-small\">\n                                    <img decoding=\"async\" src=\"https:\/\/ozmo.com\/wp-content\/uploads\/2021\/01\/Device-types-05-1.png\" alt=\"Device types-05\">\n                                <\/figure>\n                            \n                            <div class=\"text left\">\n                                <h4>Modems et autres produits<\/h4>\n                                                            <\/div>\n                        <\/div>\n                                        <div class=\"element\">\n                                                \n                                <figure class=\"image left image-size-small\">\n                                    <img decoding=\"async\" src=\"https:\/\/ozmo.com\/wp-content\/uploads\/2021\/01\/Device-types-06-1.png\" alt=\"Device types-06\">\n                                <\/figure>\n                            \n                            <div class=\"text left\">\n                                <h4>Applications mobiles<\/h4>\n                                                            <\/div>\n                        <\/div>\n                            <\/div>\n\n        <\/div>\n        \n<\/div>\n\n\n<div class=\"section cta-block shape-background teal-to-blue-o\">\n  <div class=\"container\">\n          <h2 class=\"cta-heading\">Solutions pour les appareils intelligents<\/h2>\n        <p class=\"cta-text\">En savoir plus sur la fa\u00e7on dont Ozmo aide les fournisseurs d'appareils intelligents. Que votre entreprise soit int\u00e9ress\u00e9e par le support assist\u00e9, l'auto-assistance ou l'adoption de services, notre plateforme omnicanal est \u00e9quip\u00e9e pour tout g\u00e9rer.<\/p>\n    <div class=\"cta-button-wrapper\">\n      <a target=\"_self\" href=\"https:\/\/ozmo.com\/fr\/les-solutions-ozmo\/\" >\n        <div tabindex=\"0\" class=\"button primary secondary hero-cta-button\">\n          <div>\n            <span>Voir les solutions pour les fournisseurs de d'appareils intelligents<\/span>\n          <\/div>\n        <\/div>\n      <\/a>\n    <\/div>\n  <\/div>\n<\/div>","protected":false},"excerpt":{"rendered":"<p>Avec l&#8217;expansion constante du paysage des appareils connect\u00e9s, le besoin de solutions d&#8217;assistance technique compl\u00e8tes est \u00e9vident. La plateforme de r\u00e9ponses robustes d&#8217;Ozmo est \u00e9quip\u00e9e pour r\u00e9pondre aux questions de vos clients sur vos produits, applications et services et sur les \u00e9cosyst\u00e8mes dans lesquels ils \u00e9voluent. Fid\u00e9lisez votre marque et am\u00e9liorez la satisfaction de vos [&hellip;]<\/p>\n","protected":false},"author":5,"featured_media":0,"parent":2821,"menu_order":0,"comment_status":"closed","ping_status":"closed","template":"","meta":{"_acf_changed":false,"footnotes":""},"class_list":["post-2831","page","type-page","status-publish","hentry"],"acf":[],"yoast_head":"<!-- This site is optimized with the Yoast SEO plugin v27.3 - https:\/\/yoast.com\/product\/yoast-seo-wordpress\/ -->\n<title>Les fabricants d&#039;appareils intelligents - Ozmo<\/title>\n<meta name=\"robots\" content=\"index, follow, max-snippet:-1, max-image-preview:large, max-video-preview:-1\" \/>\n<link rel=\"canonical\" href=\"https:\/\/ozmo.com\/fr\/les-domaines-ozmo\/fabricants-appareil-intelligents\/\" \/>\n<meta property=\"og:locale\" content=\"fr_FR\" \/>\n<meta property=\"og:type\" content=\"article\" \/>\n<meta property=\"og:title\" content=\"Les fabricants d&#039;appareils intelligents - Ozmo\" \/>\n<meta property=\"og:description\" content=\"Avec l&#039;expansion constante du paysage des appareils connect\u00e9s, le besoin de solutions d&#039;assistance technique compl\u00e8tes est \u00e9vident. La plateforme de r\u00e9ponses robustes d&#039;Ozmo est \u00e9quip\u00e9e pour r\u00e9pondre aux questions de vos clients sur vos produits, applications et services et sur les \u00e9cosyst\u00e8mes dans lesquels ils \u00e9voluent. Fid\u00e9lisez votre marque et am\u00e9liorez la satisfaction de vos [&hellip;]\" \/>\n<meta property=\"og:url\" content=\"https:\/\/ozmo.com\/fr\/les-domaines-ozmo\/fabricants-appareil-intelligents\/\" \/>\n<meta property=\"og:site_name\" content=\"Ozmo\" \/>\n<meta property=\"article:modified_time\" content=\"2021-10-22T18:02:05+00:00\" \/>\n<meta property=\"og:image\" content=\"https:\/\/ozmo.com\/wp-content\/uploads\/2021\/02\/SmartDevices_Ozmo-01.png\" \/>\n<meta name=\"twitter:card\" content=\"summary_large_image\" \/>\n<meta name=\"twitter:image\" content=\"https:\/\/ozmo.com\/wp-content\/uploads\/2021\/02\/SmartDevices_Ozmo-01.png\" \/>\n<meta name=\"twitter:label1\" content=\"Est. reading time\" \/>\n\t<meta name=\"twitter:data1\" content=\"1 minute\" \/>\n<script type=\"application\/ld+json\" class=\"yoast-schema-graph\">{\"@context\":\"https:\\\/\\\/schema.org\",\"@graph\":[{\"@type\":\"WebPage\",\"@id\":\"https:\\\/\\\/ozmo.com\\\/fr\\\/les-domaines-ozmo\\\/fabricants-appareil-intelligents\\\/\",\"url\":\"https:\\\/\\\/ozmo.com\\\/fr\\\/les-domaines-ozmo\\\/fabricants-appareil-intelligents\\\/\",\"name\":\"Les fabricants d'appareils intelligents - Ozmo\",\"isPartOf\":{\"@id\":\"https:\\\/\\\/ozmo.com\\\/fr\\\/#website\"},\"datePublished\":\"2021-02-02T19:54:47+00:00\",\"dateModified\":\"2021-10-22T18:02:05+00:00\",\"breadcrumb\":{\"@id\":\"https:\\\/\\\/ozmo.com\\\/fr\\\/les-domaines-ozmo\\\/fabricants-appareil-intelligents\\\/#breadcrumb\"},\"inLanguage\":\"fr-FR\",\"potentialAction\":[{\"@type\":\"ReadAction\",\"target\":[\"https:\\\/\\\/ozmo.com\\\/fr\\\/les-domaines-ozmo\\\/fabricants-appareil-intelligents\\\/\"]}]},{\"@type\":\"BreadcrumbList\",\"@id\":\"https:\\\/\\\/ozmo.com\\\/fr\\\/les-domaines-ozmo\\\/fabricants-appareil-intelligents\\\/#breadcrumb\",\"itemListElement\":[{\"@type\":\"ListItem\",\"position\":1,\"name\":\"Home\",\"item\":\"https:\\\/\\\/ozmo.com\\\/fr\\\/\"},{\"@type\":\"ListItem\",\"position\":2,\"name\":\"Les domaines Ozmo\",\"item\":\"http:\\\/\\\/ozmo.com\\\/fr\\\/industries\\\/\"},{\"@type\":\"ListItem\",\"position\":3,\"name\":\"Les fabricants d&#8217;appareils intelligents\"}]},{\"@type\":\"WebSite\",\"@id\":\"https:\\\/\\\/ozmo.com\\\/fr\\\/#website\",\"url\":\"https:\\\/\\\/ozmo.com\\\/fr\\\/\",\"name\":\"Ozmo\",\"description\":\"Ozmo makes complex tech support simple with a support platform that helps enterprises and their consumers solve any app, device or software issue.\",\"publisher\":{\"@id\":\"https:\\\/\\\/ozmo.com\\\/fr\\\/#organization\"},\"potentialAction\":[{\"@type\":\"SearchAction\",\"target\":{\"@type\":\"EntryPoint\",\"urlTemplate\":\"https:\\\/\\\/ozmo.com\\\/fr\\\/?s={search_term_string}\"},\"query-input\":{\"@type\":\"PropertyValueSpecification\",\"valueRequired\":true,\"valueName\":\"search_term_string\"}}],\"inLanguage\":\"fr-FR\"},{\"@type\":\"Organization\",\"@id\":\"https:\\\/\\\/ozmo.com\\\/fr\\\/#organization\",\"name\":\"Ozmo\",\"url\":\"https:\\\/\\\/ozmo.com\\\/fr\\\/\",\"logo\":{\"@type\":\"ImageObject\",\"inLanguage\":\"fr-FR\",\"@id\":\"https:\\\/\\\/ozmo.com\\\/fr\\\/#\\\/schema\\\/logo\\\/image\\\/\",\"url\":\"https:\\\/\\\/ozmo.com\\\/wp-content\\\/uploads\\\/2021\\\/01\\\/Ozmo_logo.png\",\"contentUrl\":\"https:\\\/\\\/ozmo.com\\\/wp-content\\\/uploads\\\/2021\\\/01\\\/Ozmo_logo.png\",\"width\":710,\"height\":172,\"caption\":\"Ozmo\"},\"image\":{\"@id\":\"https:\\\/\\\/ozmo.com\\\/fr\\\/#\\\/schema\\\/logo\\\/image\\\/\"}}]}<\/script>\n<!-- \/ Yoast SEO plugin. -->","yoast_head_json":{"title":"Les fabricants d'appareils intelligents - Ozmo","robots":{"index":"index","follow":"follow","max-snippet":"max-snippet:-1","max-image-preview":"max-image-preview:large","max-video-preview":"max-video-preview:-1"},"canonical":"https:\/\/ozmo.com\/fr\/les-domaines-ozmo\/fabricants-appareil-intelligents\/","og_locale":"fr_FR","og_type":"article","og_title":"Les fabricants d'appareils intelligents - Ozmo","og_description":"Avec l'expansion constante du paysage des appareils connect\u00e9s, le besoin de solutions d'assistance technique compl\u00e8tes est \u00e9vident. La plateforme de r\u00e9ponses robustes d'Ozmo est \u00e9quip\u00e9e pour r\u00e9pondre aux questions de vos clients sur vos produits, applications et services et sur les \u00e9cosyst\u00e8mes dans lesquels ils \u00e9voluent. Fid\u00e9lisez votre marque et am\u00e9liorez la satisfaction de vos [&hellip;]","og_url":"https:\/\/ozmo.com\/fr\/les-domaines-ozmo\/fabricants-appareil-intelligents\/","og_site_name":"Ozmo","article_modified_time":"2021-10-22T18:02:05+00:00","og_image":[{"url":"https:\/\/ozmo.com\/wp-content\/uploads\/2021\/02\/SmartDevices_Ozmo-01.png","type":"","width":"","height":""}],"twitter_card":"summary_large_image","twitter_image":"https:\/\/ozmo.com\/wp-content\/uploads\/2021\/02\/SmartDevices_Ozmo-01.png","twitter_misc":{"Est. reading time":"1 minute"},"schema":{"@context":"https:\/\/schema.org","@graph":[{"@type":"WebPage","@id":"https:\/\/ozmo.com\/fr\/les-domaines-ozmo\/fabricants-appareil-intelligents\/","url":"https:\/\/ozmo.com\/fr\/les-domaines-ozmo\/fabricants-appareil-intelligents\/","name":"Les fabricants d'appareils intelligents - Ozmo","isPartOf":{"@id":"https:\/\/ozmo.com\/fr\/#website"},"datePublished":"2021-02-02T19:54:47+00:00","dateModified":"2021-10-22T18:02:05+00:00","breadcrumb":{"@id":"https:\/\/ozmo.com\/fr\/les-domaines-ozmo\/fabricants-appareil-intelligents\/#breadcrumb"},"inLanguage":"fr-FR","potentialAction":[{"@type":"ReadAction","target":["https:\/\/ozmo.com\/fr\/les-domaines-ozmo\/fabricants-appareil-intelligents\/"]}]},{"@type":"BreadcrumbList","@id":"https:\/\/ozmo.com\/fr\/les-domaines-ozmo\/fabricants-appareil-intelligents\/#breadcrumb","itemListElement":[{"@type":"ListItem","position":1,"name":"Home","item":"https:\/\/ozmo.com\/fr\/"},{"@type":"ListItem","position":2,"name":"Les domaines Ozmo","item":"http:\/\/ozmo.com\/fr\/industries\/"},{"@type":"ListItem","position":3,"name":"Les fabricants d&#8217;appareils intelligents"}]},{"@type":"WebSite","@id":"https:\/\/ozmo.com\/fr\/#website","url":"https:\/\/ozmo.com\/fr\/","name":"Ozmo","description":"Ozmo makes complex tech support simple with a support platform that helps enterprises and their consumers solve any app, device or software issue.","publisher":{"@id":"https:\/\/ozmo.com\/fr\/#organization"},"potentialAction":[{"@type":"SearchAction","target":{"@type":"EntryPoint","urlTemplate":"https:\/\/ozmo.com\/fr\/?s={search_term_string}"},"query-input":{"@type":"PropertyValueSpecification","valueRequired":true,"valueName":"search_term_string"}}],"inLanguage":"fr-FR"},{"@type":"Organization","@id":"https:\/\/ozmo.com\/fr\/#organization","name":"Ozmo","url":"https:\/\/ozmo.com\/fr\/","logo":{"@type":"ImageObject","inLanguage":"fr-FR","@id":"https:\/\/ozmo.com\/fr\/#\/schema\/logo\/image\/","url":"https:\/\/ozmo.com\/wp-content\/uploads\/2021\/01\/Ozmo_logo.png","contentUrl":"https:\/\/ozmo.com\/wp-content\/uploads\/2021\/01\/Ozmo_logo.png","width":710,"height":172,"caption":"Ozmo"},"image":{"@id":"https:\/\/ozmo.com\/fr\/#\/schema\/logo\/image\/"}}]}},"_links":{"self":[{"href":"https:\/\/ozmo.com\/fr\/wp-json\/wp\/v2\/pages\/2831","targetHints":{"allow":["GET"]}}],"collection":[{"href":"https:\/\/ozmo.com\/fr\/wp-json\/wp\/v2\/pages"}],"about":[{"href":"https:\/\/ozmo.com\/fr\/wp-json\/wp\/v2\/types\/page"}],"author":[{"embeddable":true,"href":"https:\/\/ozmo.com\/fr\/wp-json\/wp\/v2\/users\/5"}],"replies":[{"embeddable":true,"href":"https:\/\/ozmo.com\/fr\/wp-json\/wp\/v2\/comments?post=2831"}],"version-history":[{"count":11,"href":"https:\/\/ozmo.com\/fr\/wp-json\/wp\/v2\/pages\/2831\/revisions"}],"predecessor-version":[{"id":7382,"href":"https:\/\/ozmo.com\/fr\/wp-json\/wp\/v2\/pages\/2831\/revisions\/7382"}],"up":[{"embeddable":true,"href":"https:\/\/ozmo.com\/fr\/wp-json\/wp\/v2\/pages\/2821"}],"wp:attachment":[{"href":"https:\/\/ozmo.com\/fr\/wp-json\/wp\/v2\/media?parent=2831"}],"curies":[{"name":"wp","href":"https:\/\/api.w.org\/{rel}","templated":true}]}}