{"id":2827,"date":"2021-02-02T17:53:50","date_gmt":"2021-02-02T22:53:50","guid":{"rendered":"https:\/\/ozmo.com\/?page_id=2827"},"modified":"2021-10-22T14:02:42","modified_gmt":"2021-10-22T18:02:42","slug":"telecommunications","status":"publish","type":"page","link":"https:\/\/ozmo.com\/fr\/les-domaines-ozmo\/telecommunications\/","title":{"rendered":"T\u00e9l\u00e9communications"},"content":{"rendered":" \n<div class=\"hero-wrapper   gradient-background ozmo-blue gradient-02 short\">\n  <div class=\"hero-content-wrapper left\">\n    <h2 class=\"hero-title\">Ozmo pour les t\u00e9l\u00e9communications<\/h2>\n          <h3 class=\"hero-subtitle\">Donner aux fournisseurs de t\u00e9l\u00e9communications les outils n\u00e9cessaires pour augmenter leur client\u00e8le et r\u00e9duire les co\u00fbts.<\/h3>\n                  <div class=\"button-wrapper\">\n        <a target=\"_self\" href=\"https:\/\/ozmo.com\/fr\/demander-une-demo\/\">\n          <div tabindex=\"0\" class=\"button secondary  secondary hero-cta-button\">\n            <div>\n              <span>Demander une d\u00e9mo<\/span>\n            <\/div>\n          <\/div>\n        <\/a>\n      <\/div>\n      <\/div>\n  <\/div>\n\n<div id=\"paragraph-block_5ff0b24a4d789\" class=\"section paragraph-block alignfull ozmo-white-background\">\n\n        <div class=\"paragraph-container\">\n\n            <p><span style=\"font-weight: 400;\">Pour les fournisseurs de t\u00e9l\u00e9communications qui recherchent une plateforme d&#8217;assistance omnicanal tout en un, Ozmo est l\u00e0 pour stimuler vos initiatives d&#8217;assistance num\u00e9rique. L&#8217;exp\u00e9rience client est essentielle \u00e0 la r\u00e9ussite de votre entreprise. Dans le pass\u00e9, les fournisseurs de t\u00e9l\u00e9communications ont compt\u00e9 sur l&#8217;expertise vocale et les interactions en personne pour l&#8217;assistance \u00e0 la client\u00e8le. Aujourd&#8217;hui, la transformation num\u00e9rique modifie rapidement le comportement des consommateurs, qui attendent davantage d&#8217;une exp\u00e9rience personnalis\u00e9e et transparente.\u00a0\u00a0<\/span><\/p>\n<p><span style=\"font-weight: 400;\">Nous reconnaissons l&#8217;importance de l&#8217;exp\u00e9rience client et de la ma\u00eetrise des co\u00fbts. En transf\u00e9rant vos op\u00e9rations d&#8217;assistance vers la solution centr\u00e9e sur le client d&#8217;Ozmo, vous pouvez vous attendre \u00e0 r\u00e9duire les co\u00fbts tout en am\u00e9liorant le service \u00e0 la client\u00e8le. Les capacit\u00e9s robustes d&#8217;Ozmo vous aideront \u00e0 r\u00e9duire le taux de d\u00e9sabonnement, \u00e0 am\u00e9liorer l&#8217;efficacit\u00e9 op\u00e9rationnelle et \u00e0 vous assurer que vous restez en t\u00eate de la concurrence en mati\u00e8re d&#8217;exp\u00e9rience client. Que votre entreprise soit une entreprise mondiale ou r\u00e9gionale, un op\u00e9rateur de r\u00e9seau virtuel mobile ou un centre d&#8217;appel externalis\u00e9, nous sommes l\u00e0 pour vous aider.<\/span><\/p>\n\n        <\/div>\n        \n<\/div>\n\n<style type=\"text\/css\">\n\n\n\n<\/style>\n\n<\/div>\n\n<div id=\"horizontal-media-block_5ff0b3217f0b2\" class=\"section media-block horizontal-media-block alignfull ozmo-white-background\">\n\n    <div class=\"container-fluid full-width\">\n        <h2>Principaux avantages en mati\u00e8re de t\u00e9l\u00e9communications<\/h2>        <div class=\"elements\">\n                            <div class=\"element product-media-block left\">\n                    <figure class=\"product-image left image-size-large\">\n                        <img loading=\"lazy\" decoding=\"async\" width=\"480\" height=\"480\" src=\"https:\/\/ozmo.com\/wp-content\/uploads\/2021\/01\/Telco-01.png\" class=\"attachment-media-horizontal-image-large size-media-horizontal-image-large\" alt=\"Grow your customer base for telecom\" srcset=\"https:\/\/ozmo.com\/wp-content\/uploads\/2021\/01\/Telco-01.png 1667w, https:\/\/ozmo.com\/wp-content\/uploads\/2021\/01\/Telco-01-300x300.png 300w, https:\/\/ozmo.com\/wp-content\/uploads\/2021\/01\/Telco-01-1024x1024.png 1024w, https:\/\/ozmo.com\/wp-content\/uploads\/2021\/01\/Telco-01-150x150.png 150w, https:\/\/ozmo.com\/wp-content\/uploads\/2021\/01\/Telco-01-768x768.png 768w, https:\/\/ozmo.com\/wp-content\/uploads\/2021\/01\/Telco-01-1536x1536.png 1536w, https:\/\/ozmo.com\/wp-content\/uploads\/2021\/01\/Telco-01-1280x1281.png 1280w\" sizes=\"auto, (max-width: 480px) 100vw, 480px\" \/>                    <\/figure>\n                    <div class=\"text left\">\n                            <div class=\"heading\">\n                                <h3>R\u00e9duire le taux de d\u00e9sabonnement tout en augmentant votre client\u00e8le<\/h3>                                                            <\/div>\n                            <div class=\"body-text\"><p>Avec la plateforme Ozmo, vos clients auront la possibilit\u00e9 de choisir comment et o\u00f9 ils recevront de l&#8217;aide.<\/p>\n<\/div>\n                                                <\/div>\n                <\/div>\n                            <div class=\"element product-media-block right\">\n                    <figure class=\"product-image right image-size-large\">\n                        <img loading=\"lazy\" decoding=\"async\" width=\"480\" height=\"480\" src=\"https:\/\/ozmo.com\/wp-content\/uploads\/2021\/01\/Telco-02.png\" class=\"attachment-media-horizontal-image-large size-media-horizontal-image-large\" alt=\"Efficiency for telecom providers\" srcset=\"https:\/\/ozmo.com\/wp-content\/uploads\/2021\/01\/Telco-02.png 1668w, https:\/\/ozmo.com\/wp-content\/uploads\/2021\/01\/Telco-02-300x300.png 300w, https:\/\/ozmo.com\/wp-content\/uploads\/2021\/01\/Telco-02-1024x1024.png 1024w, https:\/\/ozmo.com\/wp-content\/uploads\/2021\/01\/Telco-02-150x150.png 150w, https:\/\/ozmo.com\/wp-content\/uploads\/2021\/01\/Telco-02-768x768.png 768w, https:\/\/ozmo.com\/wp-content\/uploads\/2021\/01\/Telco-02-1536x1536.png 1536w, https:\/\/ozmo.com\/wp-content\/uploads\/2021\/01\/Telco-02-1280x1280.png 1280w\" sizes=\"auto, (max-width: 480px) 100vw, 480px\" \/>                    <\/figure>\n                    <div class=\"text right\">\n                            <div class=\"heading\">\n                                <h3>Gains d'efficacit\u00e9<\/h3>                                                            <\/div>\n                            <div class=\"body-text\"><p>Les solutions Ozmo offrent une source unique de r\u00e9ponses coh\u00e9rentes et de haute qualit\u00e9. Gr\u00e2ce \u00e0 l&#8217;assistance automatis\u00e9e, votre entreprise supprimera les processus internes manuels redondants, ce qui contribuera \u00e0 accro\u00eetre l&#8217;efficacit\u00e9 de vos op\u00e9rations d&#8217;assistance.<\/p>\n<\/div>\n                                                <\/div>\n                <\/div>\n                            <div class=\"element product-media-block left\">\n                    <figure class=\"product-image left image-size-large\">\n                        <img loading=\"lazy\" decoding=\"async\" width=\"480\" height=\"480\" src=\"https:\/\/ozmo.com\/wp-content\/uploads\/2021\/01\/Telco-03.png\" class=\"attachment-media-horizontal-image-large size-media-horizontal-image-large\" alt=\"Cut costs for telecom providers\" srcset=\"https:\/\/ozmo.com\/wp-content\/uploads\/2021\/01\/Telco-03.png 1667w, https:\/\/ozmo.com\/wp-content\/uploads\/2021\/01\/Telco-03-300x300.png 300w, https:\/\/ozmo.com\/wp-content\/uploads\/2021\/01\/Telco-03-1024x1024.png 1024w, https:\/\/ozmo.com\/wp-content\/uploads\/2021\/01\/Telco-03-150x150.png 150w, https:\/\/ozmo.com\/wp-content\/uploads\/2021\/01\/Telco-03-768x768.png 768w, https:\/\/ozmo.com\/wp-content\/uploads\/2021\/01\/Telco-03-1536x1536.png 1536w, https:\/\/ozmo.com\/wp-content\/uploads\/2021\/01\/Telco-03-1280x1281.png 1280w\" sizes=\"auto, (max-width: 480px) 100vw, 480px\" \/>                    <\/figure>\n                    <div class=\"text left\">\n                            <div class=\"heading\">\n                                <h3>R\u00e9duire les co\u00fbts <\/h3>                                                            <\/div>\n                            <div class=\"body-text\"><p>La solution cl\u00e9 en main d&#8217;Ozmo minimise le besoin de biblioth\u00e8ques d&#8217;appareils physiques tout en r\u00e9duisant le volume d&#8217;appels dans votre centre d&#8217;assistance. Gr\u00e2ce \u00e0 notre plate-forme, les agents ont acc\u00e8s \u00e0 une source unique de r\u00e9ponses par le biais de notre biblioth\u00e8que compl\u00e8te d&#8217;appareils et d&#8217;applications virtuels.<\/p>\n<\/div>\n                                                <\/div>\n                <\/div>\n                    <\/div>\n    <\/div>\n\n    <style type=\"text\/css\">\n    <\/style>\n<\/div>\n\n\n<div class=\"section cta-block shape-background teal-to-blue-o\">\n  <div class=\"container\">\n          <h2 class=\"cta-heading\">Solutions de t\u00e9l\u00e9communications<\/h2>\n        <p class=\"cta-text\">En savoir plus sur la fa\u00e7on dont Ozmo aide les fournisseurs de t\u00e9l\u00e9communications. Que votre entreprise soit int\u00e9ress\u00e9e par le support assist\u00e9, l'auto-assistance ou l'adoption de services, notre plateforme omnicanal est \u00e9quip\u00e9e pour tout g\u00e9rer. <\/p>\n    <div class=\"cta-button-wrapper\">\n      <a target=\"_self\" href=\"https:\/\/ozmo.com\/fr\/les-solutions-ozmo\/\" >\n        <div tabindex=\"0\" class=\"button primary secondary hero-cta-button\">\n          <div>\n            <span>Voir les solutions pour les fournisseurs de t\u00e9l\u00e9communications<\/span>\n          <\/div>\n        <\/div>\n      <\/a>\n    <\/div>\n  <\/div>\n<\/div>","protected":false},"excerpt":{"rendered":"","protected":false},"author":5,"featured_media":0,"parent":2821,"menu_order":0,"comment_status":"closed","ping_status":"closed","template":"","meta":{"_acf_changed":false,"footnotes":""},"class_list":["post-2827","page","type-page","status-publish","hentry"],"acf":[],"yoast_head":"<!-- This site is optimized with the Yoast SEO plugin v27.3 - https:\/\/yoast.com\/product\/yoast-seo-wordpress\/ -->\n<title>T\u00e9l\u00e9communications - Ozmo<\/title>\n<meta name=\"robots\" content=\"index, follow, max-snippet:-1, max-image-preview:large, max-video-preview:-1\" \/>\n<link rel=\"canonical\" href=\"https:\/\/ozmo.com\/fr\/les-domaines-ozmo\/telecommunications\/\" \/>\n<meta property=\"og:locale\" content=\"fr_FR\" \/>\n<meta property=\"og:type\" content=\"article\" \/>\n<meta property=\"og:title\" content=\"T\u00e9l\u00e9communications - Ozmo\" \/>\n<meta property=\"og:url\" content=\"https:\/\/ozmo.com\/fr\/les-domaines-ozmo\/telecommunications\/\" \/>\n<meta property=\"og:site_name\" content=\"Ozmo\" \/>\n<meta property=\"article:modified_time\" content=\"2021-10-22T18:02:42+00:00\" \/>\n<meta property=\"og:image\" content=\"https:\/\/ozmo.com\/wp-content\/uploads\/2021\/02\/Telecom_Ozmo-01.png\" \/>\n<meta name=\"twitter:card\" content=\"summary_large_image\" \/>\n<meta name=\"twitter:image\" content=\"https:\/\/ozmo.com\/wp-content\/uploads\/2021\/02\/Telecom_Ozmo-01.png\" \/>\n<script type=\"application\/ld+json\" class=\"yoast-schema-graph\">{\"@context\":\"https:\\\/\\\/schema.org\",\"@graph\":[{\"@type\":\"WebPage\",\"@id\":\"https:\\\/\\\/ozmo.com\\\/fr\\\/les-domaines-ozmo\\\/telecommunications\\\/\",\"url\":\"https:\\\/\\\/ozmo.com\\\/fr\\\/les-domaines-ozmo\\\/telecommunications\\\/\",\"name\":\"T\u00e9l\u00e9communications - Ozmo\",\"isPartOf\":{\"@id\":\"https:\\\/\\\/ozmo.com\\\/fr\\\/#website\"},\"datePublished\":\"2021-02-02T22:53:50+00:00\",\"dateModified\":\"2021-10-22T18:02:42+00:00\",\"breadcrumb\":{\"@id\":\"https:\\\/\\\/ozmo.com\\\/fr\\\/les-domaines-ozmo\\\/telecommunications\\\/#breadcrumb\"},\"inLanguage\":\"fr-FR\",\"potentialAction\":[{\"@type\":\"ReadAction\",\"target\":[\"https:\\\/\\\/ozmo.com\\\/fr\\\/les-domaines-ozmo\\\/telecommunications\\\/\"]}]},{\"@type\":\"BreadcrumbList\",\"@id\":\"https:\\\/\\\/ozmo.com\\\/fr\\\/les-domaines-ozmo\\\/telecommunications\\\/#breadcrumb\",\"itemListElement\":[{\"@type\":\"ListItem\",\"position\":1,\"name\":\"Home\",\"item\":\"https:\\\/\\\/ozmo.com\\\/fr\\\/\"},{\"@type\":\"ListItem\",\"position\":2,\"name\":\"Les domaines Ozmo\",\"item\":\"http:\\\/\\\/ozmo.com\\\/fr\\\/industries\\\/\"},{\"@type\":\"ListItem\",\"position\":3,\"name\":\"T\u00e9l\u00e9communications\"}]},{\"@type\":\"WebSite\",\"@id\":\"https:\\\/\\\/ozmo.com\\\/fr\\\/#website\",\"url\":\"https:\\\/\\\/ozmo.com\\\/fr\\\/\",\"name\":\"Ozmo\",\"description\":\"Ozmo makes complex tech support simple with a support platform that helps enterprises and their consumers solve any app, device or software issue.\",\"publisher\":{\"@id\":\"https:\\\/\\\/ozmo.com\\\/fr\\\/#organization\"},\"potentialAction\":[{\"@type\":\"SearchAction\",\"target\":{\"@type\":\"EntryPoint\",\"urlTemplate\":\"https:\\\/\\\/ozmo.com\\\/fr\\\/?s={search_term_string}\"},\"query-input\":{\"@type\":\"PropertyValueSpecification\",\"valueRequired\":true,\"valueName\":\"search_term_string\"}}],\"inLanguage\":\"fr-FR\"},{\"@type\":\"Organization\",\"@id\":\"https:\\\/\\\/ozmo.com\\\/fr\\\/#organization\",\"name\":\"Ozmo\",\"url\":\"https:\\\/\\\/ozmo.com\\\/fr\\\/\",\"logo\":{\"@type\":\"ImageObject\",\"inLanguage\":\"fr-FR\",\"@id\":\"https:\\\/\\\/ozmo.com\\\/fr\\\/#\\\/schema\\\/logo\\\/image\\\/\",\"url\":\"https:\\\/\\\/ozmo.com\\\/wp-content\\\/uploads\\\/2021\\\/01\\\/Ozmo_logo.png\",\"contentUrl\":\"https:\\\/\\\/ozmo.com\\\/wp-content\\\/uploads\\\/2021\\\/01\\\/Ozmo_logo.png\",\"width\":710,\"height\":172,\"caption\":\"Ozmo\"},\"image\":{\"@id\":\"https:\\\/\\\/ozmo.com\\\/fr\\\/#\\\/schema\\\/logo\\\/image\\\/\"}}]}<\/script>\n<!-- \/ Yoast SEO plugin. -->","yoast_head_json":{"title":"T\u00e9l\u00e9communications - Ozmo","robots":{"index":"index","follow":"follow","max-snippet":"max-snippet:-1","max-image-preview":"max-image-preview:large","max-video-preview":"max-video-preview:-1"},"canonical":"https:\/\/ozmo.com\/fr\/les-domaines-ozmo\/telecommunications\/","og_locale":"fr_FR","og_type":"article","og_title":"T\u00e9l\u00e9communications - Ozmo","og_url":"https:\/\/ozmo.com\/fr\/les-domaines-ozmo\/telecommunications\/","og_site_name":"Ozmo","article_modified_time":"2021-10-22T18:02:42+00:00","og_image":[{"url":"https:\/\/ozmo.com\/wp-content\/uploads\/2021\/02\/Telecom_Ozmo-01.png","type":"","width":"","height":""}],"twitter_card":"summary_large_image","twitter_image":"https:\/\/ozmo.com\/wp-content\/uploads\/2021\/02\/Telecom_Ozmo-01.png","schema":{"@context":"https:\/\/schema.org","@graph":[{"@type":"WebPage","@id":"https:\/\/ozmo.com\/fr\/les-domaines-ozmo\/telecommunications\/","url":"https:\/\/ozmo.com\/fr\/les-domaines-ozmo\/telecommunications\/","name":"T\u00e9l\u00e9communications - Ozmo","isPartOf":{"@id":"https:\/\/ozmo.com\/fr\/#website"},"datePublished":"2021-02-02T22:53:50+00:00","dateModified":"2021-10-22T18:02:42+00:00","breadcrumb":{"@id":"https:\/\/ozmo.com\/fr\/les-domaines-ozmo\/telecommunications\/#breadcrumb"},"inLanguage":"fr-FR","potentialAction":[{"@type":"ReadAction","target":["https:\/\/ozmo.com\/fr\/les-domaines-ozmo\/telecommunications\/"]}]},{"@type":"BreadcrumbList","@id":"https:\/\/ozmo.com\/fr\/les-domaines-ozmo\/telecommunications\/#breadcrumb","itemListElement":[{"@type":"ListItem","position":1,"name":"Home","item":"https:\/\/ozmo.com\/fr\/"},{"@type":"ListItem","position":2,"name":"Les domaines Ozmo","item":"http:\/\/ozmo.com\/fr\/industries\/"},{"@type":"ListItem","position":3,"name":"T\u00e9l\u00e9communications"}]},{"@type":"WebSite","@id":"https:\/\/ozmo.com\/fr\/#website","url":"https:\/\/ozmo.com\/fr\/","name":"Ozmo","description":"Ozmo makes complex tech support simple with a support platform that helps enterprises and their consumers solve any app, device or software issue.","publisher":{"@id":"https:\/\/ozmo.com\/fr\/#organization"},"potentialAction":[{"@type":"SearchAction","target":{"@type":"EntryPoint","urlTemplate":"https:\/\/ozmo.com\/fr\/?s={search_term_string}"},"query-input":{"@type":"PropertyValueSpecification","valueRequired":true,"valueName":"search_term_string"}}],"inLanguage":"fr-FR"},{"@type":"Organization","@id":"https:\/\/ozmo.com\/fr\/#organization","name":"Ozmo","url":"https:\/\/ozmo.com\/fr\/","logo":{"@type":"ImageObject","inLanguage":"fr-FR","@id":"https:\/\/ozmo.com\/fr\/#\/schema\/logo\/image\/","url":"https:\/\/ozmo.com\/wp-content\/uploads\/2021\/01\/Ozmo_logo.png","contentUrl":"https:\/\/ozmo.com\/wp-content\/uploads\/2021\/01\/Ozmo_logo.png","width":710,"height":172,"caption":"Ozmo"},"image":{"@id":"https:\/\/ozmo.com\/fr\/#\/schema\/logo\/image\/"}}]}},"_links":{"self":[{"href":"https:\/\/ozmo.com\/fr\/wp-json\/wp\/v2\/pages\/2827","targetHints":{"allow":["GET"]}}],"collection":[{"href":"https:\/\/ozmo.com\/fr\/wp-json\/wp\/v2\/pages"}],"about":[{"href":"https:\/\/ozmo.com\/fr\/wp-json\/wp\/v2\/types\/page"}],"author":[{"embeddable":true,"href":"https:\/\/ozmo.com\/fr\/wp-json\/wp\/v2\/users\/5"}],"replies":[{"embeddable":true,"href":"https:\/\/ozmo.com\/fr\/wp-json\/wp\/v2\/comments?post=2827"}],"version-history":[{"count":10,"href":"https:\/\/ozmo.com\/fr\/wp-json\/wp\/v2\/pages\/2827\/revisions"}],"predecessor-version":[{"id":7384,"href":"https:\/\/ozmo.com\/fr\/wp-json\/wp\/v2\/pages\/2827\/revisions\/7384"}],"up":[{"embeddable":true,"href":"https:\/\/ozmo.com\/fr\/wp-json\/wp\/v2\/pages\/2821"}],"wp:attachment":[{"href":"https:\/\/ozmo.com\/fr\/wp-json\/wp\/v2\/media?parent=2827"}],"curies":[{"name":"wp","href":"https:\/\/api.w.org\/{rel}","templated":true}]}}