{"id":2821,"date":"2021-02-02T14:39:29","date_gmt":"2021-02-02T19:39:29","guid":{"rendered":"https:\/\/ozmo.com\/?page_id=2821"},"modified":"2021-10-22T14:00:34","modified_gmt":"2021-10-22T18:00:34","slug":"les-domaines-ozmo","status":"publish","type":"page","link":"https:\/\/ozmo.com\/fr\/les-domaines-ozmo\/","title":{"rendered":"Les domaines Ozmo"},"content":{"rendered":" \n<div class=\"hero-wrapper   shape-background blue-o-and-arrow \">\n  <div class=\"hero-content-wrapper left\">\n    <h2 class=\"hero-title\">Tous les domaines que nous servons<\/h2>\n          <h3 class=\"hero-subtitle\">La plateforme Ozmo soutient les entreprises sur les march\u00e9s des t\u00e9l\u00e9communications, des appareils intelligents et des assurances.<\/h3>\n              <p class=\"hero-details\">La plate-forme omnicanal d'Ozmo transforme l'\u00e9ducation, l'assistance et l'adoption des clients dans tous les secteurs. Que votre entreprise soit active dans le domaine des t\u00e9l\u00e9communications, des appareils intelligents ou de l'assurance des appareils, Ozmo dispose des outils n\u00e9cessaires pour r\u00e9pondre \u00e0 tous vos besoins d'assistance. Il faut s'attendre \u00e0 une r\u00e9duction des co\u00fbts op\u00e9rationnels tout en continuant \u00e0 privil\u00e9gier l'exp\u00e9rience de l'utilisateur. En exploitant notre plateforme, les interactions entre les agents et les clients ne n\u00e9cessiteront pas la manipulation de dispositifs physiques ou des interactions en personne pour l'assistance. En fonction des pr\u00e9f\u00e9rences des clients en mati\u00e8re d'assistance ou d'auto-assistance par un agent, notre ensemble de solutions num\u00e9riques est \u00e9quip\u00e9 pour prendre en charge toutes les interactions avec les clients en ligne.<\/p>\n              <div class=\"button-wrapper\">\n        <a target=\"_self\" href=\"https:\/\/ozmo.com\/fr\/demander-une-demo\/\">\n          <div tabindex=\"0\" class=\"button secondary  secondary hero-cta-button\">\n            <div>\n              <span>Demander une d\u00e9mo<\/span>\n            <\/div>\n          <\/div>\n        <\/a>\n      <\/div>\n      <\/div>\n  <\/div>\n\n<div id=\"horizontal-media-block_5ff0aa7f4c0e9\" class=\"section media-block horizontal-media-block alignfull ozmo-white-background\">\n\n    <div class=\"container-fluid full-width\">\n                <div class=\"elements\">\n                            <div class=\"element product-media-block left\">\n                    <figure class=\"product-image left image-size-large\">\n                        <img loading=\"lazy\" decoding=\"async\" width=\"480\" height=\"480\" src=\"https:\/\/ozmo.com\/wp-content\/uploads\/2021\/01\/Vertical-icons-01.png\" class=\"attachment-media-horizontal-image-large size-media-horizontal-image-large\" alt=\"\" srcset=\"https:\/\/ozmo.com\/wp-content\/uploads\/2021\/01\/Vertical-icons-01.png 800w, https:\/\/ozmo.com\/wp-content\/uploads\/2021\/01\/Vertical-icons-01-300x300.png 300w, https:\/\/ozmo.com\/wp-content\/uploads\/2021\/01\/Vertical-icons-01-150x150.png 150w, https:\/\/ozmo.com\/wp-content\/uploads\/2021\/01\/Vertical-icons-01-768x768.png 768w\" sizes=\"auto, (max-width: 480px) 100vw, 480px\" \/>                    <\/figure>\n                    <div class=\"text left\">\n                            <div class=\"heading\">\n                                <h3>T\u00e9l\u00e9communications<\/h3>                                                            <\/div>\n                            <div class=\"body-text\"><p>D\u00e9couvrez comment Ozmo soutient le secteur des t\u00e9l\u00e9communications et r\u00e9sout les probl\u00e8mes d&#8217;assistance technique pour les op\u00e9rateurs de t\u00e9l\u00e9phonie mobile, d&#8217;externalisation des centres de contact etc. Donnez aux agents d&#8217;assistance les moyens de r\u00e9soudre des probl\u00e8mes complexes et permettez \u00e0 vos clients de s&#8217;auto-servir de leurs appareils, applications et services.<\/p>\n<\/div>\n                                                            <div class=\"button-wrapper\">\n                                    <a tabindex=\"-1\" href=\"\/fr\/les-domaines-ozmo\/telecommunications\" target=\"_self\">\n                                    <div tabindex=\"0\" class=\"button primary teal\">\n                                        <div>\n                                        <span>En savoir plus sur la fa\u00e7on dont Ozmo soutient les t\u00e9l\u00e9communications<\/span>\n                                        <\/div>\n                                    <\/div>\n                                    <\/a>\n                                <\/div>\n                                                <\/div>\n                <\/div>\n                            <div class=\"element product-media-block right\">\n                    <figure class=\"product-image right image-size-large\">\n                        <img loading=\"lazy\" decoding=\"async\" width=\"480\" height=\"480\" src=\"https:\/\/ozmo.com\/wp-content\/uploads\/2021\/01\/Vertical-icons-02.png\" class=\"attachment-media-horizontal-image-large size-media-horizontal-image-large\" alt=\"\" srcset=\"https:\/\/ozmo.com\/wp-content\/uploads\/2021\/01\/Vertical-icons-02.png 800w, https:\/\/ozmo.com\/wp-content\/uploads\/2021\/01\/Vertical-icons-02-300x300.png 300w, https:\/\/ozmo.com\/wp-content\/uploads\/2021\/01\/Vertical-icons-02-150x150.png 150w, https:\/\/ozmo.com\/wp-content\/uploads\/2021\/01\/Vertical-icons-02-768x768.png 768w\" sizes=\"auto, (max-width: 480px) 100vw, 480px\" \/>                    <\/figure>\n                    <div class=\"text right\">\n                            <div class=\"heading\">\n                                <h3>Fabricants d'appareils intelligents<\/h3>                                                            <\/div>\n                            <div class=\"body-text\"><p>D\u00e9couvrez comment Ozmo soutient les fabricants d&#8217;appareils intelligents. Nos biblioth\u00e8ques virtuelles contiennent un large \u00e9ventail d&#8217;appareils et d&#8217;applications. Des smartphones aux appareils domestiques connect\u00e9s et aux applications qui les alimentent, vous pouvez vous attendre \u00e0 disposer des outils n\u00e9cessaires pour r\u00e9soudre les probl\u00e8mes d&#8217;assistance technique tout en augmentant la fid\u00e9lit\u00e9 \u00e0 la marque.<\/p>\n<\/div>\n                                                            <div class=\"button-wrapper\">\n                                    <a tabindex=\"-1\" href=\"\/fr\/les-domaines-ozmo\/fabricants-appareil-intelligents\" target=\"_self\">\n                                    <div tabindex=\"0\" class=\"button primary teal\">\n                                        <div>\n                                        <span>En savoir plus sur la mani\u00e8re dont Ozmo soutient les fabricants d'appareils intelligents<\/span>\n                                        <\/div>\n                                    <\/div>\n                                    <\/a>\n                                <\/div>\n                                                <\/div>\n                <\/div>\n                            <div class=\"element product-media-block left\">\n                    <figure class=\"product-image left image-size-large\">\n                        <img loading=\"lazy\" decoding=\"async\" width=\"480\" height=\"480\" src=\"https:\/\/ozmo.com\/wp-content\/uploads\/2021\/01\/Vertical-icons-03.png\" class=\"attachment-media-horizontal-image-large size-media-horizontal-image-large\" alt=\"\" srcset=\"https:\/\/ozmo.com\/wp-content\/uploads\/2021\/01\/Vertical-icons-03.png 800w, https:\/\/ozmo.com\/wp-content\/uploads\/2021\/01\/Vertical-icons-03-300x300.png 300w, https:\/\/ozmo.com\/wp-content\/uploads\/2021\/01\/Vertical-icons-03-150x150.png 150w, https:\/\/ozmo.com\/wp-content\/uploads\/2021\/01\/Vertical-icons-03-768x768.png 768w\" sizes=\"auto, (max-width: 480px) 100vw, 480px\" \/>                    <\/figure>\n                    <div class=\"text left\">\n                            <div class=\"heading\">\n                                <h3>Compagnies d'assurance des appareils<\/h3>                                                            <\/div>\n                            <div class=\"body-text\"><p>D\u00e9couvrez comment Ozmo soutient le secteur de l&#8217;assurance des appareils. Attendez-vous \u00e0 un support de premier ordre, offrant un avantage concurrentiel en termes de co\u00fbt et de diff\u00e9renciation, et \u00e0 une r\u00e9duction des r\u00e9clamations au titre de la garantie sur tous les appareils. <\/p>\n<\/div>\n                                                            <div class=\"button-wrapper\">\n                                    <a tabindex=\"-1\" href=\"\/fr\/les-domaines-ozmo\/compagnies-assurance-des-appareils\" target=\"_self\">\n                                    <div tabindex=\"0\" class=\"button primary teal\">\n                                        <div>\n                                        <span>En savoir plus sur la mani\u00e8re dont Ozmo soutient les compagnies d'assurance<\/span>\n                                        <\/div>\n                                    <\/div>\n                                    <\/a>\n                                <\/div>\n                                                <\/div>\n                <\/div>\n                    <\/div>\n    <\/div>\n\n    <style type=\"text\/css\">\n    <\/style>\n<\/div>","protected":false},"excerpt":{"rendered":"","protected":false},"author":5,"featured_media":0,"parent":0,"menu_order":0,"comment_status":"closed","ping_status":"closed","template":"","meta":{"_acf_changed":false,"footnotes":""},"class_list":["post-2821","page","type-page","status-publish","hentry"],"acf":[],"yoast_head":"<!-- This site is optimized with the Yoast SEO plugin v27.3 - https:\/\/yoast.com\/product\/yoast-seo-wordpress\/ -->\n<title>Les domaines Ozmo - Ozmo<\/title>\n<meta name=\"robots\" content=\"index, follow, max-snippet:-1, max-image-preview:large, max-video-preview:-1\" \/>\n<link rel=\"canonical\" href=\"https:\/\/ozmo.com\/fr\/les-domaines-ozmo\/\" \/>\n<meta property=\"og:locale\" content=\"fr_FR\" \/>\n<meta property=\"og:type\" content=\"article\" \/>\n<meta property=\"og:title\" content=\"Les domaines Ozmo - Ozmo\" \/>\n<meta property=\"og:url\" content=\"https:\/\/ozmo.com\/fr\/les-domaines-ozmo\/\" \/>\n<meta property=\"og:site_name\" content=\"Ozmo\" \/>\n<meta property=\"article:modified_time\" content=\"2021-10-22T18:00:34+00:00\" \/>\n<meta property=\"og:image\" content=\"https:\/\/ozmo.com\/wp-content\/uploads\/2021\/02\/Verticals_Ozmo-01.png\" \/>\n<meta name=\"twitter:card\" content=\"summary_large_image\" \/>\n<meta name=\"twitter:image\" content=\"https:\/\/ozmo.com\/wp-content\/uploads\/2021\/02\/Verticals_Ozmo-01.png\" \/>\n<script type=\"application\/ld+json\" class=\"yoast-schema-graph\">{\"@context\":\"https:\\\/\\\/schema.org\",\"@graph\":[{\"@type\":\"WebPage\",\"@id\":\"https:\\\/\\\/ozmo.com\\\/fr\\\/les-domaines-ozmo\\\/\",\"url\":\"https:\\\/\\\/ozmo.com\\\/fr\\\/les-domaines-ozmo\\\/\",\"name\":\"Les domaines Ozmo - Ozmo\",\"isPartOf\":{\"@id\":\"https:\\\/\\\/ozmo.com\\\/fr\\\/#website\"},\"datePublished\":\"2021-02-02T19:39:29+00:00\",\"dateModified\":\"2021-10-22T18:00:34+00:00\",\"breadcrumb\":{\"@id\":\"https:\\\/\\\/ozmo.com\\\/fr\\\/les-domaines-ozmo\\\/#breadcrumb\"},\"inLanguage\":\"fr-FR\",\"potentialAction\":[{\"@type\":\"ReadAction\",\"target\":[\"https:\\\/\\\/ozmo.com\\\/fr\\\/les-domaines-ozmo\\\/\"]}]},{\"@type\":\"BreadcrumbList\",\"@id\":\"https:\\\/\\\/ozmo.com\\\/fr\\\/les-domaines-ozmo\\\/#breadcrumb\",\"itemListElement\":[{\"@type\":\"ListItem\",\"position\":1,\"name\":\"Home\",\"item\":\"https:\\\/\\\/ozmo.com\\\/fr\\\/\"},{\"@type\":\"ListItem\",\"position\":2,\"name\":\"Les domaines Ozmo\"}]},{\"@type\":\"WebSite\",\"@id\":\"https:\\\/\\\/ozmo.com\\\/fr\\\/#website\",\"url\":\"https:\\\/\\\/ozmo.com\\\/fr\\\/\",\"name\":\"Ozmo\",\"description\":\"Ozmo makes complex tech support simple with a support platform that helps enterprises and their consumers solve any app, device or software issue.\",\"publisher\":{\"@id\":\"https:\\\/\\\/ozmo.com\\\/fr\\\/#organization\"},\"potentialAction\":[{\"@type\":\"SearchAction\",\"target\":{\"@type\":\"EntryPoint\",\"urlTemplate\":\"https:\\\/\\\/ozmo.com\\\/fr\\\/?s={search_term_string}\"},\"query-input\":{\"@type\":\"PropertyValueSpecification\",\"valueRequired\":true,\"valueName\":\"search_term_string\"}}],\"inLanguage\":\"fr-FR\"},{\"@type\":\"Organization\",\"@id\":\"https:\\\/\\\/ozmo.com\\\/fr\\\/#organization\",\"name\":\"Ozmo\",\"url\":\"https:\\\/\\\/ozmo.com\\\/fr\\\/\",\"logo\":{\"@type\":\"ImageObject\",\"inLanguage\":\"fr-FR\",\"@id\":\"https:\\\/\\\/ozmo.com\\\/fr\\\/#\\\/schema\\\/logo\\\/image\\\/\",\"url\":\"https:\\\/\\\/ozmo.com\\\/wp-content\\\/uploads\\\/2021\\\/01\\\/Ozmo_logo.png\",\"contentUrl\":\"https:\\\/\\\/ozmo.com\\\/wp-content\\\/uploads\\\/2021\\\/01\\\/Ozmo_logo.png\",\"width\":710,\"height\":172,\"caption\":\"Ozmo\"},\"image\":{\"@id\":\"https:\\\/\\\/ozmo.com\\\/fr\\\/#\\\/schema\\\/logo\\\/image\\\/\"}}]}<\/script>\n<!-- \/ Yoast SEO plugin. -->","yoast_head_json":{"title":"Les domaines Ozmo - Ozmo","robots":{"index":"index","follow":"follow","max-snippet":"max-snippet:-1","max-image-preview":"max-image-preview:large","max-video-preview":"max-video-preview:-1"},"canonical":"https:\/\/ozmo.com\/fr\/les-domaines-ozmo\/","og_locale":"fr_FR","og_type":"article","og_title":"Les domaines Ozmo - Ozmo","og_url":"https:\/\/ozmo.com\/fr\/les-domaines-ozmo\/","og_site_name":"Ozmo","article_modified_time":"2021-10-22T18:00:34+00:00","og_image":[{"url":"https:\/\/ozmo.com\/wp-content\/uploads\/2021\/02\/Verticals_Ozmo-01.png","type":"","width":"","height":""}],"twitter_card":"summary_large_image","twitter_image":"https:\/\/ozmo.com\/wp-content\/uploads\/2021\/02\/Verticals_Ozmo-01.png","schema":{"@context":"https:\/\/schema.org","@graph":[{"@type":"WebPage","@id":"https:\/\/ozmo.com\/fr\/les-domaines-ozmo\/","url":"https:\/\/ozmo.com\/fr\/les-domaines-ozmo\/","name":"Les domaines Ozmo - Ozmo","isPartOf":{"@id":"https:\/\/ozmo.com\/fr\/#website"},"datePublished":"2021-02-02T19:39:29+00:00","dateModified":"2021-10-22T18:00:34+00:00","breadcrumb":{"@id":"https:\/\/ozmo.com\/fr\/les-domaines-ozmo\/#breadcrumb"},"inLanguage":"fr-FR","potentialAction":[{"@type":"ReadAction","target":["https:\/\/ozmo.com\/fr\/les-domaines-ozmo\/"]}]},{"@type":"BreadcrumbList","@id":"https:\/\/ozmo.com\/fr\/les-domaines-ozmo\/#breadcrumb","itemListElement":[{"@type":"ListItem","position":1,"name":"Home","item":"https:\/\/ozmo.com\/fr\/"},{"@type":"ListItem","position":2,"name":"Les domaines Ozmo"}]},{"@type":"WebSite","@id":"https:\/\/ozmo.com\/fr\/#website","url":"https:\/\/ozmo.com\/fr\/","name":"Ozmo","description":"Ozmo makes complex tech support simple with a support platform that helps enterprises and their consumers solve any app, device or software issue.","publisher":{"@id":"https:\/\/ozmo.com\/fr\/#organization"},"potentialAction":[{"@type":"SearchAction","target":{"@type":"EntryPoint","urlTemplate":"https:\/\/ozmo.com\/fr\/?s={search_term_string}"},"query-input":{"@type":"PropertyValueSpecification","valueRequired":true,"valueName":"search_term_string"}}],"inLanguage":"fr-FR"},{"@type":"Organization","@id":"https:\/\/ozmo.com\/fr\/#organization","name":"Ozmo","url":"https:\/\/ozmo.com\/fr\/","logo":{"@type":"ImageObject","inLanguage":"fr-FR","@id":"https:\/\/ozmo.com\/fr\/#\/schema\/logo\/image\/","url":"https:\/\/ozmo.com\/wp-content\/uploads\/2021\/01\/Ozmo_logo.png","contentUrl":"https:\/\/ozmo.com\/wp-content\/uploads\/2021\/01\/Ozmo_logo.png","width":710,"height":172,"caption":"Ozmo"},"image":{"@id":"https:\/\/ozmo.com\/fr\/#\/schema\/logo\/image\/"}}]}},"_links":{"self":[{"href":"https:\/\/ozmo.com\/fr\/wp-json\/wp\/v2\/pages\/2821","targetHints":{"allow":["GET"]}}],"collection":[{"href":"https:\/\/ozmo.com\/fr\/wp-json\/wp\/v2\/pages"}],"about":[{"href":"https:\/\/ozmo.com\/fr\/wp-json\/wp\/v2\/types\/page"}],"author":[{"embeddable":true,"href":"https:\/\/ozmo.com\/fr\/wp-json\/wp\/v2\/users\/5"}],"replies":[{"embeddable":true,"href":"https:\/\/ozmo.com\/fr\/wp-json\/wp\/v2\/comments?post=2821"}],"version-history":[{"count":13,"href":"https:\/\/ozmo.com\/fr\/wp-json\/wp\/v2\/pages\/2821\/revisions"}],"predecessor-version":[{"id":7375,"href":"https:\/\/ozmo.com\/fr\/wp-json\/wp\/v2\/pages\/2821\/revisions\/7375"}],"wp:attachment":[{"href":"https:\/\/ozmo.com\/fr\/wp-json\/wp\/v2\/media?parent=2821"}],"curies":[{"name":"wp","href":"https:\/\/api.w.org\/{rel}","templated":true}]}}