{"id":2796,"date":"2021-02-02T12:58:52","date_gmt":"2021-02-02T17:58:52","guid":{"rendered":"https:\/\/ozmo.com\/?page_id=2796"},"modified":"2021-10-22T14:03:28","modified_gmt":"2021-10-22T18:03:28","slug":"les-solutions-ozmo","status":"publish","type":"page","link":"https:\/\/ozmo.com\/fr\/les-solutions-ozmo\/","title":{"rendered":"Les solutions Ozmo"},"content":{"rendered":" \n<div class=\"hero-wrapper   shape-background blue-arrow \">\n  <div class=\"hero-content-wrapper left\">\n    <h2 class=\"hero-title\">Les solutions Ozmo<\/h2>\n          <h3 class=\"hero-subtitle\">Ozmo est la seule source faisant autorit\u00e9 en mati\u00e8re d'assistance technique pour les r\u00e9ponses concernant les appareils, les applications et les services.<\/h3>\n              <p class=\"hero-details\">Attendez-vous \u00e0 une augmentation de la satisfaction des clients et de la d\u00e9viation des appels gr\u00e2ce \u00e0 une source unique et autoris\u00e9e de d'assistance num\u00e9rique. En utilisant la plateforme d'assistance omnicanal d'Ozmo, votre entreprise r\u00e9duira ses co\u00fbts en d\u00e9pensant moins pour les appareils physiques et les demandes simples qui peuvent \u00eatre r\u00e9solues dans les canaux num\u00e9riques. Les solutions d'Ozmo permettent \u00e0 vos agents de se concentrer davantage sur la satisfaction et la fid\u00e9lisation des clients et donnent \u00e0 ces derniers la possibilit\u00e9 de r\u00e9soudre eux-m\u00eames leurs probl\u00e8mes, ce qui se traduit en fin de compte par une am\u00e9lioration du taux de promotion nette \u00e0 long terme et une diminution des co\u00fbts. <\/p>\n              <div class=\"button-wrapper\">\n        <a target=\"_self\" href=\"https:\/\/ozmo.com\/fr\/demander-une-demo\/\">\n          <div tabindex=\"0\" class=\"button secondary  blue hero-cta-button\">\n            <div>\n              <span>Demander une d\u00e9mo<\/span>\n            <\/div>\n          <\/div>\n        <\/a>\n      <\/div>\n      <\/div>\n  <\/div>\n\n<div id=\"tout-block_5ff75505236d4\" class=\"section tout-blocks alignfull shape-background light-gray-arrow\">\n\n    <div class=\"tout-container\">\n            <div class=\"details\">\n                                            <\/div>\n            <div class=\"elements align-vertical\">\n                            <div class=\"tout-grid-item\">\n                    <a href=\"\/fr\/les-solutions-ozmo\/libre-service\" target=\"\" class=\"tout-link\">\n                    <div class=\"tout-block\">\n                        <div class=\"tout\">\n                        <span>\n                            <h4>Libre-service<\/h4>\n                            <svg role=\"img\" >\n                                <use xlink:href=\"https:\/\/ozmo.com\/wp-content\/themes\/ozmoapp\/images\/icons.svg#icon-arrow-right\" \/>\n                            <\/svg>\n                        <\/span>\n                        <p>\n                            La solution libre-service d'Ozmo offre \u00e0 vos clients un acc\u00e8s 24h\/24 et 7j\/7 \u00e0 des r\u00e9ponses coh\u00e9rentes et pr\u00e9cises sur tous les canaux num\u00e9riques tout en r\u00e9pondant \u00e0 un large \u00e9ventail de besoins sp\u00e9cifiques aux appareils, applications et services.                        <\/p>\n                        <\/div>\n                    <\/div>\n                    <\/a>\n                <\/div>\n                            <div class=\"tout-grid-item\">\n                    <a href=\"\/fr\/les-solutions-ozmo\/centre-de-contact\" target=\"\" class=\"tout-link\">\n                    <div class=\"tout-block\">\n                        <div class=\"tout\">\n                        <span>\n                            <h4>Centre de contact<\/h4>\n                            <svg role=\"img\" >\n                                <use xlink:href=\"https:\/\/ozmo.com\/wp-content\/themes\/ozmoapp\/images\/icons.svg#icon-arrow-right\" \/>\n                            <\/svg>\n                        <\/span>\n                        <p>\n                            La solution de centre de contact d'Ozmo, Ozmo pour les Agents, aide \u00e0 r\u00e9soudre les probl\u00e8mes complexes d'assistance technique, en fournissant les outils n\u00e9cessaires aux agents pour r\u00e9pondre aux besoins des clients rapidement et en toute confiance. Am\u00e9liorez les temps d'attente dans les centres de contact, les performances des agents et la qualit\u00e9 d'assistance pour vos clients gr\u00e2ce \u00e0 l'automatisation de l'assistance.                        <\/p>\n                        <\/div>\n                    <\/div>\n                    <\/a>\n                <\/div>\n                            <div class=\"tout-grid-item\">\n                    <a href=\"\/fr\/les-solutions-ozmo\/adoption-de-services\" target=\"\" class=\"tout-link\">\n                    <div class=\"tout-block\">\n                        <div class=\"tout\">\n                        <span>\n                            <h4>Adoption de services<\/h4>\n                            <svg role=\"img\" >\n                                <use xlink:href=\"https:\/\/ozmo.com\/wp-content\/themes\/ozmoapp\/images\/icons.svg#icon-arrow-right\" \/>\n                            <\/svg>\n                        <\/span>\n                        <p>\n                            Qu'il s'agisse de proposer \u00e0 vos clients de nouveaux produits, services, appareils ou applications, Ozmo est l\u00e0 pour aider votre entreprise \u00e0 r\u00e9ussir tout en r\u00e9pondant aux attentes en constante \u00e9volution des clients et en favorisant une adoption num\u00e9rique sans heurts.                        <\/p>\n                        <\/div>\n                    <\/div>\n                    <\/a>\n                <\/div>\n                        <\/div>\n    <\/div>\n<\/div>","protected":false},"excerpt":{"rendered":"","protected":false},"author":5,"featured_media":0,"parent":0,"menu_order":0,"comment_status":"closed","ping_status":"closed","template":"","meta":{"_acf_changed":false,"footnotes":""},"class_list":["post-2796","page","type-page","status-publish","hentry"],"acf":[],"yoast_head":"<!-- This site is optimized with the Yoast SEO plugin v27.3 - https:\/\/yoast.com\/product\/yoast-seo-wordpress\/ -->\n<title>Les solutions Ozmo - Ozmo<\/title>\n<meta name=\"robots\" content=\"index, follow, max-snippet:-1, max-image-preview:large, max-video-preview:-1\" \/>\n<link rel=\"canonical\" href=\"https:\/\/ozmo.com\/fr\/les-solutions-ozmo\/\" \/>\n<meta property=\"og:locale\" content=\"fr_FR\" \/>\n<meta property=\"og:type\" content=\"article\" \/>\n<meta property=\"og:title\" content=\"Les solutions Ozmo - Ozmo\" \/>\n<meta property=\"og:url\" content=\"https:\/\/ozmo.com\/fr\/les-solutions-ozmo\/\" \/>\n<meta property=\"og:site_name\" content=\"Ozmo\" \/>\n<meta property=\"article:modified_time\" content=\"2021-10-22T18:03:28+00:00\" \/>\n<meta name=\"twitter:card\" content=\"summary_large_image\" \/>\n<script type=\"application\/ld+json\" class=\"yoast-schema-graph\">{\"@context\":\"https:\\\/\\\/schema.org\",\"@graph\":[{\"@type\":\"WebPage\",\"@id\":\"https:\\\/\\\/ozmo.com\\\/fr\\\/les-solutions-ozmo\\\/\",\"url\":\"https:\\\/\\\/ozmo.com\\\/fr\\\/les-solutions-ozmo\\\/\",\"name\":\"Les solutions Ozmo - Ozmo\",\"isPartOf\":{\"@id\":\"https:\\\/\\\/ozmo.com\\\/fr\\\/#website\"},\"datePublished\":\"2021-02-02T17:58:52+00:00\",\"dateModified\":\"2021-10-22T18:03:28+00:00\",\"breadcrumb\":{\"@id\":\"https:\\\/\\\/ozmo.com\\\/fr\\\/les-solutions-ozmo\\\/#breadcrumb\"},\"inLanguage\":\"fr-FR\",\"potentialAction\":[{\"@type\":\"ReadAction\",\"target\":[\"https:\\\/\\\/ozmo.com\\\/fr\\\/les-solutions-ozmo\\\/\"]}]},{\"@type\":\"BreadcrumbList\",\"@id\":\"https:\\\/\\\/ozmo.com\\\/fr\\\/les-solutions-ozmo\\\/#breadcrumb\",\"itemListElement\":[{\"@type\":\"ListItem\",\"position\":1,\"name\":\"Home\",\"item\":\"https:\\\/\\\/ozmo.com\\\/fr\\\/\"},{\"@type\":\"ListItem\",\"position\":2,\"name\":\"Les solutions Ozmo\"}]},{\"@type\":\"WebSite\",\"@id\":\"https:\\\/\\\/ozmo.com\\\/fr\\\/#website\",\"url\":\"https:\\\/\\\/ozmo.com\\\/fr\\\/\",\"name\":\"Ozmo\",\"description\":\"Ozmo makes complex tech support simple with a support platform that helps enterprises and their consumers solve any app, device or software issue.\",\"publisher\":{\"@id\":\"https:\\\/\\\/ozmo.com\\\/fr\\\/#organization\"},\"potentialAction\":[{\"@type\":\"SearchAction\",\"target\":{\"@type\":\"EntryPoint\",\"urlTemplate\":\"https:\\\/\\\/ozmo.com\\\/fr\\\/?s={search_term_string}\"},\"query-input\":{\"@type\":\"PropertyValueSpecification\",\"valueRequired\":true,\"valueName\":\"search_term_string\"}}],\"inLanguage\":\"fr-FR\"},{\"@type\":\"Organization\",\"@id\":\"https:\\\/\\\/ozmo.com\\\/fr\\\/#organization\",\"name\":\"Ozmo\",\"url\":\"https:\\\/\\\/ozmo.com\\\/fr\\\/\",\"logo\":{\"@type\":\"ImageObject\",\"inLanguage\":\"fr-FR\",\"@id\":\"https:\\\/\\\/ozmo.com\\\/fr\\\/#\\\/schema\\\/logo\\\/image\\\/\",\"url\":\"https:\\\/\\\/ozmo.com\\\/wp-content\\\/uploads\\\/2021\\\/01\\\/Ozmo_logo.png\",\"contentUrl\":\"https:\\\/\\\/ozmo.com\\\/wp-content\\\/uploads\\\/2021\\\/01\\\/Ozmo_logo.png\",\"width\":710,\"height\":172,\"caption\":\"Ozmo\"},\"image\":{\"@id\":\"https:\\\/\\\/ozmo.com\\\/fr\\\/#\\\/schema\\\/logo\\\/image\\\/\"}}]}<\/script>\n<!-- \/ Yoast SEO plugin. -->","yoast_head_json":{"title":"Les solutions Ozmo - Ozmo","robots":{"index":"index","follow":"follow","max-snippet":"max-snippet:-1","max-image-preview":"max-image-preview:large","max-video-preview":"max-video-preview:-1"},"canonical":"https:\/\/ozmo.com\/fr\/les-solutions-ozmo\/","og_locale":"fr_FR","og_type":"article","og_title":"Les solutions Ozmo - Ozmo","og_url":"https:\/\/ozmo.com\/fr\/les-solutions-ozmo\/","og_site_name":"Ozmo","article_modified_time":"2021-10-22T18:03:28+00:00","twitter_card":"summary_large_image","schema":{"@context":"https:\/\/schema.org","@graph":[{"@type":"WebPage","@id":"https:\/\/ozmo.com\/fr\/les-solutions-ozmo\/","url":"https:\/\/ozmo.com\/fr\/les-solutions-ozmo\/","name":"Les solutions Ozmo - Ozmo","isPartOf":{"@id":"https:\/\/ozmo.com\/fr\/#website"},"datePublished":"2021-02-02T17:58:52+00:00","dateModified":"2021-10-22T18:03:28+00:00","breadcrumb":{"@id":"https:\/\/ozmo.com\/fr\/les-solutions-ozmo\/#breadcrumb"},"inLanguage":"fr-FR","potentialAction":[{"@type":"ReadAction","target":["https:\/\/ozmo.com\/fr\/les-solutions-ozmo\/"]}]},{"@type":"BreadcrumbList","@id":"https:\/\/ozmo.com\/fr\/les-solutions-ozmo\/#breadcrumb","itemListElement":[{"@type":"ListItem","position":1,"name":"Home","item":"https:\/\/ozmo.com\/fr\/"},{"@type":"ListItem","position":2,"name":"Les solutions Ozmo"}]},{"@type":"WebSite","@id":"https:\/\/ozmo.com\/fr\/#website","url":"https:\/\/ozmo.com\/fr\/","name":"Ozmo","description":"Ozmo makes complex tech support simple with a support platform that helps enterprises and their consumers solve any app, device or software issue.","publisher":{"@id":"https:\/\/ozmo.com\/fr\/#organization"},"potentialAction":[{"@type":"SearchAction","target":{"@type":"EntryPoint","urlTemplate":"https:\/\/ozmo.com\/fr\/?s={search_term_string}"},"query-input":{"@type":"PropertyValueSpecification","valueRequired":true,"valueName":"search_term_string"}}],"inLanguage":"fr-FR"},{"@type":"Organization","@id":"https:\/\/ozmo.com\/fr\/#organization","name":"Ozmo","url":"https:\/\/ozmo.com\/fr\/","logo":{"@type":"ImageObject","inLanguage":"fr-FR","@id":"https:\/\/ozmo.com\/fr\/#\/schema\/logo\/image\/","url":"https:\/\/ozmo.com\/wp-content\/uploads\/2021\/01\/Ozmo_logo.png","contentUrl":"https:\/\/ozmo.com\/wp-content\/uploads\/2021\/01\/Ozmo_logo.png","width":710,"height":172,"caption":"Ozmo"},"image":{"@id":"https:\/\/ozmo.com\/fr\/#\/schema\/logo\/image\/"}}]}},"_links":{"self":[{"href":"https:\/\/ozmo.com\/fr\/wp-json\/wp\/v2\/pages\/2796","targetHints":{"allow":["GET"]}}],"collection":[{"href":"https:\/\/ozmo.com\/fr\/wp-json\/wp\/v2\/pages"}],"about":[{"href":"https:\/\/ozmo.com\/fr\/wp-json\/wp\/v2\/types\/page"}],"author":[{"embeddable":true,"href":"https:\/\/ozmo.com\/fr\/wp-json\/wp\/v2\/users\/5"}],"replies":[{"embeddable":true,"href":"https:\/\/ozmo.com\/fr\/wp-json\/wp\/v2\/comments?post=2796"}],"version-history":[{"count":10,"href":"https:\/\/ozmo.com\/fr\/wp-json\/wp\/v2\/pages\/2796\/revisions"}],"predecessor-version":[{"id":7387,"href":"https:\/\/ozmo.com\/fr\/wp-json\/wp\/v2\/pages\/2796\/revisions\/7387"}],"wp:attachment":[{"href":"https:\/\/ozmo.com\/fr\/wp-json\/wp\/v2\/media?parent=2796"}],"curies":[{"name":"wp","href":"https:\/\/api.w.org\/{rel}","templated":true}]}}