{"id":2792,"date":"2021-02-02T12:55:35","date_gmt":"2021-02-02T17:55:35","guid":{"rendered":"https:\/\/ozmo.com\/?page_id=2792"},"modified":"2021-10-22T13:59:36","modified_gmt":"2021-10-22T17:59:36","slug":"homepage","status":"publish","type":"page","link":"https:\/\/ozmo.com\/fr\/","title":{"rendered":"Homepage"},"content":{"rendered":" \n<div class=\"hero-wrapper   shape-background teal-to-blue-o \">\n  <div class=\"hero-content-wrapper left\">\n    <h2 class=\"hero-title\">L'assistance technique est complexe. Ozmo rend les choses simples.<\/h2>\n          <h3 class=\"hero-subtitle\">Transformer le service \u00e0 la client\u00e8le avec la principale plateforme d'assistance omnicanal<\/h3>\n              <p class=\"hero-details\">L'assistance num\u00e9rique fa\u00e7onne l'avenir du service \u00e0 la client\u00e8le et il est essentiel de disposer d'une plate-forme d'assistance ad\u00e9quate pour que votre entreprise puisse faire face \u00e0 la rapidit\u00e9 des changements. Les clients d'Ozmo nous font confiance pour \u00eatre la source de r\u00e9ponses d'assistance faisant autorit\u00e9 dans le paysage en constante \u00e9volution qu'est la technologie.<\/p>\n              <div class=\"button-wrapper\">\n        <a target=\"_self\" href=\"https:\/\/ozmo.com\/fr\/demander-une-demo\/\">\n          <div tabindex=\"0\" class=\"button secondary  secondary hero-cta-button\">\n            <div>\n              <span>Demander une d\u00e9mo<\/span>\n            <\/div>\n          <\/div>\n        <\/a>\n      <\/div>\n      <\/div>\n  <\/div>\n\n<div id=\"horizontal-media-block_5f9e2de9839c2\" class=\"section media-block horizontal-media-block alignfull ozmo-white-background\">\n\n    <div class=\"container-fluid full-width\">\n        <h2>Solutions Omnicanal pour votre entreprise<\/h2>        <div class=\"elements\">\n                            <div class=\"element product-media-block right\">\n                    <figure class=\"product-image right image-size-large\">\n                        <img loading=\"lazy\" decoding=\"async\" width=\"480\" height=\"360\" src=\"https:\/\/ozmo.com\/wp-content\/uploads\/2021\/01\/Solutions-14-2.png\" class=\"attachment-media-horizontal-image-large size-media-horizontal-image-large\" alt=\"\" srcset=\"https:\/\/ozmo.com\/wp-content\/uploads\/2021\/01\/Solutions-14-2.png 1459w, https:\/\/ozmo.com\/wp-content\/uploads\/2021\/01\/Solutions-14-2-300x225.png 300w, https:\/\/ozmo.com\/wp-content\/uploads\/2021\/01\/Solutions-14-2-1024x769.png 1024w, https:\/\/ozmo.com\/wp-content\/uploads\/2021\/01\/Solutions-14-2-768x576.png 768w, https:\/\/ozmo.com\/wp-content\/uploads\/2021\/01\/Solutions-14-2-1280x961.png 1280w, https:\/\/ozmo.com\/wp-content\/uploads\/2021\/01\/Solutions-14-2-700x525.png 700w\" sizes=\"auto, (max-width: 480px) 100vw, 480px\" \/>                    <\/figure>\n                    <div class=\"text right\">\n                            <div class=\"heading\">\n                                <h3>Libre-service<\/h3>                                <h4>Permettre aux clients de se prendre en charge<\/h4>                            <\/div>\n                            <div class=\"body-text\"><p>Les progr\u00e8s technologiques s&#8217;accompagnent d&#8217;attentes \u00e9lev\u00e9es des clients et de pr\u00e9f\u00e9rences vari\u00e9es en mati\u00e8re de canaux d&#8217;assistance. Le produit libre-service d&#8217;Ozmo fournit aux clients les outils n\u00e9cessaires pour r\u00e9soudre leurs propres questions sans tracas sur tous vos canaux num\u00e9riques. Ces tutoriels interactifs favorisent la d\u00e9viation des contacts et r\u00e9duisent le volume des tickets d&#8217;assistance dans les centres de contact, ce qui permet de r\u00e9duire les co\u00fbts tout en augmentant la satisfaction des clients.<\/p>\n<\/div>\n                                                            <div class=\"button-wrapper\">\n                                    <a tabindex=\"-1\" href=\"\/fr\/les-solutions-ozmo\/libre-service\" target=\"_self\">\n                                    <div tabindex=\"0\" class=\"button primary teal\">\n                                        <div>\n                                        <span>En savoir plus sur les solutions de libre-service<\/span>\n                                        <\/div>\n                                    <\/div>\n                                    <\/a>\n                                <\/div>\n                                                <\/div>\n                <\/div>\n                            <div class=\"element product-media-block left\">\n                    <figure class=\"product-image left image-size-large\">\n                        <img loading=\"lazy\" decoding=\"async\" width=\"480\" height=\"360\" src=\"https:\/\/ozmo.com\/wp-content\/uploads\/2021\/01\/Solutions-13-2.png\" class=\"attachment-media-horizontal-image-large size-media-horizontal-image-large\" alt=\"\" srcset=\"https:\/\/ozmo.com\/wp-content\/uploads\/2021\/01\/Solutions-13-2.png 1459w, https:\/\/ozmo.com\/wp-content\/uploads\/2021\/01\/Solutions-13-2-300x225.png 300w, https:\/\/ozmo.com\/wp-content\/uploads\/2021\/01\/Solutions-13-2-1024x769.png 1024w, https:\/\/ozmo.com\/wp-content\/uploads\/2021\/01\/Solutions-13-2-768x576.png 768w, https:\/\/ozmo.com\/wp-content\/uploads\/2021\/01\/Solutions-13-2-1280x961.png 1280w, https:\/\/ozmo.com\/wp-content\/uploads\/2021\/01\/Solutions-13-2-700x525.png 700w\" sizes=\"auto, (max-width: 480px) 100vw, 480px\" \/>                    <\/figure>\n                    <div class=\"text left\">\n                            <div class=\"heading\">\n                                <h3>Centre de contact<\/h3>                                <h4>Donner des moyens d'action aux agents du centre de contact<\/h4>                            <\/div>\n                            <div class=\"body-text\"><p>Vu que de nombreux centres d&#8217;assistance d\u00e9laissent les lieux physiques pour travailler \u00e0 distance, les agents ont besoin de ressources suppl\u00e9mentaires pour faire correctement leur travail. Plus de 75 000 agents des centres de contact b\u00e9n\u00e9ficient d&#8217;une confiance accrue et de meilleures mesures de performance avec la capacit\u00e9 de r\u00e9soudre tout probl\u00e8me technique sp\u00e9cifique gr\u00e2ce \u00e0 l&#8217;utilisation de l&#8217;outil de d\u00e9pannage sans restriction d&#8217;Ozmo. Quel que soit l&#8217;endroit o\u00f9 se trouve votre centre de contact ou le nombre d&#8217;agents que vous employez, Ozmo pour les Agents vous offre une assistance virtuelle et \u00e9volutive.<\/p>\n<\/div>\n                                                            <div class=\"button-wrapper\">\n                                    <a tabindex=\"-1\" href=\"\/fr\/les-solutions-ozmo\/centre-de-contact\" target=\"_self\">\n                                    <div tabindex=\"0\" class=\"button primary teal\">\n                                        <div>\n                                        <span>En savoir plus sur les solutions pour les centres de contact<\/span>\n                                        <\/div>\n                                    <\/div>\n                                    <\/a>\n                                <\/div>\n                                                <\/div>\n                <\/div>\n                            <div class=\"element product-media-block right\">\n                    <figure class=\"product-image right image-size-large\">\n                        <img loading=\"lazy\" decoding=\"async\" width=\"480\" height=\"360\" src=\"https:\/\/ozmo.com\/wp-content\/uploads\/2021\/01\/Solutions-15-2.png\" class=\"attachment-media-horizontal-image-large size-media-horizontal-image-large\" alt=\"\" srcset=\"https:\/\/ozmo.com\/wp-content\/uploads\/2021\/01\/Solutions-15-2.png 1459w, https:\/\/ozmo.com\/wp-content\/uploads\/2021\/01\/Solutions-15-2-300x225.png 300w, https:\/\/ozmo.com\/wp-content\/uploads\/2021\/01\/Solutions-15-2-1024x769.png 1024w, https:\/\/ozmo.com\/wp-content\/uploads\/2021\/01\/Solutions-15-2-768x576.png 768w, https:\/\/ozmo.com\/wp-content\/uploads\/2021\/01\/Solutions-15-2-1280x961.png 1280w, https:\/\/ozmo.com\/wp-content\/uploads\/2021\/01\/Solutions-15-2-700x525.png 700w\" sizes=\"auto, (max-width: 480px) 100vw, 480px\" \/>                    <\/figure>\n                    <div class=\"text right\">\n                            <div class=\"heading\">\n                                <h3>Adoption de services<\/h3>                                <h4>L'embarquement facilit\u00e9<\/h4>                            <\/div>\n                            <div class=\"body-text\"><p>L&#8217;int\u00e9gration r\u00e9ussie de nouveaux services, fonctionnalit\u00e9s, applications et appareils est importante non seulement pour fid\u00e9liser la marque, mais aussi pour retenir les clients. Faites progresser votre transformation num\u00e9rique gr\u00e2ce \u00e0 un support sans friction tout en simplifiant l&#8217;adoption des fonctionnalit\u00e9s pour vos clients. Avec les solutions d&#8217;Ozmo, vous pouvez rencontrer vos clients au d\u00e9but de leur voyage pour leur fournir les conseils dont ils ont besoin pour r\u00e9ussir.<\/p>\n<\/div>\n                                                            <div class=\"button-wrapper\">\n                                    <a tabindex=\"-1\" href=\"\/fr\/les-solutions-ozmo\/adoption-de-services\" target=\"_self\">\n                                    <div tabindex=\"0\" class=\"button primary teal\">\n                                        <div>\n                                        <span>En savoir plus sur les solutions d'adoption de services<\/span>\n                                        <\/div>\n                                    <\/div>\n                                    <\/a>\n                                <\/div>\n                                                <\/div>\n                <\/div>\n                    <\/div>\n    <\/div>\n\n    <style type=\"text\/css\">\n    <\/style>\n<\/div>\n\n<div id=\"icon-grid-block_5fd23db00f393\" class=\"section icon-grid-block alignfull gradient-background gray gradient-01\">\n\n        <div class=\"icon-grid\">\n                            <div class=\"details left\">\n                    <h2>Des r\u00e9sultats qui comptent dans tous les domaines<\/h2>                <\/div>\n            \n            <div class=\"elements columns-3\">\n                                        <div class=\"element\">\n                                                \n                                <figure class=\"image left image-size-small\">\n                                    <img decoding=\"async\" src=\"https:\/\/ozmo.com\/wp-content\/uploads\/2021\/01\/Vertical-icons-01.png\" alt=\"Vertical icons-01\">\n                                <\/figure>\n                            \n                            <div class=\"text left\">\n                                <h3>T\u00e9l\u00e9communications<\/h3><p>\u00c9largissez votre client\u00e8le tout en la conservant \u00e0 long terme gr\u00e2ce \u00e0 des services \u00e0 valeur ajout\u00e9e. La solution cl\u00e9 en main d'Ozmo fournit un dispositif virtuel \u00e9volutif et une biblioth\u00e8que d'applications ainsi que des outils en libre-service pour que vos clients puissent gagner en efficacit\u00e9 et r\u00e9duire les co\u00fbts d'assistance. Nous nous adressons \u00e0 des entreprises de toutes tailles et de tous types dans le secteur des t\u00e9l\u00e9communications, partant de certains des plus grands op\u00e9rateurs de t\u00e9l\u00e9phonie mobile du monde jusqu'aux MVNO et au-del\u00e0. <\/p><a href=\"\/fr\/les-domaines-ozmo\/telecommunications\" target=\"\">En savoir plus sur Ozmo pour les t\u00e9l\u00e9coms<\/a>\n                                                            <\/div>\n                        <\/div>\n                                        <div class=\"element\">\n                                                \n                                <figure class=\"image left image-size-small\">\n                                    <img decoding=\"async\" src=\"https:\/\/ozmo.com\/wp-content\/uploads\/2021\/01\/Vertical-icons-02.png\" alt=\"Vertical icons-02\">\n                                <\/figure>\n                            \n                            <div class=\"text left\">\n                                <h3>Appareils intelligents<\/h3><p>La plateforme d'assistance omnicanal d'Ozmo offre une source unique de r\u00e9ponses coh\u00e9rentes sur tous les canaux num\u00e9riques pour les fabricants d'appareils, les fournisseurs de foyers connect\u00e9s et les d\u00e9taillants d'IdO. Nos solutions extensibles conduisent \u00e0 une exp\u00e9rience positive pour les clients, \u00e0 une am\u00e9lioration du TRN et \u00e0 une r\u00e9duction des co\u00fbts d'exploitation, pour n'en citer que quelques-unes. \r\n<\/p><a href=\"\/fr\/les-domaines-ozmo\/fabricants-appareil-intelligents\" target=\"\">En savoir plus sur Ozmo pour les appareils intelligents<\/a>\n                                                            <\/div>\n                        <\/div>\n                                        <div class=\"element\">\n                                                \n                                <figure class=\"image left image-size-small\">\n                                    <img decoding=\"async\" src=\"https:\/\/ozmo.com\/wp-content\/uploads\/2021\/01\/Vertical-icons-03.png\" alt=\"Vertical icons-03\">\n                                <\/figure>\n                            \n                            <div class=\"text left\">\n                                <h3>Assurance des appareils<\/h3><p>Offrez \u00e0 vos clients la meilleure exp\u00e9rience d'assistance de sa cat\u00e9gorie, \u00e0 laquelle ils tiennent tant, tout en conservant un avantage concurrentiel. Nos solutions donnent aux utilisateurs la possibilit\u00e9 de suivre leurs pr\u00e9f\u00e9rences quant \u00e0 la mani\u00e8re dont ils acc\u00e8dent \u00e0 l'assistance tout en fournissant aux agents des connaissances essentielles sur les produits afin de r\u00e9duire les r\u00e9clamations.<\/p><a href=\"\/fr\/les-domaines-ozmo\/compagnies-assurance-des-appareils\" target=\"\">En savoir plus sur Ozmo pour l'assurance des appareils<\/a>\n                                                            <\/div>\n                        <\/div>\n                            <\/div>\n\n        <\/div>\n        \n<\/div>\n\n<div id=\"customer-grid-block_5fc69ce012c71\" class=\"section customer-grid-block alignfull ozmo-white-background\">\n\n        <div class=\"customer-grid\">\n            \n                            <div class=\"details\">\n                    <h2>Certaines des plus grandes entreprises mondiales font confiance \u00e0 la plateforme Ozmo.<\/h2>                <\/div>\n            \n            <div class=\"elements columns-3\">\n                                    \n                        <figure class=\"image\">\n                            <img decoding=\"async\" src=\"https:\/\/ozmo.com\/wp-content\/uploads\/2020\/12\/verizon-logo.svg\" alt=\"verizon-logo\">\n                        <\/figure>\n                                \n                        <figure class=\"image\">\n                            <img decoding=\"async\" src=\"https:\/\/ozmo.com\/wp-content\/uploads\/2020\/12\/telus-logo.svg\" alt=\"telus-logo\">\n                        <\/figure>\n                                \n                        <figure class=\"image\">\n                            <img decoding=\"async\" src=\"https:\/\/ozmo.com\/wp-content\/uploads\/2021\/01\/asurion-logo1-1.svg\" alt=\"asurion-logo1\">\n                        <\/figure>\n                                \n                        <figure class=\"image\">\n                            <img decoding=\"async\" src=\"https:\/\/ozmo.com\/wp-content\/uploads\/2021\/01\/videotron-01.svg\" alt=\"videotron-01\">\n                        <\/figure>\n                                \n                        <figure class=\"image\">\n                            <img decoding=\"async\" src=\"https:\/\/ozmo.com\/wp-content\/uploads\/2021\/01\/assurant-logo-1.svg\" alt=\"assurant-logo\">\n                        <\/figure>\n                                \n                        <figure class=\"image\">\n                            <img decoding=\"async\" src=\"https:\/\/ozmo.com\/wp-content\/uploads\/2021\/01\/FreedomMobile-01-1.svg\" alt=\"FreedomMobile-01\">\n                        <\/figure>\n                        <\/div>\n\n                    <\/div>\n        \n<\/div>\n","protected":false},"excerpt":{"rendered":"","protected":false},"author":5,"featured_media":2759,"parent":0,"menu_order":0,"comment_status":"closed","ping_status":"closed","template":"","meta":{"_acf_changed":false,"footnotes":""},"class_list":["post-2792","page","type-page","status-publish","has-post-thumbnail","hentry"],"acf":[],"yoast_head":"<!-- This site is optimized with the Yoast SEO plugin v27.3 - https:\/\/yoast.com\/product\/yoast-seo-wordpress\/ -->\n<title>Homepage - Ozmo<\/title>\n<meta name=\"robots\" content=\"index, follow, max-snippet:-1, max-image-preview:large, max-video-preview:-1\" \/>\n<link rel=\"canonical\" href=\"https:\/\/ozmo.com\/fr\/\" \/>\n<meta property=\"og:locale\" content=\"fr_FR\" \/>\n<meta property=\"og:type\" content=\"article\" \/>\n<meta property=\"og:title\" content=\"Homepage - Ozmo\" \/>\n<meta property=\"og:url\" content=\"https:\/\/ozmo.com\/fr\/\" \/>\n<meta property=\"og:site_name\" content=\"Ozmo\" \/>\n<meta property=\"article:modified_time\" content=\"2021-10-22T17:59:36+00:00\" \/>\n<meta property=\"og:image\" content=\"https:\/\/ozmo.com\/wp-content\/uploads\/2021\/02\/Ozmo2-01.png\" \/>\n<meta name=\"twitter:card\" content=\"summary_large_image\" \/>\n<meta name=\"twitter:image\" content=\"https:\/\/ozmo.com\/wp-content\/uploads\/2021\/02\/Ozmo2-01.png\" \/>\n<script type=\"application\/ld+json\" class=\"yoast-schema-graph\">{\"@context\":\"https:\\\/\\\/schema.org\",\"@graph\":[{\"@type\":\"WebPage\",\"@id\":\"https:\\\/\\\/ozmo.com\\\/fr\\\/\",\"url\":\"https:\\\/\\\/ozmo.com\\\/fr\\\/\",\"name\":\"Homepage - Ozmo\",\"isPartOf\":{\"@id\":\"https:\\\/\\\/ozmo.com\\\/fr\\\/#website\"},\"primaryImageOfPage\":{\"@id\":\"https:\\\/\\\/ozmo.com\\\/fr\\\/#primaryimage\"},\"image\":{\"@id\":\"https:\\\/\\\/ozmo.com\\\/fr\\\/#primaryimage\"},\"thumbnailUrl\":\"https:\\\/\\\/ozmo.com\\\/wp-content\\\/uploads\\\/2021\\\/01\\\/social_cover_photos_FB-02.png\",\"datePublished\":\"2021-02-02T17:55:35+00:00\",\"dateModified\":\"2021-10-22T17:59:36+00:00\",\"breadcrumb\":{\"@id\":\"https:\\\/\\\/ozmo.com\\\/fr\\\/#breadcrumb\"},\"inLanguage\":\"fr-FR\",\"potentialAction\":[{\"@type\":\"ReadAction\",\"target\":[\"https:\\\/\\\/ozmo.com\\\/fr\\\/\"]}]},{\"@type\":\"ImageObject\",\"inLanguage\":\"fr-FR\",\"@id\":\"https:\\\/\\\/ozmo.com\\\/fr\\\/#primaryimage\",\"url\":\"https:\\\/\\\/ozmo.com\\\/wp-content\\\/uploads\\\/2021\\\/01\\\/social_cover_photos_FB-02.png\",\"contentUrl\":\"https:\\\/\\\/ozmo.com\\\/wp-content\\\/uploads\\\/2021\\\/01\\\/social_cover_photos_FB-02.png\",\"width\":1501,\"height\":657},{\"@type\":\"BreadcrumbList\",\"@id\":\"https:\\\/\\\/ozmo.com\\\/fr\\\/#breadcrumb\",\"itemListElement\":[{\"@type\":\"ListItem\",\"position\":1,\"name\":\"Home\",\"item\":\"https:\\\/\\\/ozmo.com\\\/fr\\\/\"},{\"@type\":\"ListItem\",\"position\":2,\"name\":\"Homepage\"}]},{\"@type\":\"WebSite\",\"@id\":\"https:\\\/\\\/ozmo.com\\\/fr\\\/#website\",\"url\":\"https:\\\/\\\/ozmo.com\\\/fr\\\/\",\"name\":\"Ozmo\",\"description\":\"Ozmo makes complex tech support simple with a support platform that helps enterprises and their consumers solve any app, device or software issue.\",\"publisher\":{\"@id\":\"https:\\\/\\\/ozmo.com\\\/fr\\\/#organization\"},\"potentialAction\":[{\"@type\":\"SearchAction\",\"target\":{\"@type\":\"EntryPoint\",\"urlTemplate\":\"https:\\\/\\\/ozmo.com\\\/fr\\\/?s={search_term_string}\"},\"query-input\":{\"@type\":\"PropertyValueSpecification\",\"valueRequired\":true,\"valueName\":\"search_term_string\"}}],\"inLanguage\":\"fr-FR\"},{\"@type\":\"Organization\",\"@id\":\"https:\\\/\\\/ozmo.com\\\/fr\\\/#organization\",\"name\":\"Ozmo\",\"url\":\"https:\\\/\\\/ozmo.com\\\/fr\\\/\",\"logo\":{\"@type\":\"ImageObject\",\"inLanguage\":\"fr-FR\",\"@id\":\"https:\\\/\\\/ozmo.com\\\/fr\\\/#\\\/schema\\\/logo\\\/image\\\/\",\"url\":\"https:\\\/\\\/ozmo.com\\\/wp-content\\\/uploads\\\/2021\\\/01\\\/Ozmo_logo.png\",\"contentUrl\":\"https:\\\/\\\/ozmo.com\\\/wp-content\\\/uploads\\\/2021\\\/01\\\/Ozmo_logo.png\",\"width\":710,\"height\":172,\"caption\":\"Ozmo\"},\"image\":{\"@id\":\"https:\\\/\\\/ozmo.com\\\/fr\\\/#\\\/schema\\\/logo\\\/image\\\/\"}}]}<\/script>\n<!-- \/ Yoast SEO plugin. -->","yoast_head_json":{"title":"Homepage - Ozmo","robots":{"index":"index","follow":"follow","max-snippet":"max-snippet:-1","max-image-preview":"max-image-preview:large","max-video-preview":"max-video-preview:-1"},"canonical":"https:\/\/ozmo.com\/fr\/","og_locale":"fr_FR","og_type":"article","og_title":"Homepage - Ozmo","og_url":"https:\/\/ozmo.com\/fr\/","og_site_name":"Ozmo","article_modified_time":"2021-10-22T17:59:36+00:00","og_image":[{"url":"https:\/\/ozmo.com\/wp-content\/uploads\/2021\/02\/Ozmo2-01.png","type":"","width":"","height":""}],"twitter_card":"summary_large_image","twitter_image":"https:\/\/ozmo.com\/wp-content\/uploads\/2021\/02\/Ozmo2-01.png","schema":{"@context":"https:\/\/schema.org","@graph":[{"@type":"WebPage","@id":"https:\/\/ozmo.com\/fr\/","url":"https:\/\/ozmo.com\/fr\/","name":"Homepage - Ozmo","isPartOf":{"@id":"https:\/\/ozmo.com\/fr\/#website"},"primaryImageOfPage":{"@id":"https:\/\/ozmo.com\/fr\/#primaryimage"},"image":{"@id":"https:\/\/ozmo.com\/fr\/#primaryimage"},"thumbnailUrl":"https:\/\/ozmo.com\/wp-content\/uploads\/2021\/01\/social_cover_photos_FB-02.png","datePublished":"2021-02-02T17:55:35+00:00","dateModified":"2021-10-22T17:59:36+00:00","breadcrumb":{"@id":"https:\/\/ozmo.com\/fr\/#breadcrumb"},"inLanguage":"fr-FR","potentialAction":[{"@type":"ReadAction","target":["https:\/\/ozmo.com\/fr\/"]}]},{"@type":"ImageObject","inLanguage":"fr-FR","@id":"https:\/\/ozmo.com\/fr\/#primaryimage","url":"https:\/\/ozmo.com\/wp-content\/uploads\/2021\/01\/social_cover_photos_FB-02.png","contentUrl":"https:\/\/ozmo.com\/wp-content\/uploads\/2021\/01\/social_cover_photos_FB-02.png","width":1501,"height":657},{"@type":"BreadcrumbList","@id":"https:\/\/ozmo.com\/fr\/#breadcrumb","itemListElement":[{"@type":"ListItem","position":1,"name":"Home","item":"https:\/\/ozmo.com\/fr\/"},{"@type":"ListItem","position":2,"name":"Homepage"}]},{"@type":"WebSite","@id":"https:\/\/ozmo.com\/fr\/#website","url":"https:\/\/ozmo.com\/fr\/","name":"Ozmo","description":"Ozmo makes complex tech support simple with a support platform that helps enterprises and their consumers solve any app, device or software issue.","publisher":{"@id":"https:\/\/ozmo.com\/fr\/#organization"},"potentialAction":[{"@type":"SearchAction","target":{"@type":"EntryPoint","urlTemplate":"https:\/\/ozmo.com\/fr\/?s={search_term_string}"},"query-input":{"@type":"PropertyValueSpecification","valueRequired":true,"valueName":"search_term_string"}}],"inLanguage":"fr-FR"},{"@type":"Organization","@id":"https:\/\/ozmo.com\/fr\/#organization","name":"Ozmo","url":"https:\/\/ozmo.com\/fr\/","logo":{"@type":"ImageObject","inLanguage":"fr-FR","@id":"https:\/\/ozmo.com\/fr\/#\/schema\/logo\/image\/","url":"https:\/\/ozmo.com\/wp-content\/uploads\/2021\/01\/Ozmo_logo.png","contentUrl":"https:\/\/ozmo.com\/wp-content\/uploads\/2021\/01\/Ozmo_logo.png","width":710,"height":172,"caption":"Ozmo"},"image":{"@id":"https:\/\/ozmo.com\/fr\/#\/schema\/logo\/image\/"}}]}},"_links":{"self":[{"href":"https:\/\/ozmo.com\/fr\/wp-json\/wp\/v2\/pages\/2792","targetHints":{"allow":["GET"]}}],"collection":[{"href":"https:\/\/ozmo.com\/fr\/wp-json\/wp\/v2\/pages"}],"about":[{"href":"https:\/\/ozmo.com\/fr\/wp-json\/wp\/v2\/types\/page"}],"author":[{"embeddable":true,"href":"https:\/\/ozmo.com\/fr\/wp-json\/wp\/v2\/users\/5"}],"replies":[{"embeddable":true,"href":"https:\/\/ozmo.com\/fr\/wp-json\/wp\/v2\/comments?post=2792"}],"version-history":[{"count":16,"href":"https:\/\/ozmo.com\/fr\/wp-json\/wp\/v2\/pages\/2792\/revisions"}],"predecessor-version":[{"id":7372,"href":"https:\/\/ozmo.com\/fr\/wp-json\/wp\/v2\/pages\/2792\/revisions\/7372"}],"wp:featuredmedia":[{"embeddable":true,"href":"https:\/\/ozmo.com\/fr\/wp-json\/wp\/v2\/media\/2759"}],"wp:attachment":[{"href":"https:\/\/ozmo.com\/fr\/wp-json\/wp\/v2\/media?parent=2792"}],"curies":[{"name":"wp","href":"https:\/\/api.w.org\/{rel}","templated":true}]}}