{"id":860,"date":"2020-10-20T11:08:56","date_gmt":"2020-10-20T15:08:56","guid":{"rendered":"https:\/\/dev-ozmo.pantheonsite.io\/verticals\/device-insurance\/"},"modified":"2021-10-22T14:20:58","modified_gmt":"2021-10-22T18:20:58","slug":"seguro-de-dispositivo","status":"publish","type":"page","link":"https:\/\/ozmo.com\/es\/verticales\/seguro-de-dispositivo\/","title":{"rendered":"Seguro de dispositivo"},"content":{"rendered":" \n<div class=\"hero-wrapper   gradient-background ozmo-blue gradient-02 \">\n  <div class=\"hero-content-wrapper left\">\n    <h2 class=\"hero-title\">Ozmo para proveedores de seguros de dispositivos<\/h2>\n          <h3 class=\"hero-subtitle\">Proporcione la mejor experiencia de soporte, de vital importancia para sus clientes<\/h3>\n                  <div class=\"button-wrapper\">\n        <a target=\"_self\" href=\"https:\/\/ozmo.com\/es\/solicitar-una-demostracion\/\">\n          <div tabindex=\"0\" class=\"button secondary  secondary hero-cta-button\">\n            <div>\n              <span>Solicitar una demostraci\u00f3n<\/span>\n            <\/div>\n          <\/div>\n        <\/a>\n      <\/div>\n      <\/div>\n  <\/div>\n\n\n<p>Los proveedores de seguros necesitan soluciones para ayudar a ampliar su negocio, mejorar la calidad de su atenci\u00f3n al cliente y reducir al m\u00ednimo los reclamos. Con las soluciones de Ozmo, los proveedores de seguros cuentan con las herramientas para proporcionar la mejor experiencia centrada en el cliente. Poder mantener y aumentar la lealtad de los clientes es esencial para su negocio. La plataforma de Ozmo le permite ofrecer la mejor experiencia de servicio al cliente preferencial de su clase. Reduzca los procesos manuales y mejore su oferta para confirmar m\u00e1s contratos empresariales, y atienda mejor las necesidades de los clientes que esperan un soporte de primera calidad por parte de su negocio. Gracias a Ozmo su negocio puede adquirir nuevas capacidades para ofrecer una satisfacci\u00f3n cliente que supere la de la competencia.<\/p>\n\n\n<div id=\"horizontal-media-block_5ff0bdffc9cc3\" class=\"section media-block horizontal-media-block alignfull solid-background ozmo-light-gray\">\n\n    <div class=\"container-fluid full-width\">\n        <h2>Beneficios clave para los proveedores de seguros<\/h2>        <div class=\"elements\">\n                            <div class=\"element product-media-block right\">\n                    <figure class=\"product-image right image-size-large\">\n                        <img loading=\"lazy\" decoding=\"async\" width=\"480\" height=\"480\" src=\"https:\/\/ozmo.com\/wp-content\/uploads\/2021\/01\/Insurance-01.png\" class=\"attachment-media-horizontal-image-large size-media-horizontal-image-large\" alt=\"\" srcset=\"https:\/\/ozmo.com\/wp-content\/uploads\/2021\/01\/Insurance-01.png 1667w, https:\/\/ozmo.com\/wp-content\/uploads\/2021\/01\/Insurance-01-300x300.png 300w, https:\/\/ozmo.com\/wp-content\/uploads\/2021\/01\/Insurance-01-1024x1024.png 1024w, https:\/\/ozmo.com\/wp-content\/uploads\/2021\/01\/Insurance-01-150x150.png 150w, https:\/\/ozmo.com\/wp-content\/uploads\/2021\/01\/Insurance-01-768x768.png 768w, https:\/\/ozmo.com\/wp-content\/uploads\/2021\/01\/Insurance-01-1536x1536.png 1536w, https:\/\/ozmo.com\/wp-content\/uploads\/2021\/01\/Insurance-01-1280x1281.png 1280w\" sizes=\"auto, (max-width: 480px) 100vw, 480px\" \/>                    <\/figure>\n                    <div class=\"text right\">\n                            <div class=\"heading\">\n                                <h3>Reduzca los reclamos de seguros<\/h3>                                                            <\/div>\n                            <div class=\"body-text\"><p>Lo que distingue a los proveedores de seguros de dispositivos es la atenci\u00f3n al cliente personalizada. La plataforma de Ozmo ofrece interacciones de soporte directas y, al mismo tiempo, reduce el n\u00famero de reclamos de seguros al proporcionar respuestas actualizadas en todos los dispositivos, aplicaciones y servicios. Si\u00e9ntase seguro sabiendo que cuenta con las herramientas para responder a cualquier pregunta a lo largo de toda la experiencia del cliente. La plataforma de Ozmo tiene las respuestas para las solicitudes m\u00e1s simples y tambi\u00e9n las m\u00e1s complejas.<\/p>\n<\/div>\n                                                <\/div>\n                <\/div>\n                            <div class=\"element product-media-block left\">\n                    <figure class=\"product-image left image-size-large\">\n                        <img loading=\"lazy\" decoding=\"async\" width=\"480\" height=\"480\" src=\"https:\/\/ozmo.com\/wp-content\/uploads\/2021\/01\/Insurance-02-1.png\" class=\"attachment-media-horizontal-image-large size-media-horizontal-image-large\" alt=\"\" srcset=\"https:\/\/ozmo.com\/wp-content\/uploads\/2021\/01\/Insurance-02-1.png 1668w, https:\/\/ozmo.com\/wp-content\/uploads\/2021\/01\/Insurance-02-1-300x300.png 300w, https:\/\/ozmo.com\/wp-content\/uploads\/2021\/01\/Insurance-02-1-1024x1024.png 1024w, https:\/\/ozmo.com\/wp-content\/uploads\/2021\/01\/Insurance-02-1-150x150.png 150w, https:\/\/ozmo.com\/wp-content\/uploads\/2021\/01\/Insurance-02-1-768x768.png 768w, https:\/\/ozmo.com\/wp-content\/uploads\/2021\/01\/Insurance-02-1-1536x1536.png 1536w, https:\/\/ozmo.com\/wp-content\/uploads\/2021\/01\/Insurance-02-1-1280x1280.png 1280w\" sizes=\"auto, (max-width: 480px) 100vw, 480px\" \/>                    <\/figure>\n                    <div class=\"text left\">\n                            <div class=\"heading\">\n                                <h3>Ventaja competitiva<\/h3>                                                            <\/div>\n                            <div class=\"body-text\"><p>Adquiera una ventaja competitiva a trav\u00e9s de nuestra plataforma omnicanal. Nuestras capacidades &#8220;todo en uno&#8221; proporcionan el conjunto de herramientas necesarias para establecer un equipo de agentes experimentados, listos para responder a cualquier consulta y brindar herramientas de soporte aut\u00f3nomo a aquellos clientes que prefieran resolver los problemas por su cuenta. Ampl\u00ede su oferta de experiencia al cliente con la plataforma Ozmo para concretar m\u00e1s negocios.<\/p>\n<\/div>\n                                                <\/div>\n                <\/div>\n                            <div class=\"element product-media-block right\">\n                    <figure class=\"product-image right image-size-large\">\n                        <img loading=\"lazy\" decoding=\"async\" width=\"480\" height=\"480\" src=\"https:\/\/ozmo.com\/wp-content\/uploads\/2021\/01\/Insurance-03.png\" class=\"attachment-media-horizontal-image-large size-media-horizontal-image-large\" alt=\"\" srcset=\"https:\/\/ozmo.com\/wp-content\/uploads\/2021\/01\/Insurance-03.png 1667w, https:\/\/ozmo.com\/wp-content\/uploads\/2021\/01\/Insurance-03-300x300.png 300w, https:\/\/ozmo.com\/wp-content\/uploads\/2021\/01\/Insurance-03-1024x1024.png 1024w, https:\/\/ozmo.com\/wp-content\/uploads\/2021\/01\/Insurance-03-150x150.png 150w, https:\/\/ozmo.com\/wp-content\/uploads\/2021\/01\/Insurance-03-768x768.png 768w, https:\/\/ozmo.com\/wp-content\/uploads\/2021\/01\/Insurance-03-1536x1536.png 1536w, https:\/\/ozmo.com\/wp-content\/uploads\/2021\/01\/Insurance-03-1280x1281.png 1280w\" sizes=\"auto, (max-width: 480px) 100vw, 480px\" \/>                    <\/figure>\n                    <div class=\"text right\">\n                            <div class=\"heading\">\n                                <h3> La mejor experiencia de soporte en su clase<\/h3>                                                            <\/div>\n                            <div class=\"body-text\"><p>Para los clientes, una protecci\u00f3n integral de su dispositivo es lo que hace que el seguro valga la pena el gasto adicional. Entendemos la importancia de la satisfacci\u00f3n del cliente y estamos aqu\u00ed para asegurarnos de que su servicio de atenci\u00f3n al cliente preferencial sea inigualable. Al usar la plataforma de Ozmo, sus usuarios pueden esperar un soporte de alta excelencia que asegura una resoluci\u00f3n en el primer contacto y un alto puntaje de fidelidad de los clientes.<\/p>\n<\/div>\n                                                <\/div>\n                <\/div>\n                    <\/div>\n    <\/div>\n\n    <style type=\"text\/css\">\n    <\/style>\n<\/div>\n\n\n<div class=\"section cta-block shape-background teal-to-blue-o\">\n  <div class=\"container\">\n          <h2 class=\"cta-heading\">Soluciones para los proveedores de seguros<\/h2>\n        <p class=\"cta-text\">Obtenga m\u00e1s informaci\u00f3n sobre c\u00f3mo Ozmo ayuda a los proveedores de seguros de dispositivos. Si su empresa est\u00e1 interesada en el soporte asistido, el soporte aut\u00f3nomo o la incorporaci\u00f3n de servicios, nuestra plataforma omnicanal est\u00e1 preparada para manejarlo todo.<\/p>\n    <div class=\"cta-button-wrapper\">\n      <a target=\"_self\" href=\"https:\/\/ozmo.com\/es\/las-soluciones-de-ozmo\/\" >\n        <div tabindex=\"0\" class=\"button primary secondary hero-cta-button\">\n          <div>\n            <span>Ver soluciones para proveedores de seguros<\/span>\n          <\/div>\n        <\/div>\n      <\/a>\n    <\/div>\n  <\/div>\n<\/div>","protected":false},"excerpt":{"rendered":"<p>Los proveedores de seguros necesitan soluciones para ayudar a ampliar su negocio, mejorar la calidad de su atenci\u00f3n al cliente y reducir al m\u00ednimo los reclamos. Con las soluciones de Ozmo, los proveedores de seguros cuentan con las herramientas para proporcionar la mejor experiencia centrada en el cliente. Poder mantener y aumentar la lealtad de [&hellip;]<\/p>\n","protected":false},"author":1,"featured_media":0,"parent":815,"menu_order":0,"comment_status":"closed","ping_status":"closed","template":"","meta":{"_acf_changed":false,"footnotes":""},"class_list":["post-860","page","type-page","status-publish","hentry"],"acf":[],"yoast_head":"<!-- This site is optimized with the Yoast SEO plugin v27.3 - https:\/\/yoast.com\/product\/yoast-seo-wordpress\/ -->\n<title>Seguro de dispositivo - Ozmo<\/title>\n<meta name=\"robots\" content=\"index, follow, max-snippet:-1, max-image-preview:large, max-video-preview:-1\" \/>\n<link rel=\"canonical\" href=\"https:\/\/ozmo.com\/es\/verticales\/seguro-de-dispositivo\/\" \/>\n<meta property=\"og:locale\" content=\"es_ES\" \/>\n<meta property=\"og:type\" content=\"article\" \/>\n<meta property=\"og:title\" content=\"Seguro de dispositivo - Ozmo\" \/>\n<meta property=\"og:description\" content=\"Los proveedores de seguros necesitan soluciones para ayudar a ampliar su negocio, mejorar la calidad de su atenci\u00f3n al cliente y reducir al m\u00ednimo los reclamos. Con las soluciones de Ozmo, los proveedores de seguros cuentan con las herramientas para proporcionar la mejor experiencia centrada en el cliente. Poder mantener y aumentar la lealtad de [&hellip;]\" \/>\n<meta property=\"og:url\" content=\"https:\/\/ozmo.com\/es\/verticales\/seguro-de-dispositivo\/\" \/>\n<meta property=\"og:site_name\" content=\"Ozmo\" \/>\n<meta property=\"article:modified_time\" content=\"2021-10-22T18:20:58+00:00\" \/>\n<meta property=\"og:image\" content=\"https:\/\/ozmo.com\/wp-content\/uploads\/2021\/02\/TechInsurance_Ozmo-01.png\" \/>\n<meta name=\"twitter:card\" content=\"summary_large_image\" \/>\n<meta name=\"twitter:image\" content=\"https:\/\/ozmo.com\/wp-content\/uploads\/2021\/02\/TechInsurance_Ozmo-01.png\" \/>\n<meta name=\"twitter:label1\" content=\"Est. reading time\" \/>\n\t<meta name=\"twitter:data1\" content=\"1 minute\" \/>\n<script type=\"application\/ld+json\" class=\"yoast-schema-graph\">{\"@context\":\"https:\\\/\\\/schema.org\",\"@graph\":[{\"@type\":\"WebPage\",\"@id\":\"https:\\\/\\\/ozmo.com\\\/es\\\/verticales\\\/seguro-de-dispositivo\\\/\",\"url\":\"https:\\\/\\\/ozmo.com\\\/es\\\/verticales\\\/seguro-de-dispositivo\\\/\",\"name\":\"Seguro de dispositivo - Ozmo\",\"isPartOf\":{\"@id\":\"https:\\\/\\\/ozmo.com\\\/es\\\/#website\"},\"datePublished\":\"2020-10-20T15:08:56+00:00\",\"dateModified\":\"2021-10-22T18:20:58+00:00\",\"breadcrumb\":{\"@id\":\"https:\\\/\\\/ozmo.com\\\/es\\\/verticales\\\/seguro-de-dispositivo\\\/#breadcrumb\"},\"inLanguage\":\"es-ES\",\"potentialAction\":[{\"@type\":\"ReadAction\",\"target\":[\"https:\\\/\\\/ozmo.com\\\/es\\\/verticales\\\/seguro-de-dispositivo\\\/\"]}]},{\"@type\":\"BreadcrumbList\",\"@id\":\"https:\\\/\\\/ozmo.com\\\/es\\\/verticales\\\/seguro-de-dispositivo\\\/#breadcrumb\",\"itemListElement\":[{\"@type\":\"ListItem\",\"position\":1,\"name\":\"Home\",\"item\":\"https:\\\/\\\/ozmo.com\\\/es\\\/\"},{\"@type\":\"ListItem\",\"position\":2,\"name\":\"Verticales\",\"item\":\"http:\\\/\\\/ozmo.com\\\/es\\\/industries\\\/\"},{\"@type\":\"ListItem\",\"position\":3,\"name\":\"Seguro de dispositivo\"}]},{\"@type\":\"WebSite\",\"@id\":\"https:\\\/\\\/ozmo.com\\\/es\\\/#website\",\"url\":\"https:\\\/\\\/ozmo.com\\\/es\\\/\",\"name\":\"Ozmo\",\"description\":\"Ozmo makes complex tech support simple with a support platform that helps enterprises and their consumers solve any app, device or software issue.\",\"publisher\":{\"@id\":\"https:\\\/\\\/ozmo.com\\\/es\\\/#organization\"},\"potentialAction\":[{\"@type\":\"SearchAction\",\"target\":{\"@type\":\"EntryPoint\",\"urlTemplate\":\"https:\\\/\\\/ozmo.com\\\/es\\\/?s={search_term_string}\"},\"query-input\":{\"@type\":\"PropertyValueSpecification\",\"valueRequired\":true,\"valueName\":\"search_term_string\"}}],\"inLanguage\":\"es-ES\"},{\"@type\":\"Organization\",\"@id\":\"https:\\\/\\\/ozmo.com\\\/es\\\/#organization\",\"name\":\"Ozmo\",\"url\":\"https:\\\/\\\/ozmo.com\\\/es\\\/\",\"logo\":{\"@type\":\"ImageObject\",\"inLanguage\":\"es-ES\",\"@id\":\"https:\\\/\\\/ozmo.com\\\/es\\\/#\\\/schema\\\/logo\\\/image\\\/\",\"url\":\"https:\\\/\\\/ozmo.com\\\/wp-content\\\/uploads\\\/2021\\\/01\\\/Ozmo_logo.png\",\"contentUrl\":\"https:\\\/\\\/ozmo.com\\\/wp-content\\\/uploads\\\/2021\\\/01\\\/Ozmo_logo.png\",\"width\":710,\"height\":172,\"caption\":\"Ozmo\"},\"image\":{\"@id\":\"https:\\\/\\\/ozmo.com\\\/es\\\/#\\\/schema\\\/logo\\\/image\\\/\"}}]}<\/script>\n<!-- \/ Yoast SEO plugin. -->","yoast_head_json":{"title":"Seguro de dispositivo - Ozmo","robots":{"index":"index","follow":"follow","max-snippet":"max-snippet:-1","max-image-preview":"max-image-preview:large","max-video-preview":"max-video-preview:-1"},"canonical":"https:\/\/ozmo.com\/es\/verticales\/seguro-de-dispositivo\/","og_locale":"es_ES","og_type":"article","og_title":"Seguro de dispositivo - Ozmo","og_description":"Los proveedores de seguros necesitan soluciones para ayudar a ampliar su negocio, mejorar la calidad de su atenci\u00f3n al cliente y reducir al m\u00ednimo los reclamos. Con las soluciones de Ozmo, los proveedores de seguros cuentan con las herramientas para proporcionar la mejor experiencia centrada en el cliente. Poder mantener y aumentar la lealtad de [&hellip;]","og_url":"https:\/\/ozmo.com\/es\/verticales\/seguro-de-dispositivo\/","og_site_name":"Ozmo","article_modified_time":"2021-10-22T18:20:58+00:00","og_image":[{"url":"https:\/\/ozmo.com\/wp-content\/uploads\/2021\/02\/TechInsurance_Ozmo-01.png","type":"","width":"","height":""}],"twitter_card":"summary_large_image","twitter_image":"https:\/\/ozmo.com\/wp-content\/uploads\/2021\/02\/TechInsurance_Ozmo-01.png","twitter_misc":{"Est. reading time":"1 minute"},"schema":{"@context":"https:\/\/schema.org","@graph":[{"@type":"WebPage","@id":"https:\/\/ozmo.com\/es\/verticales\/seguro-de-dispositivo\/","url":"https:\/\/ozmo.com\/es\/verticales\/seguro-de-dispositivo\/","name":"Seguro de dispositivo - Ozmo","isPartOf":{"@id":"https:\/\/ozmo.com\/es\/#website"},"datePublished":"2020-10-20T15:08:56+00:00","dateModified":"2021-10-22T18:20:58+00:00","breadcrumb":{"@id":"https:\/\/ozmo.com\/es\/verticales\/seguro-de-dispositivo\/#breadcrumb"},"inLanguage":"es-ES","potentialAction":[{"@type":"ReadAction","target":["https:\/\/ozmo.com\/es\/verticales\/seguro-de-dispositivo\/"]}]},{"@type":"BreadcrumbList","@id":"https:\/\/ozmo.com\/es\/verticales\/seguro-de-dispositivo\/#breadcrumb","itemListElement":[{"@type":"ListItem","position":1,"name":"Home","item":"https:\/\/ozmo.com\/es\/"},{"@type":"ListItem","position":2,"name":"Verticales","item":"http:\/\/ozmo.com\/es\/industries\/"},{"@type":"ListItem","position":3,"name":"Seguro de dispositivo"}]},{"@type":"WebSite","@id":"https:\/\/ozmo.com\/es\/#website","url":"https:\/\/ozmo.com\/es\/","name":"Ozmo","description":"Ozmo makes complex tech support simple with a support platform that helps enterprises and their consumers solve any app, device or software issue.","publisher":{"@id":"https:\/\/ozmo.com\/es\/#organization"},"potentialAction":[{"@type":"SearchAction","target":{"@type":"EntryPoint","urlTemplate":"https:\/\/ozmo.com\/es\/?s={search_term_string}"},"query-input":{"@type":"PropertyValueSpecification","valueRequired":true,"valueName":"search_term_string"}}],"inLanguage":"es-ES"},{"@type":"Organization","@id":"https:\/\/ozmo.com\/es\/#organization","name":"Ozmo","url":"https:\/\/ozmo.com\/es\/","logo":{"@type":"ImageObject","inLanguage":"es-ES","@id":"https:\/\/ozmo.com\/es\/#\/schema\/logo\/image\/","url":"https:\/\/ozmo.com\/wp-content\/uploads\/2021\/01\/Ozmo_logo.png","contentUrl":"https:\/\/ozmo.com\/wp-content\/uploads\/2021\/01\/Ozmo_logo.png","width":710,"height":172,"caption":"Ozmo"},"image":{"@id":"https:\/\/ozmo.com\/es\/#\/schema\/logo\/image\/"}}]}},"_links":{"self":[{"href":"https:\/\/ozmo.com\/es\/wp-json\/wp\/v2\/pages\/860","targetHints":{"allow":["GET"]}}],"collection":[{"href":"https:\/\/ozmo.com\/es\/wp-json\/wp\/v2\/pages"}],"about":[{"href":"https:\/\/ozmo.com\/es\/wp-json\/wp\/v2\/types\/page"}],"author":[{"embeddable":true,"href":"https:\/\/ozmo.com\/es\/wp-json\/wp\/v2\/users\/1"}],"replies":[{"embeddable":true,"href":"https:\/\/ozmo.com\/es\/wp-json\/wp\/v2\/comments?post=860"}],"version-history":[{"count":25,"href":"https:\/\/ozmo.com\/es\/wp-json\/wp\/v2\/pages\/860\/revisions"}],"predecessor-version":[{"id":7425,"href":"https:\/\/ozmo.com\/es\/wp-json\/wp\/v2\/pages\/860\/revisions\/7425"}],"up":[{"embeddable":true,"href":"https:\/\/ozmo.com\/es\/wp-json\/wp\/v2\/pages\/815"}],"wp:attachment":[{"href":"https:\/\/ozmo.com\/es\/wp-json\/wp\/v2\/media?parent=860"}],"curies":[{"name":"wp","href":"https:\/\/api.w.org\/{rel}","templated":true}]}}