{"id":851,"date":"2020-10-20T11:08:30","date_gmt":"2020-10-20T15:08:30","guid":{"rendered":"https:\/\/dev-ozmo.pantheonsite.io\/verticals\/smart-devices\/"},"modified":"2021-10-22T14:19:23","modified_gmt":"2021-10-22T18:19:23","slug":"dispositivos-inteligentes","status":"publish","type":"page","link":"https:\/\/ozmo.com\/es\/verticales\/dispositivos-inteligentes\/","title":{"rendered":"Dispositivos inteligentes"},"content":{"rendered":" \n<div class=\"hero-wrapper   gradient-background ozmo-blue gradient-02 \">\n  <div class=\"hero-content-wrapper left\">\n    <h2 class=\"hero-title\">Ozmo para fabricantes de dispositivos inteligentes<\/h2>\n          <h3 class=\"hero-subtitle\">Asegure la lealtad y la satisfacci\u00f3n de los clientes con Ozmo<\/h3>\n                  <div class=\"button-wrapper\">\n        <a target=\"_self\" href=\"https:\/\/ozmo.com\/es\/solicitar-una-demostracion\/\">\n          <div tabindex=\"0\" class=\"button secondary  secondary hero-cta-button\">\n            <div>\n              <span>Solicitar una demostraci\u00f3n<\/span>\n            <\/div>\n          <\/div>\n        <\/a>\n      <\/div>\n      <\/div>\n  <\/div>\n\n\n<p>Ya que los dispositivos conectados est\u00e1n en constante evoluci\u00f3n, la necesidad de soluciones integrales de soporte t\u00e9cnico resulta evidente. La robusta plataforma de respuestas de Ozmo est\u00e1 equipada para resolver las preguntas de sus clientes sobre sus productos, aplicaciones y servicios y los ecosistemas en los que operan. Construya la lealtad de marca y mejore la satisfacci\u00f3n cliente con respuestas siempre actualizadas y adaptadas a sus clientes en sus canales preferidos, ya sea mediante un soporte aut\u00f3nomo o asistido. Permita a los clientes sacar el m\u00e1ximo provecho de sus productos con una experiencia de incorporaci\u00f3n sin fricciones. El objetivo de Ozmo es garantizar que cada interacci\u00f3n con sus clientes a lo largo de su viaje, independientemente del canal, sea una experiencia positiva.<\/p>\n\n\n<div id=\"horizontal-media-block_5ff0b9f361446\" class=\"section media-block horizontal-media-block alignfull solid-background ozmo-light-gray\">\n\n    <div class=\"container-fluid full-width\">\n        <h2>Principales beneficios para los fabricantes de dispositivos inteligentes<\/h2>        <div class=\"elements\">\n                            <div class=\"element product-media-block left\">\n                    <figure class=\"product-image left image-size-large\">\n                        <img loading=\"lazy\" decoding=\"async\" width=\"480\" height=\"480\" src=\"https:\/\/ozmo.com\/wp-content\/uploads\/2021\/01\/OEM-01.png\" class=\"attachment-media-horizontal-image-large size-media-horizontal-image-large\" alt=\"\" srcset=\"https:\/\/ozmo.com\/wp-content\/uploads\/2021\/01\/OEM-01.png 1667w, https:\/\/ozmo.com\/wp-content\/uploads\/2021\/01\/OEM-01-300x300.png 300w, https:\/\/ozmo.com\/wp-content\/uploads\/2021\/01\/OEM-01-1024x1024.png 1024w, https:\/\/ozmo.com\/wp-content\/uploads\/2021\/01\/OEM-01-150x150.png 150w, https:\/\/ozmo.com\/wp-content\/uploads\/2021\/01\/OEM-01-768x768.png 768w, https:\/\/ozmo.com\/wp-content\/uploads\/2021\/01\/OEM-01-1536x1536.png 1536w, https:\/\/ozmo.com\/wp-content\/uploads\/2021\/01\/OEM-01-1280x1281.png 1280w\" sizes=\"auto, (max-width: 480px) 100vw, 480px\" \/>                    <\/figure>\n                    <div class=\"text left\">\n                            <div class=\"heading\">\n                                <h3>Elimine los procesos manuales mediante la externalizaci\u00f3n del soporte.<\/h3>                                                            <\/div>\n                            <div class=\"body-text\"><p>Sistematice sus operaciones de atenci\u00f3n al cliente invirtiendo en una plataforma omnicanal. Los agentes pasar\u00e1n menos tiempo buscando respuestas e ingresando manualmente los datos de los clientes. La automatizaci\u00f3n reducir\u00e1 el AHT (tiempo promedio de respuesta) permitiendo que sus equipos manejen m\u00e1s solicitudes y a la vez ofrezcan el servicio al cliente esperado.<\/p>\n<\/div>\n                                                <\/div>\n                <\/div>\n                            <div class=\"element product-media-block right\">\n                    <figure class=\"product-image right image-size-large\">\n                        <img loading=\"lazy\" decoding=\"async\" width=\"480\" height=\"480\" src=\"https:\/\/ozmo.com\/wp-content\/uploads\/2021\/01\/OEM-02.png\" class=\"attachment-media-horizontal-image-large size-media-horizontal-image-large\" alt=\"\" srcset=\"https:\/\/ozmo.com\/wp-content\/uploads\/2021\/01\/OEM-02.png 1668w, https:\/\/ozmo.com\/wp-content\/uploads\/2021\/01\/OEM-02-300x300.png 300w, https:\/\/ozmo.com\/wp-content\/uploads\/2021\/01\/OEM-02-1024x1024.png 1024w, https:\/\/ozmo.com\/wp-content\/uploads\/2021\/01\/OEM-02-150x150.png 150w, https:\/\/ozmo.com\/wp-content\/uploads\/2021\/01\/OEM-02-768x768.png 768w, https:\/\/ozmo.com\/wp-content\/uploads\/2021\/01\/OEM-02-1536x1536.png 1536w, https:\/\/ozmo.com\/wp-content\/uploads\/2021\/01\/OEM-02-1280x1280.png 1280w\" sizes=\"auto, (max-width: 480px) 100vw, 480px\" \/>                    <\/figure>\n                    <div class=\"text right\">\n                            <div class=\"heading\">\n                                <h3>Conozca a sus los clientes<\/h3>                                                            <\/div>\n                            <div class=\"body-text\"><p>Conozca mejor su base de clientes a trav\u00e9s de las interacciones de los dispositivos y las dificultades que experimentan.<\/p>\n<\/div>\n                                                <\/div>\n                <\/div>\n                            <div class=\"element product-media-block left\">\n                    <figure class=\"product-image left image-size-large\">\n                        <img loading=\"lazy\" decoding=\"async\" width=\"480\" height=\"480\" src=\"https:\/\/ozmo.com\/wp-content\/uploads\/2021\/01\/OEM-03-1.png\" class=\"attachment-media-horizontal-image-large size-media-horizontal-image-large\" alt=\"\" srcset=\"https:\/\/ozmo.com\/wp-content\/uploads\/2021\/01\/OEM-03-1.png 1667w, https:\/\/ozmo.com\/wp-content\/uploads\/2021\/01\/OEM-03-1-300x300.png 300w, https:\/\/ozmo.com\/wp-content\/uploads\/2021\/01\/OEM-03-1-1024x1024.png 1024w, https:\/\/ozmo.com\/wp-content\/uploads\/2021\/01\/OEM-03-1-150x150.png 150w, https:\/\/ozmo.com\/wp-content\/uploads\/2021\/01\/OEM-03-1-768x768.png 768w, https:\/\/ozmo.com\/wp-content\/uploads\/2021\/01\/OEM-03-1-1536x1536.png 1536w, https:\/\/ozmo.com\/wp-content\/uploads\/2021\/01\/OEM-03-1-1280x1281.png 1280w\" sizes=\"auto, (max-width: 480px) 100vw, 480px\" \/>                    <\/figure>\n                    <div class=\"text left\">\n                            <div class=\"heading\">\n                                <h3>Aumente la lealtad de marca<\/h3>                                                            <\/div>\n                            <div class=\"body-text\"><p>Asegure la satisfacci\u00f3n y la retenci\u00f3n de los clientes ofreciendo un soporte de primera calidad a lo largo de todo el ciclo de vida del cliente.<\/p>\n<\/div>\n                                                <\/div>\n                <\/div>\n                    <\/div>\n    <\/div>\n\n    <style type=\"text\/css\">\n    <\/style>\n<\/div>\n\n<div id=\"icon-grid-block_5ff0ba306144a\" class=\"section icon-grid-block alignfull ozmo-white-background\">\n\n        <div class=\"icon-grid\">\n                            <div class=\"details left\">\n                    <h2>Categor\u00edas t\u00e9cnicas para las cuales Ozmo brinda soporte:<\/h2>                <\/div>\n            \n            <div class=\"elements columns-3\">\n                                        <div class=\"element\">\n                                                \n                                <figure class=\"image left image-size-small\">\n                                    <img decoding=\"async\" src=\"https:\/\/ozmo.com\/wp-content\/uploads\/2021\/01\/Device-types-01-1.png\" alt=\"Smartphones tablets\">\n                                <\/figure>\n                            \n                            <div class=\"text left\">\n                                <h4>Tel\u00e9fonos inteligentes y tabletas<\/h4>\n                                                            <\/div>\n                        <\/div>\n                                        <div class=\"element\">\n                                                \n                                <figure class=\"image left image-size-small\">\n                                    <img decoding=\"async\" src=\"https:\/\/ozmo.com\/wp-content\/uploads\/2021\/01\/Device-types-02-1.png\" alt=\"Connected home\">\n                                <\/figure>\n                            \n                            <div class=\"text left\">\n                                <h4>Hogares conectados<\/h4>\n                                                            <\/div>\n                        <\/div>\n                                        <div class=\"element\">\n                                                \n                                <figure class=\"image left image-size-small\">\n                                    <img decoding=\"async\" src=\"https:\/\/ozmo.com\/wp-content\/uploads\/2021\/01\/Device-types-03-1.png\" alt=\"Wearables\">\n                                <\/figure>\n                            \n                            <div class=\"text left\">\n                                <h4>Dispositivos port\u00e1tiles<\/h4>\n                                                            <\/div>\n                        <\/div>\n                                        <div class=\"element\">\n                                                \n                                <figure class=\"image left image-size-small\">\n                                    <img decoding=\"async\" src=\"https:\/\/ozmo.com\/wp-content\/uploads\/2021\/01\/Device-types-04-1.png\" alt=\"Accessories\">\n                                <\/figure>\n                            \n                            <div class=\"text left\">\n                                <h4>Accesorios<\/h4>\n                                                            <\/div>\n                        <\/div>\n                                        <div class=\"element\">\n                                                \n                                <figure class=\"image left image-size-small\">\n                                    <img decoding=\"async\" src=\"https:\/\/ozmo.com\/wp-content\/uploads\/2021\/01\/Device-types-05-1.png\" alt=\"Modems routers\">\n                                <\/figure>\n                            \n                            <div class=\"text left\">\n                                <h4>M\u00f3dems y otros productos<\/h4>\n                                                            <\/div>\n                        <\/div>\n                                        <div class=\"element\">\n                                                \n                                <figure class=\"image left image-size-small\">\n                                    <img decoding=\"async\" src=\"https:\/\/ozmo.com\/wp-content\/uploads\/2021\/01\/Device-types-06-1.png\" alt=\"Mobile apps\">\n                                <\/figure>\n                            \n                            <div class=\"text left\">\n                                <h4>Aplicaciones m\u00f3viles<\/h4>\n                                                            <\/div>\n                        <\/div>\n                            <\/div>\n\n        <\/div>\n        \n<\/div>\n\n\n<div class=\"section cta-block shape-background teal-to-blue-o\">\n  <div class=\"container\">\n          <h2 class=\"cta-heading\">Soluciones para dispositivos inteligentes<\/h2>\n        <p class=\"cta-text\">Obtenga m\u00e1s informaci\u00f3n sobre c\u00f3mo Ozmo ayuda a los proveedores de dispositivos inteligentes. Si su empresa est\u00e1 interesada en el soporte asistido, el soporte aut\u00f3nomo o la incorporaci\u00f3n de servicios, nuestra plataforma omnicanal est\u00e1 preparada para manejarlo todo.<\/p>\n    <div class=\"cta-button-wrapper\">\n      <a target=\"_self\" href=\"https:\/\/ozmo.com\/es\/las-soluciones-de-ozmo\/\" >\n        <div tabindex=\"0\" class=\"button primary secondary hero-cta-button\">\n          <div>\n            <span>Ver soluciones para proveedores de dispositivos inteligentes<\/span>\n          <\/div>\n        <\/div>\n      <\/a>\n    <\/div>\n  <\/div>\n<\/div>","protected":false},"excerpt":{"rendered":"<p>Ya que los dispositivos conectados est\u00e1n en constante evoluci\u00f3n, la necesidad de soluciones integrales de soporte t\u00e9cnico resulta evidente. La robusta plataforma de respuestas de Ozmo est\u00e1 equipada para resolver las preguntas de sus clientes sobre sus productos, aplicaciones y servicios y los ecosistemas en los que operan. Construya la lealtad de marca y mejore [&hellip;]<\/p>\n","protected":false},"author":1,"featured_media":0,"parent":815,"menu_order":0,"comment_status":"closed","ping_status":"closed","template":"","meta":{"_acf_changed":false,"footnotes":""},"class_list":["post-851","page","type-page","status-publish","hentry"],"acf":[],"yoast_head":"<!-- This site is optimized with the Yoast SEO plugin v27.3 - https:\/\/yoast.com\/product\/yoast-seo-wordpress\/ -->\n<title>Dispositivos inteligentes - Ozmo<\/title>\n<meta name=\"robots\" content=\"index, follow, max-snippet:-1, max-image-preview:large, max-video-preview:-1\" \/>\n<link rel=\"canonical\" href=\"https:\/\/ozmo.com\/es\/verticales\/dispositivos-inteligentes\/\" \/>\n<meta property=\"og:locale\" content=\"es_ES\" \/>\n<meta property=\"og:type\" content=\"article\" \/>\n<meta property=\"og:title\" content=\"Dispositivos inteligentes - Ozmo\" \/>\n<meta property=\"og:description\" content=\"Ya que los dispositivos conectados est\u00e1n en constante evoluci\u00f3n, la necesidad de soluciones integrales de soporte t\u00e9cnico resulta evidente. La robusta plataforma de respuestas de Ozmo est\u00e1 equipada para resolver las preguntas de sus clientes sobre sus productos, aplicaciones y servicios y los ecosistemas en los que operan. Construya la lealtad de marca y mejore [&hellip;]\" \/>\n<meta property=\"og:url\" content=\"https:\/\/ozmo.com\/es\/verticales\/dispositivos-inteligentes\/\" \/>\n<meta property=\"og:site_name\" content=\"Ozmo\" \/>\n<meta property=\"article:modified_time\" content=\"2021-10-22T18:19:23+00:00\" \/>\n<meta property=\"og:image\" content=\"https:\/\/ozmo.com\/wp-content\/uploads\/2021\/02\/SmartDevices_Ozmo-01.png\" \/>\n<meta name=\"twitter:card\" content=\"summary_large_image\" \/>\n<meta name=\"twitter:image\" content=\"https:\/\/ozmo.com\/wp-content\/uploads\/2021\/02\/SmartDevices_Ozmo-01.png\" \/>\n<meta name=\"twitter:label1\" content=\"Est. reading time\" \/>\n\t<meta name=\"twitter:data1\" content=\"1 minute\" \/>\n<script type=\"application\/ld+json\" class=\"yoast-schema-graph\">{\"@context\":\"https:\\\/\\\/schema.org\",\"@graph\":[{\"@type\":\"WebPage\",\"@id\":\"https:\\\/\\\/ozmo.com\\\/es\\\/verticales\\\/dispositivos-inteligentes\\\/\",\"url\":\"https:\\\/\\\/ozmo.com\\\/es\\\/verticales\\\/dispositivos-inteligentes\\\/\",\"name\":\"Dispositivos inteligentes - Ozmo\",\"isPartOf\":{\"@id\":\"https:\\\/\\\/ozmo.com\\\/es\\\/#website\"},\"datePublished\":\"2020-10-20T15:08:30+00:00\",\"dateModified\":\"2021-10-22T18:19:23+00:00\",\"breadcrumb\":{\"@id\":\"https:\\\/\\\/ozmo.com\\\/es\\\/verticales\\\/dispositivos-inteligentes\\\/#breadcrumb\"},\"inLanguage\":\"es-ES\",\"potentialAction\":[{\"@type\":\"ReadAction\",\"target\":[\"https:\\\/\\\/ozmo.com\\\/es\\\/verticales\\\/dispositivos-inteligentes\\\/\"]}]},{\"@type\":\"BreadcrumbList\",\"@id\":\"https:\\\/\\\/ozmo.com\\\/es\\\/verticales\\\/dispositivos-inteligentes\\\/#breadcrumb\",\"itemListElement\":[{\"@type\":\"ListItem\",\"position\":1,\"name\":\"Home\",\"item\":\"https:\\\/\\\/ozmo.com\\\/es\\\/\"},{\"@type\":\"ListItem\",\"position\":2,\"name\":\"Verticales\",\"item\":\"http:\\\/\\\/ozmo.com\\\/es\\\/industries\\\/\"},{\"@type\":\"ListItem\",\"position\":3,\"name\":\"Dispositivos inteligentes\"}]},{\"@type\":\"WebSite\",\"@id\":\"https:\\\/\\\/ozmo.com\\\/es\\\/#website\",\"url\":\"https:\\\/\\\/ozmo.com\\\/es\\\/\",\"name\":\"Ozmo\",\"description\":\"Ozmo makes complex tech support simple with a support platform that helps enterprises and their consumers solve any app, device or software issue.\",\"publisher\":{\"@id\":\"https:\\\/\\\/ozmo.com\\\/es\\\/#organization\"},\"potentialAction\":[{\"@type\":\"SearchAction\",\"target\":{\"@type\":\"EntryPoint\",\"urlTemplate\":\"https:\\\/\\\/ozmo.com\\\/es\\\/?s={search_term_string}\"},\"query-input\":{\"@type\":\"PropertyValueSpecification\",\"valueRequired\":true,\"valueName\":\"search_term_string\"}}],\"inLanguage\":\"es-ES\"},{\"@type\":\"Organization\",\"@id\":\"https:\\\/\\\/ozmo.com\\\/es\\\/#organization\",\"name\":\"Ozmo\",\"url\":\"https:\\\/\\\/ozmo.com\\\/es\\\/\",\"logo\":{\"@type\":\"ImageObject\",\"inLanguage\":\"es-ES\",\"@id\":\"https:\\\/\\\/ozmo.com\\\/es\\\/#\\\/schema\\\/logo\\\/image\\\/\",\"url\":\"https:\\\/\\\/ozmo.com\\\/wp-content\\\/uploads\\\/2021\\\/01\\\/Ozmo_logo.png\",\"contentUrl\":\"https:\\\/\\\/ozmo.com\\\/wp-content\\\/uploads\\\/2021\\\/01\\\/Ozmo_logo.png\",\"width\":710,\"height\":172,\"caption\":\"Ozmo\"},\"image\":{\"@id\":\"https:\\\/\\\/ozmo.com\\\/es\\\/#\\\/schema\\\/logo\\\/image\\\/\"}}]}<\/script>\n<!-- \/ Yoast SEO plugin. -->","yoast_head_json":{"title":"Dispositivos inteligentes - Ozmo","robots":{"index":"index","follow":"follow","max-snippet":"max-snippet:-1","max-image-preview":"max-image-preview:large","max-video-preview":"max-video-preview:-1"},"canonical":"https:\/\/ozmo.com\/es\/verticales\/dispositivos-inteligentes\/","og_locale":"es_ES","og_type":"article","og_title":"Dispositivos inteligentes - Ozmo","og_description":"Ya que los dispositivos conectados est\u00e1n en constante evoluci\u00f3n, la necesidad de soluciones integrales de soporte t\u00e9cnico resulta evidente. La robusta plataforma de respuestas de Ozmo est\u00e1 equipada para resolver las preguntas de sus clientes sobre sus productos, aplicaciones y servicios y los ecosistemas en los que operan. Construya la lealtad de marca y mejore [&hellip;]","og_url":"https:\/\/ozmo.com\/es\/verticales\/dispositivos-inteligentes\/","og_site_name":"Ozmo","article_modified_time":"2021-10-22T18:19:23+00:00","og_image":[{"url":"https:\/\/ozmo.com\/wp-content\/uploads\/2021\/02\/SmartDevices_Ozmo-01.png","type":"","width":"","height":""}],"twitter_card":"summary_large_image","twitter_image":"https:\/\/ozmo.com\/wp-content\/uploads\/2021\/02\/SmartDevices_Ozmo-01.png","twitter_misc":{"Est. reading time":"1 minute"},"schema":{"@context":"https:\/\/schema.org","@graph":[{"@type":"WebPage","@id":"https:\/\/ozmo.com\/es\/verticales\/dispositivos-inteligentes\/","url":"https:\/\/ozmo.com\/es\/verticales\/dispositivos-inteligentes\/","name":"Dispositivos inteligentes - Ozmo","isPartOf":{"@id":"https:\/\/ozmo.com\/es\/#website"},"datePublished":"2020-10-20T15:08:30+00:00","dateModified":"2021-10-22T18:19:23+00:00","breadcrumb":{"@id":"https:\/\/ozmo.com\/es\/verticales\/dispositivos-inteligentes\/#breadcrumb"},"inLanguage":"es-ES","potentialAction":[{"@type":"ReadAction","target":["https:\/\/ozmo.com\/es\/verticales\/dispositivos-inteligentes\/"]}]},{"@type":"BreadcrumbList","@id":"https:\/\/ozmo.com\/es\/verticales\/dispositivos-inteligentes\/#breadcrumb","itemListElement":[{"@type":"ListItem","position":1,"name":"Home","item":"https:\/\/ozmo.com\/es\/"},{"@type":"ListItem","position":2,"name":"Verticales","item":"http:\/\/ozmo.com\/es\/industries\/"},{"@type":"ListItem","position":3,"name":"Dispositivos inteligentes"}]},{"@type":"WebSite","@id":"https:\/\/ozmo.com\/es\/#website","url":"https:\/\/ozmo.com\/es\/","name":"Ozmo","description":"Ozmo makes complex tech support simple with a support platform that helps enterprises and their consumers solve any app, device or software issue.","publisher":{"@id":"https:\/\/ozmo.com\/es\/#organization"},"potentialAction":[{"@type":"SearchAction","target":{"@type":"EntryPoint","urlTemplate":"https:\/\/ozmo.com\/es\/?s={search_term_string}"},"query-input":{"@type":"PropertyValueSpecification","valueRequired":true,"valueName":"search_term_string"}}],"inLanguage":"es-ES"},{"@type":"Organization","@id":"https:\/\/ozmo.com\/es\/#organization","name":"Ozmo","url":"https:\/\/ozmo.com\/es\/","logo":{"@type":"ImageObject","inLanguage":"es-ES","@id":"https:\/\/ozmo.com\/es\/#\/schema\/logo\/image\/","url":"https:\/\/ozmo.com\/wp-content\/uploads\/2021\/01\/Ozmo_logo.png","contentUrl":"https:\/\/ozmo.com\/wp-content\/uploads\/2021\/01\/Ozmo_logo.png","width":710,"height":172,"caption":"Ozmo"},"image":{"@id":"https:\/\/ozmo.com\/es\/#\/schema\/logo\/image\/"}}]}},"_links":{"self":[{"href":"https:\/\/ozmo.com\/es\/wp-json\/wp\/v2\/pages\/851","targetHints":{"allow":["GET"]}}],"collection":[{"href":"https:\/\/ozmo.com\/es\/wp-json\/wp\/v2\/pages"}],"about":[{"href":"https:\/\/ozmo.com\/es\/wp-json\/wp\/v2\/types\/page"}],"author":[{"embeddable":true,"href":"https:\/\/ozmo.com\/es\/wp-json\/wp\/v2\/users\/1"}],"replies":[{"embeddable":true,"href":"https:\/\/ozmo.com\/es\/wp-json\/wp\/v2\/comments?post=851"}],"version-history":[{"count":31,"href":"https:\/\/ozmo.com\/es\/wp-json\/wp\/v2\/pages\/851\/revisions"}],"predecessor-version":[{"id":7423,"href":"https:\/\/ozmo.com\/es\/wp-json\/wp\/v2\/pages\/851\/revisions\/7423"}],"up":[{"embeddable":true,"href":"https:\/\/ozmo.com\/es\/wp-json\/wp\/v2\/pages\/815"}],"wp:attachment":[{"href":"https:\/\/ozmo.com\/es\/wp-json\/wp\/v2\/media?parent=851"}],"curies":[{"name":"wp","href":"https:\/\/api.w.org\/{rel}","templated":true}]}}