{"id":838,"date":"2020-10-20T11:08:19","date_gmt":"2020-10-20T15:08:19","guid":{"rendered":"https:\/\/dev-ozmo.pantheonsite.io\/telecom\/"},"modified":"2021-10-22T14:21:27","modified_gmt":"2021-10-22T18:21:27","slug":"telecomunicaciones","status":"publish","type":"page","link":"https:\/\/ozmo.com\/es\/verticales\/telecomunicaciones\/","title":{"rendered":"Telecomunicaciones"},"content":{"rendered":" \n<div class=\"hero-wrapper   gradient-background ozmo-blue gradient-02 \">\n  <div class=\"hero-content-wrapper left\">\n    <h2 class=\"hero-title\">Ozmo para telecomunicaciones <\/h2>\n          <h3 class=\"hero-subtitle\">Brinde a los proveedores de telecomunicaciones las herramientas necesarias para aumentar su base de clientes y reducir los costos<\/h3>\n                  <div class=\"button-wrapper\">\n        <a target=\"_self\" href=\"https:\/\/ozmo.com\/es\/solicitar-una-demostracion\/\">\n          <div tabindex=\"0\" class=\"button secondary  secondary hero-cta-button\">\n            <div>\n              <span>Solicitar una demostraci\u00f3n<\/span>\n            <\/div>\n          <\/div>\n        <\/a>\n      <\/div>\n      <\/div>\n  <\/div>\n\n<div id=\"paragraph-block_5ff0b24a4d789\" class=\"section paragraph-block alignfull ozmo-white-background\">\n\n        <div class=\"paragraph-container\">\n\n            <p>Para los proveedores de telecomunicaciones que buscan una plataforma de soporte &#8220;todo en uno&#8221; y &#8220;omnicanal&#8221;, Ozmo est\u00e1 aqu\u00ed para impulsar sus iniciativas de soporte digital. La experiencia del cliente es fundamental para el \u00e9xito de su negocio. Antes los proveedores de telecomunicaciones confiaban en la experiencia y las interacciones en persona para la atenci\u00f3n al cliente. Hoy en d\u00eda, la transformaci\u00f3n digital est\u00e1 cambiando r\u00e1pidamente el comportamiento de los consumidores, lo que genera mayores expectativas de los clientes en cuanto a una experiencia personalizada y sin problemas.<\/p>\n<p>Reconocemos la importancia de la experiencia del cliente y la contenci\u00f3n de los costos. Al trasladar sus operaciones de soporte a la soluci\u00f3n centrada en el cliente de Ozmo, puede reducir los costos y mejorar simult\u00e1neamente el servicio al cliente. Las robustas capacidades de Ozmo le ayudar\u00e1n a reducir la cancelaci\u00f3n de servicio, impulsar la eficiencia operativa y mantenerse por delante de la competencia en la experiencia cliente. Si su negocio consiste en una operaci\u00f3n global o se trata de una empresa enfocada regionalmente, un operador de red virtual m\u00f3vil, o un centro de llamadas subcontratado, estamos aqu\u00ed para ayudar.<\/p>\n\n        <\/div>\n        \n<\/div>\n\n<style type=\"text\/css\">\n\n\n\n<\/style>\n\n<\/div>\n\n\n<p><\/p>\n\n\n<div id=\"horizontal-media-block_5ff0b3217f0b2\" class=\"section media-block horizontal-media-block alignfull solid-background ozmo-light-gray\">\n\n    <div class=\"container-fluid full-width\">\n        <h2>Beneficios clave de las telecomunicaciones<\/h2>        <div class=\"elements\">\n                            <div class=\"element product-media-block left\">\n                    <figure class=\"product-image left image-size-large\">\n                        <img loading=\"lazy\" decoding=\"async\" width=\"480\" height=\"480\" src=\"https:\/\/ozmo.com\/wp-content\/uploads\/2021\/01\/Telco-01.png\" class=\"attachment-media-horizontal-image-large size-media-horizontal-image-large\" alt=\"Grow your customer base for telecom\" srcset=\"https:\/\/ozmo.com\/wp-content\/uploads\/2021\/01\/Telco-01.png 1667w, https:\/\/ozmo.com\/wp-content\/uploads\/2021\/01\/Telco-01-300x300.png 300w, https:\/\/ozmo.com\/wp-content\/uploads\/2021\/01\/Telco-01-1024x1024.png 1024w, https:\/\/ozmo.com\/wp-content\/uploads\/2021\/01\/Telco-01-150x150.png 150w, https:\/\/ozmo.com\/wp-content\/uploads\/2021\/01\/Telco-01-768x768.png 768w, https:\/\/ozmo.com\/wp-content\/uploads\/2021\/01\/Telco-01-1536x1536.png 1536w, https:\/\/ozmo.com\/wp-content\/uploads\/2021\/01\/Telco-01-1280x1281.png 1280w\" sizes=\"auto, (max-width: 480px) 100vw, 480px\" \/>                    <\/figure>\n                    <div class=\"text left\">\n                            <div class=\"heading\">\n                                <h3>Reduzca la cancelaci\u00f3n del servicio y aumente la base de clientes<\/h3>                                                            <\/div>\n                            <div class=\"body-text\"><p>Con la plataforma Ozmo, sus clientes podr\u00e1n elegir c\u00f3mo y d\u00f3nde reciben soporte.<\/p>\n<\/div>\n                                                <\/div>\n                <\/div>\n                            <div class=\"element product-media-block right\">\n                    <figure class=\"product-image right image-size-large\">\n                        <img loading=\"lazy\" decoding=\"async\" width=\"480\" height=\"480\" src=\"https:\/\/ozmo.com\/wp-content\/uploads\/2021\/01\/Telco-02.png\" class=\"attachment-media-horizontal-image-large size-media-horizontal-image-large\" alt=\"Efficiency for telecom providers\" srcset=\"https:\/\/ozmo.com\/wp-content\/uploads\/2021\/01\/Telco-02.png 1668w, https:\/\/ozmo.com\/wp-content\/uploads\/2021\/01\/Telco-02-300x300.png 300w, https:\/\/ozmo.com\/wp-content\/uploads\/2021\/01\/Telco-02-1024x1024.png 1024w, https:\/\/ozmo.com\/wp-content\/uploads\/2021\/01\/Telco-02-150x150.png 150w, https:\/\/ozmo.com\/wp-content\/uploads\/2021\/01\/Telco-02-768x768.png 768w, https:\/\/ozmo.com\/wp-content\/uploads\/2021\/01\/Telco-02-1536x1536.png 1536w, https:\/\/ozmo.com\/wp-content\/uploads\/2021\/01\/Telco-02-1280x1280.png 1280w\" sizes=\"auto, (max-width: 480px) 100vw, 480px\" \/>                    <\/figure>\n                    <div class=\"text right\">\n                            <div class=\"heading\">\n                                <h3>Eficiencia de operaci\u00f3n<\/h3>                                                            <\/div>\n                            <div class=\"body-text\"><p>Las soluciones de Ozmo proporcionan una \u00fanica fuente de respuestas de alta calidad y consistentes. A trav\u00e9s del soporte automatizado, su empresa eliminar\u00e1 los procesos internos redundantes y manuales ayudando a aumentar la eficiencia en sus operaciones de soporte.<\/p>\n<\/div>\n                                                <\/div>\n                <\/div>\n                            <div class=\"element product-media-block left\">\n                    <figure class=\"product-image left image-size-large\">\n                        <img loading=\"lazy\" decoding=\"async\" width=\"480\" height=\"480\" src=\"https:\/\/ozmo.com\/wp-content\/uploads\/2021\/01\/Telco-03.png\" class=\"attachment-media-horizontal-image-large size-media-horizontal-image-large\" alt=\"Cut costs for telecom providers\" srcset=\"https:\/\/ozmo.com\/wp-content\/uploads\/2021\/01\/Telco-03.png 1667w, https:\/\/ozmo.com\/wp-content\/uploads\/2021\/01\/Telco-03-300x300.png 300w, https:\/\/ozmo.com\/wp-content\/uploads\/2021\/01\/Telco-03-1024x1024.png 1024w, https:\/\/ozmo.com\/wp-content\/uploads\/2021\/01\/Telco-03-150x150.png 150w, https:\/\/ozmo.com\/wp-content\/uploads\/2021\/01\/Telco-03-768x768.png 768w, https:\/\/ozmo.com\/wp-content\/uploads\/2021\/01\/Telco-03-1536x1536.png 1536w, https:\/\/ozmo.com\/wp-content\/uploads\/2021\/01\/Telco-03-1280x1281.png 1280w\" sizes=\"auto, (max-width: 480px) 100vw, 480px\" \/>                    <\/figure>\n                    <div class=\"text left\">\n                            <div class=\"heading\">\n                                <h3>Reducci\u00f3n de costos<\/h3>                                                            <\/div>\n                            <div class=\"body-text\"><p>La soluci\u00f3n llave en mano de Ozmo minimiza la necesidad de bibliotecas de dispositivos f\u00edsicos y reduce el volumen de llamadas en su centro de soporte. A trav\u00e9s de nuestra plataforma, los agentes tienen acceso a una \u00fanica fuente de respuestas gracias a nuestra completa biblioteca virtual de dispositivos y aplicaciones.<\/p>\n<\/div>\n                                                <\/div>\n                <\/div>\n                    <\/div>\n    <\/div>\n\n    <style type=\"text\/css\">\n    <\/style>\n<\/div>\n\n\n<div class=\"section cta-block shape-background teal-to-blue-o\">\n  <div class=\"container\">\n          <h2 class=\"cta-heading\">Soluciones de telecomunicaciones<\/h2>\n        <p class=\"cta-text\">Obtenga m\u00e1s informaci\u00f3n sobre c\u00f3mo Ozmo ayuda a los proveedores de telecomunicaciones. Si su empresa est\u00e1 interesada en el soporte asistido, el soporte aut\u00f3nomo o la incorporaci\u00f3n de servicios, nuestra plataforma omnicanal est\u00e1 preparada para manejarlo todo.<\/p>\n    <div class=\"cta-button-wrapper\">\n      <a target=\"_self\" href=\"https:\/\/ozmo.com\/es\/las-soluciones-de-ozmo\/\" >\n        <div tabindex=\"0\" class=\"button primary secondary hero-cta-button\">\n          <div>\n            <span>Ver soluciones para proveedores de telecomunicaciones<\/span>\n          <\/div>\n        <\/div>\n      <\/a>\n    <\/div>\n  <\/div>\n<\/div>","protected":false},"excerpt":{"rendered":"","protected":false},"author":1,"featured_media":0,"parent":815,"menu_order":0,"comment_status":"closed","ping_status":"closed","template":"","meta":{"_acf_changed":false,"footnotes":""},"class_list":["post-838","page","type-page","status-publish","hentry"],"acf":[],"yoast_head":"<!-- This site is optimized with the Yoast SEO plugin v27.3 - https:\/\/yoast.com\/product\/yoast-seo-wordpress\/ -->\n<title>Telecomunicaciones - Ozmo<\/title>\n<meta name=\"robots\" content=\"index, follow, max-snippet:-1, max-image-preview:large, max-video-preview:-1\" \/>\n<link rel=\"canonical\" href=\"https:\/\/ozmo.com\/es\/verticales\/telecomunicaciones\/\" \/>\n<meta property=\"og:locale\" content=\"es_ES\" \/>\n<meta property=\"og:type\" content=\"article\" \/>\n<meta property=\"og:title\" content=\"Telecomunicaciones - Ozmo\" \/>\n<meta property=\"og:url\" content=\"https:\/\/ozmo.com\/es\/verticales\/telecomunicaciones\/\" \/>\n<meta property=\"og:site_name\" content=\"Ozmo\" \/>\n<meta property=\"article:modified_time\" content=\"2021-10-22T18:21:27+00:00\" \/>\n<meta property=\"og:image\" content=\"https:\/\/ozmo.com\/wp-content\/uploads\/2021\/02\/Telecom_Ozmo-01.png\" \/>\n<meta name=\"twitter:card\" content=\"summary_large_image\" \/>\n<meta name=\"twitter:image\" content=\"https:\/\/ozmo.com\/wp-content\/uploads\/2021\/02\/Telecom_Ozmo-01.png\" \/>\n<script type=\"application\/ld+json\" class=\"yoast-schema-graph\">{\"@context\":\"https:\\\/\\\/schema.org\",\"@graph\":[{\"@type\":\"WebPage\",\"@id\":\"https:\\\/\\\/ozmo.com\\\/es\\\/verticales\\\/telecomunicaciones\\\/\",\"url\":\"https:\\\/\\\/ozmo.com\\\/es\\\/verticales\\\/telecomunicaciones\\\/\",\"name\":\"Telecomunicaciones - Ozmo\",\"isPartOf\":{\"@id\":\"https:\\\/\\\/ozmo.com\\\/es\\\/#website\"},\"datePublished\":\"2020-10-20T15:08:19+00:00\",\"dateModified\":\"2021-10-22T18:21:27+00:00\",\"breadcrumb\":{\"@id\":\"https:\\\/\\\/ozmo.com\\\/es\\\/verticales\\\/telecomunicaciones\\\/#breadcrumb\"},\"inLanguage\":\"es-ES\",\"potentialAction\":[{\"@type\":\"ReadAction\",\"target\":[\"https:\\\/\\\/ozmo.com\\\/es\\\/verticales\\\/telecomunicaciones\\\/\"]}]},{\"@type\":\"BreadcrumbList\",\"@id\":\"https:\\\/\\\/ozmo.com\\\/es\\\/verticales\\\/telecomunicaciones\\\/#breadcrumb\",\"itemListElement\":[{\"@type\":\"ListItem\",\"position\":1,\"name\":\"Home\",\"item\":\"https:\\\/\\\/ozmo.com\\\/es\\\/\"},{\"@type\":\"ListItem\",\"position\":2,\"name\":\"Verticales\",\"item\":\"http:\\\/\\\/ozmo.com\\\/es\\\/industries\\\/\"},{\"@type\":\"ListItem\",\"position\":3,\"name\":\"Telecomunicaciones\"}]},{\"@type\":\"WebSite\",\"@id\":\"https:\\\/\\\/ozmo.com\\\/es\\\/#website\",\"url\":\"https:\\\/\\\/ozmo.com\\\/es\\\/\",\"name\":\"Ozmo\",\"description\":\"Ozmo makes complex tech support simple with a support platform that helps enterprises and their consumers solve any app, device or software issue.\",\"publisher\":{\"@id\":\"https:\\\/\\\/ozmo.com\\\/es\\\/#organization\"},\"potentialAction\":[{\"@type\":\"SearchAction\",\"target\":{\"@type\":\"EntryPoint\",\"urlTemplate\":\"https:\\\/\\\/ozmo.com\\\/es\\\/?s={search_term_string}\"},\"query-input\":{\"@type\":\"PropertyValueSpecification\",\"valueRequired\":true,\"valueName\":\"search_term_string\"}}],\"inLanguage\":\"es-ES\"},{\"@type\":\"Organization\",\"@id\":\"https:\\\/\\\/ozmo.com\\\/es\\\/#organization\",\"name\":\"Ozmo\",\"url\":\"https:\\\/\\\/ozmo.com\\\/es\\\/\",\"logo\":{\"@type\":\"ImageObject\",\"inLanguage\":\"es-ES\",\"@id\":\"https:\\\/\\\/ozmo.com\\\/es\\\/#\\\/schema\\\/logo\\\/image\\\/\",\"url\":\"https:\\\/\\\/ozmo.com\\\/wp-content\\\/uploads\\\/2021\\\/01\\\/Ozmo_logo.png\",\"contentUrl\":\"https:\\\/\\\/ozmo.com\\\/wp-content\\\/uploads\\\/2021\\\/01\\\/Ozmo_logo.png\",\"width\":710,\"height\":172,\"caption\":\"Ozmo\"},\"image\":{\"@id\":\"https:\\\/\\\/ozmo.com\\\/es\\\/#\\\/schema\\\/logo\\\/image\\\/\"}}]}<\/script>\n<!-- \/ Yoast SEO plugin. -->","yoast_head_json":{"title":"Telecomunicaciones - Ozmo","robots":{"index":"index","follow":"follow","max-snippet":"max-snippet:-1","max-image-preview":"max-image-preview:large","max-video-preview":"max-video-preview:-1"},"canonical":"https:\/\/ozmo.com\/es\/verticales\/telecomunicaciones\/","og_locale":"es_ES","og_type":"article","og_title":"Telecomunicaciones - Ozmo","og_url":"https:\/\/ozmo.com\/es\/verticales\/telecomunicaciones\/","og_site_name":"Ozmo","article_modified_time":"2021-10-22T18:21:27+00:00","og_image":[{"url":"https:\/\/ozmo.com\/wp-content\/uploads\/2021\/02\/Telecom_Ozmo-01.png","type":"","width":"","height":""}],"twitter_card":"summary_large_image","twitter_image":"https:\/\/ozmo.com\/wp-content\/uploads\/2021\/02\/Telecom_Ozmo-01.png","schema":{"@context":"https:\/\/schema.org","@graph":[{"@type":"WebPage","@id":"https:\/\/ozmo.com\/es\/verticales\/telecomunicaciones\/","url":"https:\/\/ozmo.com\/es\/verticales\/telecomunicaciones\/","name":"Telecomunicaciones - Ozmo","isPartOf":{"@id":"https:\/\/ozmo.com\/es\/#website"},"datePublished":"2020-10-20T15:08:19+00:00","dateModified":"2021-10-22T18:21:27+00:00","breadcrumb":{"@id":"https:\/\/ozmo.com\/es\/verticales\/telecomunicaciones\/#breadcrumb"},"inLanguage":"es-ES","potentialAction":[{"@type":"ReadAction","target":["https:\/\/ozmo.com\/es\/verticales\/telecomunicaciones\/"]}]},{"@type":"BreadcrumbList","@id":"https:\/\/ozmo.com\/es\/verticales\/telecomunicaciones\/#breadcrumb","itemListElement":[{"@type":"ListItem","position":1,"name":"Home","item":"https:\/\/ozmo.com\/es\/"},{"@type":"ListItem","position":2,"name":"Verticales","item":"http:\/\/ozmo.com\/es\/industries\/"},{"@type":"ListItem","position":3,"name":"Telecomunicaciones"}]},{"@type":"WebSite","@id":"https:\/\/ozmo.com\/es\/#website","url":"https:\/\/ozmo.com\/es\/","name":"Ozmo","description":"Ozmo makes complex tech support simple with a support platform that helps enterprises and their consumers solve any app, device or software issue.","publisher":{"@id":"https:\/\/ozmo.com\/es\/#organization"},"potentialAction":[{"@type":"SearchAction","target":{"@type":"EntryPoint","urlTemplate":"https:\/\/ozmo.com\/es\/?s={search_term_string}"},"query-input":{"@type":"PropertyValueSpecification","valueRequired":true,"valueName":"search_term_string"}}],"inLanguage":"es-ES"},{"@type":"Organization","@id":"https:\/\/ozmo.com\/es\/#organization","name":"Ozmo","url":"https:\/\/ozmo.com\/es\/","logo":{"@type":"ImageObject","inLanguage":"es-ES","@id":"https:\/\/ozmo.com\/es\/#\/schema\/logo\/image\/","url":"https:\/\/ozmo.com\/wp-content\/uploads\/2021\/01\/Ozmo_logo.png","contentUrl":"https:\/\/ozmo.com\/wp-content\/uploads\/2021\/01\/Ozmo_logo.png","width":710,"height":172,"caption":"Ozmo"},"image":{"@id":"https:\/\/ozmo.com\/es\/#\/schema\/logo\/image\/"}}]}},"_links":{"self":[{"href":"https:\/\/ozmo.com\/es\/wp-json\/wp\/v2\/pages\/838","targetHints":{"allow":["GET"]}}],"collection":[{"href":"https:\/\/ozmo.com\/es\/wp-json\/wp\/v2\/pages"}],"about":[{"href":"https:\/\/ozmo.com\/es\/wp-json\/wp\/v2\/types\/page"}],"author":[{"embeddable":true,"href":"https:\/\/ozmo.com\/es\/wp-json\/wp\/v2\/users\/1"}],"replies":[{"embeddable":true,"href":"https:\/\/ozmo.com\/es\/wp-json\/wp\/v2\/comments?post=838"}],"version-history":[{"count":27,"href":"https:\/\/ozmo.com\/es\/wp-json\/wp\/v2\/pages\/838\/revisions"}],"predecessor-version":[{"id":7427,"href":"https:\/\/ozmo.com\/es\/wp-json\/wp\/v2\/pages\/838\/revisions\/7427"}],"up":[{"embeddable":true,"href":"https:\/\/ozmo.com\/es\/wp-json\/wp\/v2\/pages\/815"}],"wp:attachment":[{"href":"https:\/\/ozmo.com\/es\/wp-json\/wp\/v2\/media?parent=838"}],"curies":[{"name":"wp","href":"https:\/\/api.w.org\/{rel}","templated":true}]}}