{"id":815,"date":"2020-10-20T11:08:07","date_gmt":"2020-10-20T15:08:07","guid":{"rendered":"https:\/\/dev-ozmo.pantheonsite.io\/verticals\/"},"modified":"2021-10-22T14:17:59","modified_gmt":"2021-10-22T18:17:59","slug":"verticales","status":"publish","type":"page","link":"https:\/\/ozmo.com\/es\/verticales\/","title":{"rendered":"Verticales"},"content":{"rendered":" \n<div class=\"hero-wrapper   shape-background blue-o \">\n  <div class=\"hero-content-wrapper left\">\n    <h2 class=\"hero-title\">Los sectores a los que brindamos soporte<\/h2>\n          <h3 class=\"hero-subtitle\">La plataforma de Ozmo respalda a las empresas de los mercados de telecomunicaciones, dispositivos inteligentes y seguros.<\/h3>\n                  <div class=\"button-wrapper\">\n        <a target=\"_self\" href=\"https:\/\/ozmo.com\/es\/solicitar-una-demostracion\/\">\n          <div tabindex=\"0\" class=\"button secondary  secondary hero-cta-button\">\n            <div>\n              <span>Solicitar una demostraci\u00f3n<\/span>\n            <\/div>\n          <\/div>\n        <\/a>\n      <\/div>\n      <\/div>\n  <\/div>\n\n\n<p><br>La plataforma omnicanal de Ozmo transforma la educaci\u00f3n del cliente, el soporte y la incorporaci\u00f3n en todas las industrias. Si su empresa opera en el sector de las telecomunicaciones, los dispositivos inteligentes o en el seguro de dispositivos, Ozmo tiene las herramientas para responder a todas sus necesidades de soporte. Reduzca los costos operacionales sin dejar de dar prioridad a la experiencia del usuario. Con nuestra plataforma, las interacciones entre agentes y clientes no requerir\u00e1n el uso de dispositivos f\u00edsicos o interacciones en persona para la asistencia. Seg\u00fan si el cliente prefiera una asistencia con un agente o el soporte aut\u00f3nomo, todas nuestras soluciones digitales est\u00e1n equipadas para ocuparse de todas las interacciones del cliente en l\u00ednea.<\/p>\n\n\n<div id=\"horizontal-media-block_5ff0aa7f4c0e9\" class=\"section media-block horizontal-media-block alignfull ozmo-white-background\">\n\n    <div class=\"container-fluid full-width\">\n                <div class=\"elements\">\n                            <div class=\"element product-media-block left\">\n                    <figure class=\"product-image left image-size-large\">\n                        <img loading=\"lazy\" decoding=\"async\" width=\"480\" height=\"480\" src=\"https:\/\/ozmo.com\/wp-content\/uploads\/2021\/01\/Vertical-icons-01.png\" class=\"attachment-media-horizontal-image-large size-media-horizontal-image-large\" alt=\"\" srcset=\"https:\/\/ozmo.com\/wp-content\/uploads\/2021\/01\/Vertical-icons-01.png 800w, https:\/\/ozmo.com\/wp-content\/uploads\/2021\/01\/Vertical-icons-01-300x300.png 300w, https:\/\/ozmo.com\/wp-content\/uploads\/2021\/01\/Vertical-icons-01-150x150.png 150w, https:\/\/ozmo.com\/wp-content\/uploads\/2021\/01\/Vertical-icons-01-768x768.png 768w\" sizes=\"auto, (max-width: 480px) 100vw, 480px\" \/>                    <\/figure>\n                    <div class=\"text left\">\n                            <div class=\"heading\">\n                                <h3>Telecomunicaciones<\/h3>                                                            <\/div>\n                            <div class=\"body-text\"><p>Descubra c\u00f3mo Ozmo respalda la industria de las telecomunicaciones y resuelve el soporte t\u00e9cnico para los operadores m\u00f3viles, externaliza los centros de contacto y m\u00e1s. Capacite a los agentes de soporte para resolver problemas complejos y permita que sus clientes se autogestionen a trav\u00e9s de sus dispositivos, aplicaciones y servicios.<\/p>\n<\/div>\n                                                            <div class=\"button-wrapper\">\n                                    <a tabindex=\"-1\" href=\"\/es\/verticales\/telecomunicaciones\/\" target=\"_self\">\n                                    <div tabindex=\"0\" class=\"button primary teal\">\n                                        <div>\n                                        <span>M\u00e1s informaci\u00f3n sobre c\u00f3mo Ozmo respalda las telecomunicaciones<\/span>\n                                        <\/div>\n                                    <\/div>\n                                    <\/a>\n                                <\/div>\n                                                <\/div>\n                <\/div>\n                            <div class=\"element product-media-block right\">\n                    <figure class=\"product-image right image-size-large\">\n                        <img loading=\"lazy\" decoding=\"async\" width=\"480\" height=\"480\" src=\"https:\/\/ozmo.com\/wp-content\/uploads\/2021\/01\/Vertical-icons-02.png\" class=\"attachment-media-horizontal-image-large size-media-horizontal-image-large\" alt=\"\" srcset=\"https:\/\/ozmo.com\/wp-content\/uploads\/2021\/01\/Vertical-icons-02.png 800w, https:\/\/ozmo.com\/wp-content\/uploads\/2021\/01\/Vertical-icons-02-300x300.png 300w, https:\/\/ozmo.com\/wp-content\/uploads\/2021\/01\/Vertical-icons-02-150x150.png 150w, https:\/\/ozmo.com\/wp-content\/uploads\/2021\/01\/Vertical-icons-02-768x768.png 768w\" sizes=\"auto, (max-width: 480px) 100vw, 480px\" \/>                    <\/figure>\n                    <div class=\"text right\">\n                            <div class=\"heading\">\n                                <h3>Fabricantes de dispositivos inteligentes<\/h3>                                                            <\/div>\n                            <div class=\"body-text\"><p>Descubra c\u00f3mo Ozmo respalda a los fabricantes de dispositivos inteligentes. Nuestras bibliotecas virtuales contienen una amplia gama de dispositivos y aplicaciones. Tanto para los tel\u00e9fonos inteligentes como para los dispositivos dom\u00e9sticos conectados y las aplicaciones que los alimentan, podr\u00e1 contar con las herramientas necesarias para brindar soporte t\u00e9cnico y aumentar la lealtad de marca.<\/p>\n<\/div>\n                                                            <div class=\"button-wrapper\">\n                                    <a tabindex=\"-1\" href=\"\/es\/verticales\/dispositivos-inteligentes\/\" target=\"_self\">\n                                    <div tabindex=\"0\" class=\"button primary teal\">\n                                        <div>\n                                        <span>M\u00e1s informaci\u00f3n sobre c\u00f3mo Ozmo respalda a los fabricantes de dispositivos inteligentes<\/span>\n                                        <\/div>\n                                    <\/div>\n                                    <\/a>\n                                <\/div>\n                                                <\/div>\n                <\/div>\n                            <div class=\"element product-media-block left\">\n                    <figure class=\"product-image left image-size-large\">\n                        <img loading=\"lazy\" decoding=\"async\" width=\"480\" height=\"480\" src=\"https:\/\/ozmo.com\/wp-content\/uploads\/2021\/01\/Vertical-icons-03.png\" class=\"attachment-media-horizontal-image-large size-media-horizontal-image-large\" alt=\"\" srcset=\"https:\/\/ozmo.com\/wp-content\/uploads\/2021\/01\/Vertical-icons-03.png 800w, https:\/\/ozmo.com\/wp-content\/uploads\/2021\/01\/Vertical-icons-03-300x300.png 300w, https:\/\/ozmo.com\/wp-content\/uploads\/2021\/01\/Vertical-icons-03-150x150.png 150w, https:\/\/ozmo.com\/wp-content\/uploads\/2021\/01\/Vertical-icons-03-768x768.png 768w\" sizes=\"auto, (max-width: 480px) 100vw, 480px\" \/>                    <\/figure>\n                    <div class=\"text left\">\n                            <div class=\"heading\">\n                                <h3>Los proveedores de seguros de los dispositivos<\/h3>                                                            <\/div>\n                            <div class=\"body-text\"><p>Descubra c\u00f3mo Ozmo respalda a la industria de seguros de dispositivos. Reciba el mejor soporte de su clase para obtener una ventaja competitiva tanto en coste como en diferenciaci\u00f3n y reducir los reclamos de garant\u00eda en todos los dispositivos.<\/p>\n<\/div>\n                                                            <div class=\"button-wrapper\">\n                                    <a tabindex=\"-1\" href=\"\/es\/verticales\/seguro-de-dispositivo\/\" target=\"_self\">\n                                    <div tabindex=\"0\" class=\"button primary teal\">\n                                        <div>\n                                        <span>Obtenga m\u00e1s informaci\u00f3n sobre c\u00f3mo Ozmo apoya a los proveedores de seguros<\/span>\n                                        <\/div>\n                                    <\/div>\n                                    <\/a>\n                                <\/div>\n                                                <\/div>\n                <\/div>\n                    <\/div>\n    <\/div>\n\n    <style type=\"text\/css\">\n    <\/style>\n<\/div>","protected":false},"excerpt":{"rendered":"<p>La plataforma omnicanal de Ozmo transforma la educaci\u00f3n del cliente, el soporte y la incorporaci\u00f3n en todas las industrias. Si su empresa opera en el sector de las telecomunicaciones, los dispositivos inteligentes o en el seguro de dispositivos, Ozmo tiene las herramientas para responder a todas sus necesidades de soporte. Reduzca los costos operacionales sin [&hellip;]<\/p>\n","protected":false},"author":1,"featured_media":0,"parent":0,"menu_order":0,"comment_status":"closed","ping_status":"closed","template":"","meta":{"_acf_changed":false,"footnotes":""},"class_list":["post-815","page","type-page","status-publish","hentry"],"acf":[],"yoast_head":"<!-- This site is optimized with the Yoast SEO plugin v27.3 - https:\/\/yoast.com\/product\/yoast-seo-wordpress\/ -->\n<title>Verticales - Ozmo<\/title>\n<meta name=\"robots\" content=\"index, follow, max-snippet:-1, max-image-preview:large, max-video-preview:-1\" \/>\n<link rel=\"canonical\" href=\"https:\/\/ozmo.com\/es\/verticales\/\" \/>\n<meta property=\"og:locale\" content=\"es_ES\" \/>\n<meta property=\"og:type\" content=\"article\" \/>\n<meta property=\"og:title\" content=\"Verticales - Ozmo\" \/>\n<meta property=\"og:description\" content=\"La plataforma omnicanal de Ozmo transforma la educaci\u00f3n del cliente, el soporte y la incorporaci\u00f3n en todas las industrias. Si su empresa opera en el sector de las telecomunicaciones, los dispositivos inteligentes o en el seguro de dispositivos, Ozmo tiene las herramientas para responder a todas sus necesidades de soporte. Reduzca los costos operacionales sin [&hellip;]\" \/>\n<meta property=\"og:url\" content=\"https:\/\/ozmo.com\/es\/verticales\/\" \/>\n<meta property=\"og:site_name\" content=\"Ozmo\" \/>\n<meta property=\"article:modified_time\" content=\"2021-10-22T18:17:59+00:00\" \/>\n<meta property=\"og:image\" content=\"https:\/\/ozmo.com\/wp-content\/uploads\/2021\/02\/Verticals_Ozmo-01.png\" \/>\n<meta name=\"twitter:card\" content=\"summary_large_image\" \/>\n<meta name=\"twitter:image\" content=\"https:\/\/ozmo.com\/wp-content\/uploads\/2021\/02\/Verticals_Ozmo-01.png\" \/>\n<meta name=\"twitter:label1\" content=\"Est. reading time\" \/>\n\t<meta name=\"twitter:data1\" content=\"1 minute\" \/>\n<script type=\"application\/ld+json\" class=\"yoast-schema-graph\">{\"@context\":\"https:\\\/\\\/schema.org\",\"@graph\":[{\"@type\":\"WebPage\",\"@id\":\"https:\\\/\\\/ozmo.com\\\/es\\\/verticales\\\/\",\"url\":\"https:\\\/\\\/ozmo.com\\\/es\\\/verticales\\\/\",\"name\":\"Verticales - Ozmo\",\"isPartOf\":{\"@id\":\"https:\\\/\\\/ozmo.com\\\/es\\\/#website\"},\"datePublished\":\"2020-10-20T15:08:07+00:00\",\"dateModified\":\"2021-10-22T18:17:59+00:00\",\"breadcrumb\":{\"@id\":\"https:\\\/\\\/ozmo.com\\\/es\\\/verticales\\\/#breadcrumb\"},\"inLanguage\":\"es-ES\",\"potentialAction\":[{\"@type\":\"ReadAction\",\"target\":[\"https:\\\/\\\/ozmo.com\\\/es\\\/verticales\\\/\"]}]},{\"@type\":\"BreadcrumbList\",\"@id\":\"https:\\\/\\\/ozmo.com\\\/es\\\/verticales\\\/#breadcrumb\",\"itemListElement\":[{\"@type\":\"ListItem\",\"position\":1,\"name\":\"Home\",\"item\":\"https:\\\/\\\/ozmo.com\\\/es\\\/\"},{\"@type\":\"ListItem\",\"position\":2,\"name\":\"Verticales\"}]},{\"@type\":\"WebSite\",\"@id\":\"https:\\\/\\\/ozmo.com\\\/es\\\/#website\",\"url\":\"https:\\\/\\\/ozmo.com\\\/es\\\/\",\"name\":\"Ozmo\",\"description\":\"Ozmo makes complex tech support simple with a support platform that helps enterprises and their consumers solve any app, device or software issue.\",\"publisher\":{\"@id\":\"https:\\\/\\\/ozmo.com\\\/es\\\/#organization\"},\"potentialAction\":[{\"@type\":\"SearchAction\",\"target\":{\"@type\":\"EntryPoint\",\"urlTemplate\":\"https:\\\/\\\/ozmo.com\\\/es\\\/?s={search_term_string}\"},\"query-input\":{\"@type\":\"PropertyValueSpecification\",\"valueRequired\":true,\"valueName\":\"search_term_string\"}}],\"inLanguage\":\"es-ES\"},{\"@type\":\"Organization\",\"@id\":\"https:\\\/\\\/ozmo.com\\\/es\\\/#organization\",\"name\":\"Ozmo\",\"url\":\"https:\\\/\\\/ozmo.com\\\/es\\\/\",\"logo\":{\"@type\":\"ImageObject\",\"inLanguage\":\"es-ES\",\"@id\":\"https:\\\/\\\/ozmo.com\\\/es\\\/#\\\/schema\\\/logo\\\/image\\\/\",\"url\":\"https:\\\/\\\/ozmo.com\\\/wp-content\\\/uploads\\\/2021\\\/01\\\/Ozmo_logo.png\",\"contentUrl\":\"https:\\\/\\\/ozmo.com\\\/wp-content\\\/uploads\\\/2021\\\/01\\\/Ozmo_logo.png\",\"width\":710,\"height\":172,\"caption\":\"Ozmo\"},\"image\":{\"@id\":\"https:\\\/\\\/ozmo.com\\\/es\\\/#\\\/schema\\\/logo\\\/image\\\/\"}}]}<\/script>\n<!-- \/ Yoast SEO plugin. -->","yoast_head_json":{"title":"Verticales - Ozmo","robots":{"index":"index","follow":"follow","max-snippet":"max-snippet:-1","max-image-preview":"max-image-preview:large","max-video-preview":"max-video-preview:-1"},"canonical":"https:\/\/ozmo.com\/es\/verticales\/","og_locale":"es_ES","og_type":"article","og_title":"Verticales - Ozmo","og_description":"La plataforma omnicanal de Ozmo transforma la educaci\u00f3n del cliente, el soporte y la incorporaci\u00f3n en todas las industrias. Si su empresa opera en el sector de las telecomunicaciones, los dispositivos inteligentes o en el seguro de dispositivos, Ozmo tiene las herramientas para responder a todas sus necesidades de soporte. Reduzca los costos operacionales sin [&hellip;]","og_url":"https:\/\/ozmo.com\/es\/verticales\/","og_site_name":"Ozmo","article_modified_time":"2021-10-22T18:17:59+00:00","og_image":[{"url":"https:\/\/ozmo.com\/wp-content\/uploads\/2021\/02\/Verticals_Ozmo-01.png","type":"","width":"","height":""}],"twitter_card":"summary_large_image","twitter_image":"https:\/\/ozmo.com\/wp-content\/uploads\/2021\/02\/Verticals_Ozmo-01.png","twitter_misc":{"Est. reading time":"1 minute"},"schema":{"@context":"https:\/\/schema.org","@graph":[{"@type":"WebPage","@id":"https:\/\/ozmo.com\/es\/verticales\/","url":"https:\/\/ozmo.com\/es\/verticales\/","name":"Verticales - Ozmo","isPartOf":{"@id":"https:\/\/ozmo.com\/es\/#website"},"datePublished":"2020-10-20T15:08:07+00:00","dateModified":"2021-10-22T18:17:59+00:00","breadcrumb":{"@id":"https:\/\/ozmo.com\/es\/verticales\/#breadcrumb"},"inLanguage":"es-ES","potentialAction":[{"@type":"ReadAction","target":["https:\/\/ozmo.com\/es\/verticales\/"]}]},{"@type":"BreadcrumbList","@id":"https:\/\/ozmo.com\/es\/verticales\/#breadcrumb","itemListElement":[{"@type":"ListItem","position":1,"name":"Home","item":"https:\/\/ozmo.com\/es\/"},{"@type":"ListItem","position":2,"name":"Verticales"}]},{"@type":"WebSite","@id":"https:\/\/ozmo.com\/es\/#website","url":"https:\/\/ozmo.com\/es\/","name":"Ozmo","description":"Ozmo makes complex tech support simple with a support platform that helps enterprises and their consumers solve any app, device or software issue.","publisher":{"@id":"https:\/\/ozmo.com\/es\/#organization"},"potentialAction":[{"@type":"SearchAction","target":{"@type":"EntryPoint","urlTemplate":"https:\/\/ozmo.com\/es\/?s={search_term_string}"},"query-input":{"@type":"PropertyValueSpecification","valueRequired":true,"valueName":"search_term_string"}}],"inLanguage":"es-ES"},{"@type":"Organization","@id":"https:\/\/ozmo.com\/es\/#organization","name":"Ozmo","url":"https:\/\/ozmo.com\/es\/","logo":{"@type":"ImageObject","inLanguage":"es-ES","@id":"https:\/\/ozmo.com\/es\/#\/schema\/logo\/image\/","url":"https:\/\/ozmo.com\/wp-content\/uploads\/2021\/01\/Ozmo_logo.png","contentUrl":"https:\/\/ozmo.com\/wp-content\/uploads\/2021\/01\/Ozmo_logo.png","width":710,"height":172,"caption":"Ozmo"},"image":{"@id":"https:\/\/ozmo.com\/es\/#\/schema\/logo\/image\/"}}]}},"_links":{"self":[{"href":"https:\/\/ozmo.com\/es\/wp-json\/wp\/v2\/pages\/815","targetHints":{"allow":["GET"]}}],"collection":[{"href":"https:\/\/ozmo.com\/es\/wp-json\/wp\/v2\/pages"}],"about":[{"href":"https:\/\/ozmo.com\/es\/wp-json\/wp\/v2\/types\/page"}],"author":[{"embeddable":true,"href":"https:\/\/ozmo.com\/es\/wp-json\/wp\/v2\/users\/1"}],"replies":[{"embeddable":true,"href":"https:\/\/ozmo.com\/es\/wp-json\/wp\/v2\/comments?post=815"}],"version-history":[{"count":20,"href":"https:\/\/ozmo.com\/es\/wp-json\/wp\/v2\/pages\/815\/revisions"}],"predecessor-version":[{"id":7416,"href":"https:\/\/ozmo.com\/es\/wp-json\/wp\/v2\/pages\/815\/revisions\/7416"}],"wp:attachment":[{"href":"https:\/\/ozmo.com\/es\/wp-json\/wp\/v2\/media?parent=815"}],"curies":[{"name":"wp","href":"https:\/\/api.w.org\/{rel}","templated":true}]}}