{"id":773,"date":"2020-10-20T11:10:36","date_gmt":"2020-10-20T15:10:36","guid":{"rendered":"https:\/\/dev-ozmo.pantheonsite.io\/why-ozmo\/"},"modified":"2021-10-22T14:06:56","modified_gmt":"2021-10-22T18:06:56","slug":"por-que-ozmo","status":"publish","type":"page","link":"https:\/\/ozmo.com\/es\/por-que-ozmo\/","title":{"rendered":"\u00bfPor qu\u00e9 Ozmo?"},"content":{"rendered":" \n<div class=\"hero-wrapper   shape-background blue-o-and-arrow \">\n  <div class=\"hero-content-wrapper left\">\n    <h2 class=\"hero-title\">\u00bfPor qu\u00e9 Ozmo? <\/h2>\n          <h3 class=\"hero-subtitle\">Soporte t\u00e9cnico sin fricciones, omnicanal<\/h3>\n              <p class=\"hero-details\">Como principal proveedor de soluciones de soporte aut\u00f3nomo y asistencia, la plataforma omnicanal de Ozmo ayuda a las empresas a resolver la asistencia al cliente mediante experiencias integrales, visuales y personalizadas. Nuestras soluciones extensibles ofrecen una \u00fanica fuente de respuestas a trav\u00e9s de todos los canales digitales, a la vez que mantienen a su empresa informada sobre las \u00faltimas actualizaciones tecnol\u00f3gicas.<\/p>\n          <\/div>\n  <\/div>\n\n<div id=\"paragraph-block_5fe3bacdcd554\" class=\"section paragraph-block alignfull ozmo-white-background\">\n\n        <div class=\"paragraph-container\">\n\n            <p><span style=\"font-weight: 400;\">Ozmo respalda el lanzamiento de cientos de actualizaciones de aplicaciones, dispositivos y software cada a\u00f1o, con m\u00e1s de 25 millones de interacciones de soporte asistidas por nuestra plataforma anualmente. Con miles de agentes y millones de usuarios clientes, Ozmo tiene acceso a conocimientos profundos y a an\u00e1lisis del comportamiento para mejorar y ampliar continuamente nuestro conjunto de respuestas y as\u00ed responder a las preguntas m\u00e1s cr\u00edticas de sus clientes.<\/span><\/p>\n\n        <\/div>\n        \n<\/div>\n\n<style type=\"text\/css\">\n\n\n\n<\/style>\n\n<\/div>\n\n<div id=\"icon-grid-block_5fce916651848\" class=\"section icon-grid-block alignfull solid-background ozmo-gray\">\n\n        <div class=\"icon-grid\">\n                            <div class=\"details left\">\n                    <h2>Principales beneficios:<\/h2>                <\/div>\n            \n            <div class=\"elements columns-3\">\n                                        <div class=\"element\">\n                                                \n                                <figure class=\"image left image-size-small\">\n                                    <img decoding=\"async\" src=\"https:\/\/ozmo.com\/wp-content\/uploads\/2021\/01\/Omnichannel-01.svg\" alt=\"Omnichannel-01\">\n                                <\/figure>\n                            \n                            <div class=\"text left\">\n                                <h4>Plataforma omnicanal<\/h4><p>Todas las respuestas de Ozmo pueden brindarse a trav\u00e9s de cualquier canal, en cualquier formato, para satisfacer a los clientes en sus canales preferidos<\/p>\n                                                            <\/div>\n                        <\/div>\n                                        <div class=\"element\">\n                                                \n                                <figure class=\"image left image-size-small\">\n                                    <img decoding=\"async\" src=\"https:\/\/ozmo.com\/wp-content\/uploads\/2021\/01\/Insights-01-1.svg\" alt=\"Insights-01\">\n                                <\/figure>\n                            \n                            <div class=\"text left\">\n                                <h4>Fuente \u00fanica de respuestas<\/h4><p>Las respuestas de la plataforma Ozmo est\u00e1n siempre al d\u00eda con la evoluci\u00f3n de las actualizaciones de las aplicaciones, el software y los dispositivos, as\u00ed que no importa qu\u00e9 canal prefieran los clientes, siempre reciben respuestas precisas<\/p>\n                                                            <\/div>\n                        <\/div>\n                                        <div class=\"element\">\n                                                \n                                <figure class=\"image left image-size-small\">\n                                    <img decoding=\"async\" src=\"https:\/\/ozmo.com\/wp-content\/uploads\/2021\/01\/Insight-01.svg\" alt=\"Insight-01\">\n                                <\/figure>\n                            \n                            <div class=\"text left\">\n                                <h4>Informaciones detalladas<\/h4><p>Los bucles de retroalimentaci\u00f3n de miles de agentes y millones de clientes que utilizan nuestra plataforma, incluyendo an\u00e1lisis detallados de comportamiento, permiten identificar lagunas de contenido y llenarlas<\/p>\n                                                            <\/div>\n                        <\/div>\n                                        <div class=\"element\">\n                                                \n                                <figure class=\"image left image-size-small\">\n                                    <img decoding=\"async\" src=\"https:\/\/ozmo.com\/wp-content\/uploads\/2021\/01\/Satisfaction-01.svg\" alt=\"Satisfaction-01\">\n                                <\/figure>\n                            \n                            <div class=\"text left\">\n                                <h4>Satisfacci\u00f3n del cliente<\/h4><p>Aumente la satisfacci\u00f3n del cliente, ya sea en soporte asistido o aut\u00f3nomo con las mejores herramientas de soporte t\u00e9cnico<\/p>\n                                                            <\/div>\n                        <\/div>\n                                        <div class=\"element\">\n                                                \n                                <figure class=\"image left image-size-small\">\n                                    <img decoding=\"async\" src=\"https:\/\/ozmo.com\/wp-content\/uploads\/2021\/01\/Scalable-01.svg\" alt=\"Scalable-01\">\n                                <\/figure>\n                            \n                            <div class=\"text left\">\n                                <h4>Soporte escalable<\/h4><p>Habilite la transformaci\u00f3n digital de su organizaci\u00f3n con una plataforma de soporte que crece con usted a trav\u00e9s de todos sus canales y permite a sus agentes acceder a una biblioteca de aplicaciones y dispositivos virtuales desde cualquier lugar<\/p>\n                                                            <\/div>\n                        <\/div>\n                            <\/div>\n\n        <\/div>\n        \n<\/div>\n\n<div id=\"quote-carousel-image-block_60098a8f3ae72\" class=\"section quote-carousel-image-block alignfull ozmo-white-background\">\n\n        <div class=\"quote-carousel\">\n                            <div class=\"details\">\n                    <h2>No se quede solo con nuestra palabra<\/h2>\n                <\/div>\n            \n            <div class=\"quotes quote-carousel-slider\" id=\"quote-carousel-slider\">\n                                        <div class=\"quote-wrapper\">\n                        \n                        <div class=\"quote-text\">\n                            <div class=\"text\">\n                                <div class=\"img\">\n                                    <svg xmlns=\"http:\/\/www.w3.org\/2000\/svg\" width=\"35\" height=\"23\" viewBox=\"0 0 35 23\">\n                                        <g fill=\"none\" fill-rule=\"evenodd\">\n                                            <g fill=\"#F9C900\" fill-rule=\"nonzero\">\n                                                <g>\n                                                    <path d=\"M8 7.077c-1.643 0-3.17.495-4.443 1.343 2.306-3.972 6.623-6.65 11.554-6.65.49 0 .889-.397.889-.885C16 .396 15.602 0 15.111 0 11.076 0 7.28 1.564 4.427 4.405 1.573 7.247 0 11.022 0 15.038 0 19.428 3.59 23 8 23s8-3.572 8-7.962c0-4.389-3.59-7.961-8-7.961zM34.111 0c.49 0 .889.396.889.885 0 .488-.398.884-.889.884-4.931 0-9.248 2.679-11.554 6.65 1.273-.847 2.8-1.342 4.443-1.342 4.41 0 8 3.572 8 7.961C35 19.428 31.41 23 27 23s-8-3.572-8-7.962c0-4.016 1.573-7.791 4.427-10.633C26.28 1.564 30.076 0 34.11 0zM8 8.846c3.431 0 6.222 2.778 6.222 6.192 0 3.415-2.79 6.193-6.222 6.193-3.431 0-6.222-2.778-6.222-6.193l.002-.159C1.865 11.54 4.622 8.846 8 8.846zm19 0c-3.378 0-6.135 2.693-6.22 6.033l-.002.16c0 3.414 2.79 6.192 6.222 6.192 3.431 0 6.222-2.778 6.222-6.193 0-3.414-2.79-6.192-6.222-6.192z\" transform=\"translate(-408 -3315) translate(408 3315)\"\/>\n                                                <\/g>\n                                            <\/g>\n                                        <\/g>\n                                    <\/svg>\n                                <\/div>\n                                <span>El tutorial interactivo de Ozmo sigue siendo una de mis opciones favoritas, porque ofrece una representaci\u00f3n visual paso a paso y f\u00e1cil de entender de la funci\u00f3n a la que uno desea acceder.<\/span>\n                        <\/div>                  \n                        <\/div>\n                        <div class=\"quote-attribution\">\n                            -Tom's Guide, \"The Best (and Worst) Phone Carrier Customer Support\"                        <\/div>\n                    <\/div>\n                                        <div class=\"quote-wrapper\">\n                        \n                        <div class=\"quote-text\">\n                            <div class=\"text\">\n                                <div class=\"img\">\n                                    <svg xmlns=\"http:\/\/www.w3.org\/2000\/svg\" width=\"35\" height=\"23\" viewBox=\"0 0 35 23\">\n                                        <g fill=\"none\" fill-rule=\"evenodd\">\n                                            <g fill=\"#F9C900\" fill-rule=\"nonzero\">\n                                                <g>\n                                                    <path d=\"M8 7.077c-1.643 0-3.17.495-4.443 1.343 2.306-3.972 6.623-6.65 11.554-6.65.49 0 .889-.397.889-.885C16 .396 15.602 0 15.111 0 11.076 0 7.28 1.564 4.427 4.405 1.573 7.247 0 11.022 0 15.038 0 19.428 3.59 23 8 23s8-3.572 8-7.962c0-4.389-3.59-7.961-8-7.961zM34.111 0c.49 0 .889.396.889.885 0 .488-.398.884-.889.884-4.931 0-9.248 2.679-11.554 6.65 1.273-.847 2.8-1.342 4.443-1.342 4.41 0 8 3.572 8 7.961C35 19.428 31.41 23 27 23s-8-3.572-8-7.962c0-4.016 1.573-7.791 4.427-10.633C26.28 1.564 30.076 0 34.11 0zM8 8.846c3.431 0 6.222 2.778 6.222 6.192 0 3.415-2.79 6.193-6.222 6.193-3.431 0-6.222-2.778-6.222-6.193l.002-.159C1.865 11.54 4.622 8.846 8 8.846zm19 0c-3.378 0-6.135 2.693-6.22 6.033l-.002.16c0 3.414 2.79 6.192 6.222 6.192 3.431 0 6.222-2.778 6.222-6.193 0-3.414-2.79-6.192-6.222-6.192z\" transform=\"translate(-408 -3315) translate(408 3315)\"\/>\n                                                <\/g>\n                                            <\/g>\n                                        <\/g>\n                                    <\/svg>\n                                <\/div>\n                                <span>Es una gran ayuda. Es una herramienta que usar\u00eda todos los d\u00edas. Esto me permitir\u00e1 resolver los problemas t\u00e9cnicos con mayor facilidad.<\/span>\n                        <\/div>                  \n                        <\/div>\n                        <div class=\"quote-attribution\">\n                            -Comentario directo de un agente del centro de contacto                        <\/div>\n                    <\/div>\n                                        <div class=\"quote-wrapper\">\n                        \n                        <div class=\"quote-text\">\n                            <div class=\"text\">\n                                <div class=\"img\">\n                                    <svg xmlns=\"http:\/\/www.w3.org\/2000\/svg\" width=\"35\" height=\"23\" viewBox=\"0 0 35 23\">\n                                        <g fill=\"none\" fill-rule=\"evenodd\">\n                                            <g fill=\"#F9C900\" fill-rule=\"nonzero\">\n                                                <g>\n                                                    <path d=\"M8 7.077c-1.643 0-3.17.495-4.443 1.343 2.306-3.972 6.623-6.65 11.554-6.65.49 0 .889-.397.889-.885C16 .396 15.602 0 15.111 0 11.076 0 7.28 1.564 4.427 4.405 1.573 7.247 0 11.022 0 15.038 0 19.428 3.59 23 8 23s8-3.572 8-7.962c0-4.389-3.59-7.961-8-7.961zM34.111 0c.49 0 .889.396.889.885 0 .488-.398.884-.889.884-4.931 0-9.248 2.679-11.554 6.65 1.273-.847 2.8-1.342 4.443-1.342 4.41 0 8 3.572 8 7.961C35 19.428 31.41 23 27 23s-8-3.572-8-7.962c0-4.016 1.573-7.791 4.427-10.633C26.28 1.564 30.076 0 34.11 0zM8 8.846c3.431 0 6.222 2.778 6.222 6.192 0 3.415-2.79 6.193-6.222 6.193-3.431 0-6.222-2.778-6.222-6.193l.002-.159C1.865 11.54 4.622 8.846 8 8.846zm19 0c-3.378 0-6.135 2.693-6.22 6.033l-.002.16c0 3.414 2.79 6.192 6.222 6.192 3.431 0 6.222-2.778 6.222-6.193 0-3.414-2.79-6.192-6.222-6.192z\" transform=\"translate(-408 -3315) translate(408 3315)\"\/>\n                                                <\/g>\n                                            <\/g>\n                                        <\/g>\n                                    <\/svg>\n                                <\/div>\n                                <span>F\u00e1cil de usar, entender y navegar. La curva de aprendizaje es un reto para este nuevo tel\u00e9fono y casi imposible sin el tipo de informaci\u00f3n que Ozmo proporciona.<\/span>\n                        <\/div>                  \n                        <\/div>\n                        <div class=\"quote-attribution\">\n                            -Comentario directo de un usuario del soporte aut\u00f3nomo de Ozmo                        <\/div>\n                    <\/div>\n                                        <div class=\"quote-wrapper\">\n                        \n                        <div class=\"quote-text\">\n                            <div class=\"text\">\n                                <div class=\"img\">\n                                    <svg xmlns=\"http:\/\/www.w3.org\/2000\/svg\" width=\"35\" height=\"23\" viewBox=\"0 0 35 23\">\n                                        <g fill=\"none\" fill-rule=\"evenodd\">\n                                            <g fill=\"#F9C900\" fill-rule=\"nonzero\">\n                                                <g>\n                                                    <path d=\"M8 7.077c-1.643 0-3.17.495-4.443 1.343 2.306-3.972 6.623-6.65 11.554-6.65.49 0 .889-.397.889-.885C16 .396 15.602 0 15.111 0 11.076 0 7.28 1.564 4.427 4.405 1.573 7.247 0 11.022 0 15.038 0 19.428 3.59 23 8 23s8-3.572 8-7.962c0-4.389-3.59-7.961-8-7.961zM34.111 0c.49 0 .889.396.889.885 0 .488-.398.884-.889.884-4.931 0-9.248 2.679-11.554 6.65 1.273-.847 2.8-1.342 4.443-1.342 4.41 0 8 3.572 8 7.961C35 19.428 31.41 23 27 23s-8-3.572-8-7.962c0-4.016 1.573-7.791 4.427-10.633C26.28 1.564 30.076 0 34.11 0zM8 8.846c3.431 0 6.222 2.778 6.222 6.192 0 3.415-2.79 6.193-6.222 6.193-3.431 0-6.222-2.778-6.222-6.193l.002-.159C1.865 11.54 4.622 8.846 8 8.846zm19 0c-3.378 0-6.135 2.693-6.22 6.033l-.002.16c0 3.414 2.79 6.192 6.222 6.192 3.431 0 6.222-2.778 6.222-6.193 0-3.414-2.79-6.192-6.222-6.192z\" transform=\"translate(-408 -3315) translate(408 3315)\"\/>\n                                                <\/g>\n                                            <\/g>\n                                        <\/g>\n                                    <\/svg>\n                                <\/div>\n                                <span>Esta herramienta es perfecta. Le da al cliente m\u00e1s confianza de que sabemos exactamente lo que estamos haciendo.<\/span>\n                        <\/div>                  \n                        <\/div>\n                        <div class=\"quote-attribution\">\n                            -Comentario de un agente del centro de contacto                        <\/div>\n                    <\/div>\n                                <\/div>\n        <\/div>\n        \n<\/div>\n\n\n<div class=\"section cta-block gradient-background ozmo-blue gradient-01\">\n  <div class=\"container\">\n          <h2 class=\"cta-heading\">\u00bfQuiere ver la plataforma de Ozmo por usted mismo?<\/h2>\n        <p class=\"cta-text\"><\/p>\n    <div class=\"cta-button-wrapper\">\n      <a target=\"_self\" href=\"https:\/\/ozmo.com\/es\/solicitar-una-demostracion\/\" >\n        <div tabindex=\"0\" class=\"button primary secondary hero-cta-button\">\n          <div>\n            <span>Solicite una demostraci\u00f3n en vivo<\/span>\n          <\/div>\n        <\/div>\n      <\/a>\n    <\/div>\n  <\/div>\n<\/div>","protected":false},"excerpt":{"rendered":"","protected":false},"author":1,"featured_media":0,"parent":0,"menu_order":0,"comment_status":"closed","ping_status":"closed","template":"","meta":{"_acf_changed":false,"footnotes":""},"class_list":["post-773","page","type-page","status-publish","hentry"],"acf":[],"yoast_head":"<!-- This site is optimized with the Yoast SEO plugin v27.3 - https:\/\/yoast.com\/product\/yoast-seo-wordpress\/ -->\n<title>\u00bfPor qu\u00e9 Ozmo? - Ozmo<\/title>\n<meta name=\"robots\" content=\"index, follow, max-snippet:-1, max-image-preview:large, max-video-preview:-1\" \/>\n<link rel=\"canonical\" href=\"https:\/\/ozmo.com\/es\/por-que-ozmo\/\" \/>\n<meta property=\"og:locale\" content=\"es_ES\" \/>\n<meta property=\"og:type\" content=\"article\" \/>\n<meta property=\"og:title\" content=\"\u00bfPor qu\u00e9 Ozmo? - Ozmo\" \/>\n<meta property=\"og:url\" content=\"https:\/\/ozmo.com\/es\/por-que-ozmo\/\" \/>\n<meta property=\"og:site_name\" content=\"Ozmo\" \/>\n<meta property=\"article:modified_time\" content=\"2021-10-22T18:06:56+00:00\" \/>\n<meta property=\"og:image\" content=\"https:\/\/ozmo.com\/wp-content\/uploads\/2021\/02\/Ozmo2-01.png\" \/>\n<meta name=\"twitter:card\" content=\"summary_large_image\" \/>\n<meta name=\"twitter:image\" content=\"https:\/\/ozmo.com\/wp-content\/uploads\/2021\/02\/Ozmo2-01.png\" \/>\n<script type=\"application\/ld+json\" class=\"yoast-schema-graph\">{\"@context\":\"https:\\\/\\\/schema.org\",\"@graph\":[{\"@type\":\"WebPage\",\"@id\":\"https:\\\/\\\/ozmo.com\\\/es\\\/por-que-ozmo\\\/\",\"url\":\"https:\\\/\\\/ozmo.com\\\/es\\\/por-que-ozmo\\\/\",\"name\":\"\u00bfPor qu\u00e9 Ozmo? - Ozmo\",\"isPartOf\":{\"@id\":\"https:\\\/\\\/ozmo.com\\\/es\\\/#website\"},\"datePublished\":\"2020-10-20T15:10:36+00:00\",\"dateModified\":\"2021-10-22T18:06:56+00:00\",\"breadcrumb\":{\"@id\":\"https:\\\/\\\/ozmo.com\\\/es\\\/por-que-ozmo\\\/#breadcrumb\"},\"inLanguage\":\"es-ES\",\"potentialAction\":[{\"@type\":\"ReadAction\",\"target\":[\"https:\\\/\\\/ozmo.com\\\/es\\\/por-que-ozmo\\\/\"]}]},{\"@type\":\"BreadcrumbList\",\"@id\":\"https:\\\/\\\/ozmo.com\\\/es\\\/por-que-ozmo\\\/#breadcrumb\",\"itemListElement\":[{\"@type\":\"ListItem\",\"position\":1,\"name\":\"Home\",\"item\":\"https:\\\/\\\/ozmo.com\\\/es\\\/\"},{\"@type\":\"ListItem\",\"position\":2,\"name\":\"\u00bfPor qu\u00e9 Ozmo?\"}]},{\"@type\":\"WebSite\",\"@id\":\"https:\\\/\\\/ozmo.com\\\/es\\\/#website\",\"url\":\"https:\\\/\\\/ozmo.com\\\/es\\\/\",\"name\":\"Ozmo\",\"description\":\"Ozmo makes complex tech support simple with a support platform that helps enterprises and their consumers solve any app, device or software issue.\",\"publisher\":{\"@id\":\"https:\\\/\\\/ozmo.com\\\/es\\\/#organization\"},\"potentialAction\":[{\"@type\":\"SearchAction\",\"target\":{\"@type\":\"EntryPoint\",\"urlTemplate\":\"https:\\\/\\\/ozmo.com\\\/es\\\/?s={search_term_string}\"},\"query-input\":{\"@type\":\"PropertyValueSpecification\",\"valueRequired\":true,\"valueName\":\"search_term_string\"}}],\"inLanguage\":\"es-ES\"},{\"@type\":\"Organization\",\"@id\":\"https:\\\/\\\/ozmo.com\\\/es\\\/#organization\",\"name\":\"Ozmo\",\"url\":\"https:\\\/\\\/ozmo.com\\\/es\\\/\",\"logo\":{\"@type\":\"ImageObject\",\"inLanguage\":\"es-ES\",\"@id\":\"https:\\\/\\\/ozmo.com\\\/es\\\/#\\\/schema\\\/logo\\\/image\\\/\",\"url\":\"https:\\\/\\\/ozmo.com\\\/wp-content\\\/uploads\\\/2021\\\/01\\\/Ozmo_logo.png\",\"contentUrl\":\"https:\\\/\\\/ozmo.com\\\/wp-content\\\/uploads\\\/2021\\\/01\\\/Ozmo_logo.png\",\"width\":710,\"height\":172,\"caption\":\"Ozmo\"},\"image\":{\"@id\":\"https:\\\/\\\/ozmo.com\\\/es\\\/#\\\/schema\\\/logo\\\/image\\\/\"}}]}<\/script>\n<!-- \/ Yoast SEO plugin. -->","yoast_head_json":{"title":"\u00bfPor qu\u00e9 Ozmo? - Ozmo","robots":{"index":"index","follow":"follow","max-snippet":"max-snippet:-1","max-image-preview":"max-image-preview:large","max-video-preview":"max-video-preview:-1"},"canonical":"https:\/\/ozmo.com\/es\/por-que-ozmo\/","og_locale":"es_ES","og_type":"article","og_title":"\u00bfPor qu\u00e9 Ozmo? - Ozmo","og_url":"https:\/\/ozmo.com\/es\/por-que-ozmo\/","og_site_name":"Ozmo","article_modified_time":"2021-10-22T18:06:56+00:00","og_image":[{"url":"https:\/\/ozmo.com\/wp-content\/uploads\/2021\/02\/Ozmo2-01.png","type":"","width":"","height":""}],"twitter_card":"summary_large_image","twitter_image":"https:\/\/ozmo.com\/wp-content\/uploads\/2021\/02\/Ozmo2-01.png","schema":{"@context":"https:\/\/schema.org","@graph":[{"@type":"WebPage","@id":"https:\/\/ozmo.com\/es\/por-que-ozmo\/","url":"https:\/\/ozmo.com\/es\/por-que-ozmo\/","name":"\u00bfPor qu\u00e9 Ozmo? - Ozmo","isPartOf":{"@id":"https:\/\/ozmo.com\/es\/#website"},"datePublished":"2020-10-20T15:10:36+00:00","dateModified":"2021-10-22T18:06:56+00:00","breadcrumb":{"@id":"https:\/\/ozmo.com\/es\/por-que-ozmo\/#breadcrumb"},"inLanguage":"es-ES","potentialAction":[{"@type":"ReadAction","target":["https:\/\/ozmo.com\/es\/por-que-ozmo\/"]}]},{"@type":"BreadcrumbList","@id":"https:\/\/ozmo.com\/es\/por-que-ozmo\/#breadcrumb","itemListElement":[{"@type":"ListItem","position":1,"name":"Home","item":"https:\/\/ozmo.com\/es\/"},{"@type":"ListItem","position":2,"name":"\u00bfPor qu\u00e9 Ozmo?"}]},{"@type":"WebSite","@id":"https:\/\/ozmo.com\/es\/#website","url":"https:\/\/ozmo.com\/es\/","name":"Ozmo","description":"Ozmo makes complex tech support simple with a support platform that helps enterprises and their consumers solve any app, device or software issue.","publisher":{"@id":"https:\/\/ozmo.com\/es\/#organization"},"potentialAction":[{"@type":"SearchAction","target":{"@type":"EntryPoint","urlTemplate":"https:\/\/ozmo.com\/es\/?s={search_term_string}"},"query-input":{"@type":"PropertyValueSpecification","valueRequired":true,"valueName":"search_term_string"}}],"inLanguage":"es-ES"},{"@type":"Organization","@id":"https:\/\/ozmo.com\/es\/#organization","name":"Ozmo","url":"https:\/\/ozmo.com\/es\/","logo":{"@type":"ImageObject","inLanguage":"es-ES","@id":"https:\/\/ozmo.com\/es\/#\/schema\/logo\/image\/","url":"https:\/\/ozmo.com\/wp-content\/uploads\/2021\/01\/Ozmo_logo.png","contentUrl":"https:\/\/ozmo.com\/wp-content\/uploads\/2021\/01\/Ozmo_logo.png","width":710,"height":172,"caption":"Ozmo"},"image":{"@id":"https:\/\/ozmo.com\/es\/#\/schema\/logo\/image\/"}}]}},"_links":{"self":[{"href":"https:\/\/ozmo.com\/es\/wp-json\/wp\/v2\/pages\/773","targetHints":{"allow":["GET"]}}],"collection":[{"href":"https:\/\/ozmo.com\/es\/wp-json\/wp\/v2\/pages"}],"about":[{"href":"https:\/\/ozmo.com\/es\/wp-json\/wp\/v2\/types\/page"}],"author":[{"embeddable":true,"href":"https:\/\/ozmo.com\/es\/wp-json\/wp\/v2\/users\/1"}],"replies":[{"embeddable":true,"href":"https:\/\/ozmo.com\/es\/wp-json\/wp\/v2\/comments?post=773"}],"version-history":[{"count":24,"href":"https:\/\/ozmo.com\/es\/wp-json\/wp\/v2\/pages\/773\/revisions"}],"predecessor-version":[{"id":7397,"href":"https:\/\/ozmo.com\/es\/wp-json\/wp\/v2\/pages\/773\/revisions\/7397"}],"wp:attachment":[{"href":"https:\/\/ozmo.com\/es\/wp-json\/wp\/v2\/media?parent=773"}],"curies":[{"name":"wp","href":"https:\/\/api.w.org\/{rel}","templated":true}]}}