{"id":737,"date":"2020-10-20T11:13:35","date_gmt":"2020-10-20T15:13:35","guid":{"rendered":"https:\/\/dev-ozmo.pantheonsite.io\/homepage\/"},"modified":"2021-10-22T14:08:34","modified_gmt":"2021-10-22T18:08:34","slug":"homepage","status":"publish","type":"page","link":"https:\/\/ozmo.com\/es\/","title":{"rendered":"Homepage"},"content":{"rendered":" \n<div class=\"hero-wrapper   shape-background teal-to-blue-o \">\n  <div class=\"hero-content-wrapper left\">\n    <h2 class=\"hero-title\">El soporte t\u00e9cnico es complejo. Ozmo lo hace simple.<\/h2>\n          <h3 class=\"hero-subtitle\">Transforme el servicio de atenci\u00f3n al cliente con la plataforma l\u00edder de soporte omnicanal<\/h3>\n              <p class=\"hero-details\">El soporte digital est\u00e1 determinando el futuro del servicio de atenci\u00f3n al cliente. Contar con la plataforma de soporte adecuada es fundamental para mantener su empresa a la vanguardia frente al veloz ritmo de las innovaciones. Los clientes de Ozmo conf\u00edan en nosotros para que seamos su fuente autorizada de respuestas de soporte en un entorno en constante evoluci\u00f3n, llamado tecnolog\u00eda.<\/p>\n              <div class=\"button-wrapper\">\n        <a target=\"_self\" href=\"https:\/\/ozmo.com\/es\/solicitar-una-demostracion\/\">\n          <div tabindex=\"0\" class=\"button secondary  secondary hero-cta-button\">\n            <div>\n              <span>Solicitar una demostraci\u00f3n<\/span>\n            <\/div>\n          <\/div>\n        <\/a>\n      <\/div>\n      <\/div>\n  <\/div>\n\n<div id=\"horizontal-media-block_5f9e2de9839c2\" class=\"section media-block horizontal-media-block alignfull shape-background light-gray-o\">\n\n    <div class=\"container-fluid full-width\">\n        <h2>Soluciones omnicanal para su negocio<\/h2>        <div class=\"elements\">\n                            <div class=\"element product-media-block right\">\n                    <figure class=\"product-image right image-size-large\">\n                        <img loading=\"lazy\" decoding=\"async\" width=\"480\" height=\"360\" src=\"https:\/\/ozmo.com\/wp-content\/uploads\/2021\/01\/Solutions-14-2.png\" class=\"attachment-media-horizontal-image-large size-media-horizontal-image-large\" alt=\"\" srcset=\"https:\/\/ozmo.com\/wp-content\/uploads\/2021\/01\/Solutions-14-2.png 1459w, https:\/\/ozmo.com\/wp-content\/uploads\/2021\/01\/Solutions-14-2-300x225.png 300w, https:\/\/ozmo.com\/wp-content\/uploads\/2021\/01\/Solutions-14-2-1024x769.png 1024w, https:\/\/ozmo.com\/wp-content\/uploads\/2021\/01\/Solutions-14-2-768x576.png 768w, https:\/\/ozmo.com\/wp-content\/uploads\/2021\/01\/Solutions-14-2-1280x961.png 1280w, https:\/\/ozmo.com\/wp-content\/uploads\/2021\/01\/Solutions-14-2-700x525.png 700w\" sizes=\"auto, (max-width: 480px) 100vw, 480px\" \/>                    <\/figure>\n                    <div class=\"text right\">\n                            <div class=\"heading\">\n                                <h3>Soporte aut\u00f3nomo<\/h3>                                <h4>Permite a los clientes ocuparse del soporte por s\u00ed mismos<\/h4>                            <\/div>\n                            <div class=\"body-text\"><p>Los avances tecnol\u00f3gicos aumentan las expectativas de los clientes y diversifican las preferencias en cuanto a los medios de soporte. El producto de soporte aut\u00f3nomo de Ozmo brinda a los clientes las herramientas necesarias para resolver sus propias preguntas con facilidad en todos sus canales digitales. Estos tutoriales interactivos promueven un menor contacto y reducen el volumen de tickets de soporte en los centros de contacto, reduciendo los costos y aumentando la satisfacci\u00f3n del cliente.<\/p>\n<\/div>\n                                                            <div class=\"button-wrapper\">\n                                    <a tabindex=\"-1\" href=\"\/es\/las-soluciones-de-ozmo\/auto-servidor\/\" target=\"_self\">\n                                    <div tabindex=\"0\" class=\"button primary teal\">\n                                        <div>\n                                        <span>M\u00e1s informaci\u00f3n sobre las soluciones de soporte aut\u00f3nomo<\/span>\n                                        <\/div>\n                                    <\/div>\n                                    <\/a>\n                                <\/div>\n                                                <\/div>\n                <\/div>\n                            <div class=\"element product-media-block left\">\n                    <figure class=\"product-image left image-size-large\">\n                        <img loading=\"lazy\" decoding=\"async\" width=\"480\" height=\"360\" src=\"https:\/\/ozmo.com\/wp-content\/uploads\/2021\/01\/Solutions-13-2.png\" class=\"attachment-media-horizontal-image-large size-media-horizontal-image-large\" alt=\"\" srcset=\"https:\/\/ozmo.com\/wp-content\/uploads\/2021\/01\/Solutions-13-2.png 1459w, https:\/\/ozmo.com\/wp-content\/uploads\/2021\/01\/Solutions-13-2-300x225.png 300w, https:\/\/ozmo.com\/wp-content\/uploads\/2021\/01\/Solutions-13-2-1024x769.png 1024w, https:\/\/ozmo.com\/wp-content\/uploads\/2021\/01\/Solutions-13-2-768x576.png 768w, https:\/\/ozmo.com\/wp-content\/uploads\/2021\/01\/Solutions-13-2-1280x961.png 1280w, https:\/\/ozmo.com\/wp-content\/uploads\/2021\/01\/Solutions-13-2-700x525.png 700w\" sizes=\"auto, (max-width: 480px) 100vw, 480px\" \/>                    <\/figure>\n                    <div class=\"text left\">\n                            <div class=\"heading\">\n                                <h3>Centro de contacto<\/h3>                                <h4>Empodera a los agentes en el centro de contacto<\/h4>                            <\/div>\n                            <div class=\"body-text\"><p>A medida que muchos centros de apoyo dejan las oficinas y adoptan la modalidad remota, los agentes requieren recursos adicionales para realizar su trabajo en forma adecuada. Gracias a la herramienta de resoluci\u00f3n de problemas sin restricciones de Ozmo, m\u00e1s de 75 000 agentes de centros de contacto poseen mayor confianza, pueden medir mejor su rendimiento y resolver cualquier problema t\u00e9cnico espec\u00edfico. No importa d\u00f3nde est\u00e9 ubicado su centro de contacto o cu\u00e1ntos agentes emplee, Ozmo for Agents proporciona un soporte virtual y escalable.<\/p>\n<\/div>\n                                                            <div class=\"button-wrapper\">\n                                    <a tabindex=\"-1\" href=\"\/es\/las-soluciones-de-ozmo\/centro-de-contacto\/\" target=\"_self\">\n                                    <div tabindex=\"0\" class=\"button primary teal\">\n                                        <div>\n                                        <span>M\u00e1s informaci\u00f3n sobre las soluciones del centro de contacto<\/span>\n                                        <\/div>\n                                    <\/div>\n                                    <\/a>\n                                <\/div>\n                                                <\/div>\n                <\/div>\n                            <div class=\"element product-media-block right\">\n                    <figure class=\"product-image right image-size-large\">\n                        <img loading=\"lazy\" decoding=\"async\" width=\"480\" height=\"360\" src=\"https:\/\/ozmo.com\/wp-content\/uploads\/2021\/01\/Solutions-15-2.png\" class=\"attachment-media-horizontal-image-large size-media-horizontal-image-large\" alt=\"\" srcset=\"https:\/\/ozmo.com\/wp-content\/uploads\/2021\/01\/Solutions-15-2.png 1459w, https:\/\/ozmo.com\/wp-content\/uploads\/2021\/01\/Solutions-15-2-300x225.png 300w, https:\/\/ozmo.com\/wp-content\/uploads\/2021\/01\/Solutions-15-2-1024x769.png 1024w, https:\/\/ozmo.com\/wp-content\/uploads\/2021\/01\/Solutions-15-2-768x576.png 768w, https:\/\/ozmo.com\/wp-content\/uploads\/2021\/01\/Solutions-15-2-1280x961.png 1280w, https:\/\/ozmo.com\/wp-content\/uploads\/2021\/01\/Solutions-15-2-700x525.png 700w\" sizes=\"auto, (max-width: 480px) 100vw, 480px\" \/>                    <\/figure>\n                    <div class=\"text right\">\n                            <div class=\"heading\">\n                                <h3>Nuevos servicios<\/h3>                                <h4>La incorporaci\u00f3n es f\u00e1cil <\/h4>                            <\/div>\n                            <div class=\"body-text\"><p>El \u00e9xito en la incorporaci\u00f3n de nuevos servicios, caracter\u00edsticas, aplicaciones y dispositivos es importante no s\u00f3lo para construir la lealtad de marca, sino tambi\u00e9n para la retenci\u00f3n de los clientes. Lleve a cabo su transformaci\u00f3n digital a trav\u00e9s de un soporte directo mientras simplifica la incorporaci\u00f3n de las funcionalidades para sus clientes. Con las soluciones de Ozmo, puede identificar las necesidades iniciales de sus clientes y as\u00ed proporcionarles la orientaci\u00f3n que necesitan para tener \u00e9xito.<\/p>\n<\/div>\n                                                            <div class=\"button-wrapper\">\n                                    <a tabindex=\"-1\" href=\"\/es\/las-soluciones-de-ozmo\/incorporacion-de-servicios\/\" target=\"_self\">\n                                    <div tabindex=\"0\" class=\"button primary teal\">\n                                        <div>\n                                        <span>M\u00e1s informaci\u00f3n sobre soluciones de incorporaci\u00f3n de servicios<\/span>\n                                        <\/div>\n                                    <\/div>\n                                    <\/a>\n                                <\/div>\n                                                <\/div>\n                <\/div>\n                    <\/div>\n    <\/div>\n\n    <style type=\"text\/css\">\n    <\/style>\n<\/div>\n\n<div id=\"icon-grid-block_5fd23db00f393\" class=\"section icon-grid-block alignfull ozmo-white-background\">\n\n        <div class=\"icon-grid\">\n                            <div class=\"details left\">\n                    <h2>Aseguramos resultados en todos los niveles<\/h2>                <\/div>\n            \n            <div class=\"elements columns-3\">\n                                        <div class=\"element\">\n                                                \n                                <figure class=\"image left image-size-small\">\n                                    <img decoding=\"async\" src=\"https:\/\/ozmo.com\/wp-content\/uploads\/2021\/01\/Vertical-icons-01.png\" alt=\"Telecom\">\n                                <\/figure>\n                            \n                            <div class=\"text left\">\n                                <h3>Telecomunicaciones<\/h3><p>Ampl\u00ede su base de clientes y cons\u00e9rvelos por mucho tiempo gracias a nuestros servicios con valor a\u00f1adido. La completa soluci\u00f3n de Ozmo proporciona un dispositivo virtual escalable y una biblioteca de aplicaciones. Asimismo, proporciona herramientas de soporte aut\u00f3nomo a sus clientes que permiten aumentar la eficiencia y reducir los costes de soporte. Trabajamos con empresas de todos los tama\u00f1os y tipos en la industria de las telecomunicaciones, como algunos de los mayores operadores m\u00f3viles del mundo (incluidos los OMVs) y mucho m\u00e1s.<\/p><a href=\"\/es\/verticales\/telecomunicaciones\/\" target=\"\">M\u00e1s informaci\u00f3n sobre Ozmo para telecomunicaciones <\/a>\n                                                            <\/div>\n                        <\/div>\n                                        <div class=\"element\">\n                                                \n                                <figure class=\"image left image-size-small\">\n                                    <img decoding=\"async\" src=\"https:\/\/ozmo.com\/wp-content\/uploads\/2021\/01\/Vertical-icons-02.png\" alt=\"SmartDevices\">\n                                <\/figure>\n                            \n                            <div class=\"text left\">\n                                <h3>Dispositivos inteligentes<\/h3><p>La plataforma de soporte omnicanal de Ozmo ofrece una \u00fanica fuente de respuestas consistentes en todos los canales digitales a fabricantes de dispositivos, proveedores de hogares conectados y minoristas de IoT (Servicios de Internet). Nuestras soluciones extensibles aseguran una experiencia positiva a los clientes, un mejor \u00edndice de lealtad y a menores costes operativos, s\u00f3lo por nombrar algunos de los beneficios.<\/p><a href=\"\/es\/verticales\/dispositivos-inteligentes\/\" target=\"\">M\u00e1s informaci\u00f3n sobre Ozmo para dispositivos inteligentes<\/a>\n                                                            <\/div>\n                        <\/div>\n                                        <div class=\"element\">\n                                                \n                                <figure class=\"image left image-size-small\">\n                                    <img decoding=\"async\" src=\"https:\/\/ozmo.com\/wp-content\/uploads\/2021\/01\/Vertical-icons-03.png\" alt=\"DeviceInsurance\">\n                                <\/figure>\n                            \n                            <div class=\"text left\">\n                                <h3>Seguro del dispositivo<\/h3><p>Proporcione la mejor experiencia de asistencia de primera clase, tan importante para sus clientes, manteniendo al mismo tiempo una ventaja competitiva. Nuestras soluciones ofrecen a los usuarios la posibilidad de seguir sus preferencias de acceso al soporte, al tiempo que suministran a los agentes un conocimiento profundo del producto para reducir los reclamos.<\/p><a href=\"\/es\/verticales\/seguro-de-dispositivo\/\" target=\"\">M\u00e1s informaci\u00f3n sobre Ozmo para seguros de dispositivos<\/a>\n                                                            <\/div>\n                        <\/div>\n                            <\/div>\n\n        <\/div>\n        \n<\/div>\n\n<div id=\"customer-grid-block_5fc69ce012c71\" class=\"section customer-grid-block alignfull ozmo-white-background\">\n\n        <div class=\"customer-grid\">\n            \n                            <div class=\"details\">\n                    <h2>Algunas de las principales empresas del mundo ya conf\u00edan en la plataforma Ozmo.<\/h2>                <\/div>\n            \n            <div class=\"elements columns-3\">\n                                    \n                        <figure class=\"image\">\n                            <img decoding=\"async\" src=\"https:\/\/ozmo.com\/wp-content\/uploads\/2020\/12\/verizon-logo.svg\" alt=\"verizon-logo\">\n                        <\/figure>\n                                \n                        <figure class=\"image\">\n                            <img decoding=\"async\" src=\"https:\/\/ozmo.com\/wp-content\/uploads\/2020\/12\/telus-logo.svg\" alt=\"telus-logo\">\n                        <\/figure>\n                                \n                        <figure class=\"image\">\n                            <img decoding=\"async\" src=\"https:\/\/ozmo.com\/wp-content\/uploads\/2021\/01\/asurion-logo1-1.svg\" alt=\"asurion-logo1\">\n                        <\/figure>\n                                \n                        <figure class=\"image\">\n                            <img decoding=\"async\" src=\"https:\/\/ozmo.com\/wp-content\/uploads\/2021\/01\/videotron-01.svg\" alt=\"videotron-01\">\n                        <\/figure>\n                                \n                        <figure class=\"image\">\n                            <img decoding=\"async\" src=\"https:\/\/ozmo.com\/wp-content\/uploads\/2021\/01\/assurant-logo-1.svg\" alt=\"assurant-logo\">\n                        <\/figure>\n                                \n                        <figure class=\"image\">\n                            <img decoding=\"async\" src=\"https:\/\/ozmo.com\/wp-content\/uploads\/2021\/01\/FreedomMobile-01-1.svg\" alt=\"FreedomMobile-01\">\n                        <\/figure>\n                        <\/div>\n\n                    <\/div>\n        \n<\/div>\n","protected":false},"excerpt":{"rendered":"","protected":false},"author":1,"featured_media":2760,"parent":0,"menu_order":0,"comment_status":"closed","ping_status":"closed","template":"","meta":{"_acf_changed":false,"footnotes":""},"class_list":["post-737","page","type-page","status-publish","has-post-thumbnail","hentry"],"acf":[],"yoast_head":"<!-- This site is optimized with the Yoast SEO plugin v27.3 - https:\/\/yoast.com\/product\/yoast-seo-wordpress\/ -->\n<title>Homepage - Ozmo<\/title>\n<meta name=\"description\" content=\"Ozmo makes complex device support simple with a support platform that helps mobile operators and their consumers solve any device or software issue.\" \/>\n<meta name=\"robots\" content=\"index, follow, max-snippet:-1, max-image-preview:large, max-video-preview:-1\" \/>\n<link rel=\"canonical\" href=\"https:\/\/ozmo.com\/es\/\" \/>\n<meta property=\"og:locale\" content=\"es_ES\" \/>\n<meta property=\"og:type\" content=\"article\" \/>\n<meta property=\"og:title\" content=\"Homepage - Ozmo\" \/>\n<meta property=\"og:description\" content=\"Ozmo makes complex device support simple with a support platform that helps mobile operators and their consumers solve any device or software issue.\" \/>\n<meta property=\"og:url\" content=\"https:\/\/ozmo.com\/es\/\" \/>\n<meta property=\"og:site_name\" content=\"Ozmo\" \/>\n<meta property=\"article:modified_time\" content=\"2021-10-22T18:08:34+00:00\" \/>\n<meta property=\"og:image\" content=\"https:\/\/ozmo.com\/wp-content\/uploads\/2021\/02\/Ozmo2-01.png\" \/>\n<meta name=\"twitter:card\" content=\"summary_large_image\" \/>\n<meta name=\"twitter:image\" content=\"https:\/\/ozmo.com\/wp-content\/uploads\/2021\/02\/Ozmo2-01.png\" \/>\n<script type=\"application\/ld+json\" class=\"yoast-schema-graph\">{\"@context\":\"https:\\\/\\\/schema.org\",\"@graph\":[{\"@type\":\"WebPage\",\"@id\":\"https:\\\/\\\/ozmo.com\\\/es\\\/\",\"url\":\"https:\\\/\\\/ozmo.com\\\/es\\\/\",\"name\":\"Homepage - Ozmo\",\"isPartOf\":{\"@id\":\"https:\\\/\\\/ozmo.com\\\/es\\\/#website\"},\"primaryImageOfPage\":{\"@id\":\"https:\\\/\\\/ozmo.com\\\/es\\\/#primaryimage\"},\"image\":{\"@id\":\"https:\\\/\\\/ozmo.com\\\/es\\\/#primaryimage\"},\"thumbnailUrl\":\"https:\\\/\\\/ozmo.com\\\/wp-content\\\/uploads\\\/2021\\\/01\\\/social_cover_photos_FB-02.png\",\"datePublished\":\"2020-10-20T15:13:35+00:00\",\"dateModified\":\"2021-10-22T18:08:34+00:00\",\"description\":\"Ozmo makes complex device support simple with a support platform that helps mobile operators and their consumers solve any device or software issue.\",\"breadcrumb\":{\"@id\":\"https:\\\/\\\/ozmo.com\\\/es\\\/#breadcrumb\"},\"inLanguage\":\"es-ES\",\"potentialAction\":[{\"@type\":\"ReadAction\",\"target\":[\"https:\\\/\\\/ozmo.com\\\/es\\\/\"]}]},{\"@type\":\"ImageObject\",\"inLanguage\":\"es-ES\",\"@id\":\"https:\\\/\\\/ozmo.com\\\/es\\\/#primaryimage\",\"url\":\"https:\\\/\\\/ozmo.com\\\/wp-content\\\/uploads\\\/2021\\\/01\\\/social_cover_photos_FB-02.png\",\"contentUrl\":\"https:\\\/\\\/ozmo.com\\\/wp-content\\\/uploads\\\/2021\\\/01\\\/social_cover_photos_FB-02.png\",\"width\":1501,\"height\":657},{\"@type\":\"BreadcrumbList\",\"@id\":\"https:\\\/\\\/ozmo.com\\\/es\\\/#breadcrumb\",\"itemListElement\":[{\"@type\":\"ListItem\",\"position\":1,\"name\":\"Home\",\"item\":\"https:\\\/\\\/ozmo.com\\\/es\\\/\"},{\"@type\":\"ListItem\",\"position\":2,\"name\":\"Homepage\"}]},{\"@type\":\"WebSite\",\"@id\":\"https:\\\/\\\/ozmo.com\\\/es\\\/#website\",\"url\":\"https:\\\/\\\/ozmo.com\\\/es\\\/\",\"name\":\"Ozmo\",\"description\":\"Ozmo makes complex tech support simple with a support platform that helps enterprises and their consumers solve any app, device or software issue.\",\"publisher\":{\"@id\":\"https:\\\/\\\/ozmo.com\\\/es\\\/#organization\"},\"potentialAction\":[{\"@type\":\"SearchAction\",\"target\":{\"@type\":\"EntryPoint\",\"urlTemplate\":\"https:\\\/\\\/ozmo.com\\\/es\\\/?s={search_term_string}\"},\"query-input\":{\"@type\":\"PropertyValueSpecification\",\"valueRequired\":true,\"valueName\":\"search_term_string\"}}],\"inLanguage\":\"es-ES\"},{\"@type\":\"Organization\",\"@id\":\"https:\\\/\\\/ozmo.com\\\/es\\\/#organization\",\"name\":\"Ozmo\",\"url\":\"https:\\\/\\\/ozmo.com\\\/es\\\/\",\"logo\":{\"@type\":\"ImageObject\",\"inLanguage\":\"es-ES\",\"@id\":\"https:\\\/\\\/ozmo.com\\\/es\\\/#\\\/schema\\\/logo\\\/image\\\/\",\"url\":\"https:\\\/\\\/ozmo.com\\\/wp-content\\\/uploads\\\/2021\\\/01\\\/Ozmo_logo.png\",\"contentUrl\":\"https:\\\/\\\/ozmo.com\\\/wp-content\\\/uploads\\\/2021\\\/01\\\/Ozmo_logo.png\",\"width\":710,\"height\":172,\"caption\":\"Ozmo\"},\"image\":{\"@id\":\"https:\\\/\\\/ozmo.com\\\/es\\\/#\\\/schema\\\/logo\\\/image\\\/\"}}]}<\/script>\n<!-- \/ Yoast SEO plugin. -->","yoast_head_json":{"title":"Homepage - Ozmo","description":"Ozmo makes complex device support simple with a support platform that helps mobile operators and their consumers solve any device or software issue.","robots":{"index":"index","follow":"follow","max-snippet":"max-snippet:-1","max-image-preview":"max-image-preview:large","max-video-preview":"max-video-preview:-1"},"canonical":"https:\/\/ozmo.com\/es\/","og_locale":"es_ES","og_type":"article","og_title":"Homepage - Ozmo","og_description":"Ozmo makes complex device support simple with a support platform that helps mobile operators and their consumers solve any device or software issue.","og_url":"https:\/\/ozmo.com\/es\/","og_site_name":"Ozmo","article_modified_time":"2021-10-22T18:08:34+00:00","og_image":[{"url":"https:\/\/ozmo.com\/wp-content\/uploads\/2021\/02\/Ozmo2-01.png","type":"","width":"","height":""}],"twitter_card":"summary_large_image","twitter_image":"https:\/\/ozmo.com\/wp-content\/uploads\/2021\/02\/Ozmo2-01.png","schema":{"@context":"https:\/\/schema.org","@graph":[{"@type":"WebPage","@id":"https:\/\/ozmo.com\/es\/","url":"https:\/\/ozmo.com\/es\/","name":"Homepage - Ozmo","isPartOf":{"@id":"https:\/\/ozmo.com\/es\/#website"},"primaryImageOfPage":{"@id":"https:\/\/ozmo.com\/es\/#primaryimage"},"image":{"@id":"https:\/\/ozmo.com\/es\/#primaryimage"},"thumbnailUrl":"https:\/\/ozmo.com\/wp-content\/uploads\/2021\/01\/social_cover_photos_FB-02.png","datePublished":"2020-10-20T15:13:35+00:00","dateModified":"2021-10-22T18:08:34+00:00","description":"Ozmo makes complex device support simple with a support platform that helps mobile operators and their consumers solve any device or software issue.","breadcrumb":{"@id":"https:\/\/ozmo.com\/es\/#breadcrumb"},"inLanguage":"es-ES","potentialAction":[{"@type":"ReadAction","target":["https:\/\/ozmo.com\/es\/"]}]},{"@type":"ImageObject","inLanguage":"es-ES","@id":"https:\/\/ozmo.com\/es\/#primaryimage","url":"https:\/\/ozmo.com\/wp-content\/uploads\/2021\/01\/social_cover_photos_FB-02.png","contentUrl":"https:\/\/ozmo.com\/wp-content\/uploads\/2021\/01\/social_cover_photos_FB-02.png","width":1501,"height":657},{"@type":"BreadcrumbList","@id":"https:\/\/ozmo.com\/es\/#breadcrumb","itemListElement":[{"@type":"ListItem","position":1,"name":"Home","item":"https:\/\/ozmo.com\/es\/"},{"@type":"ListItem","position":2,"name":"Homepage"}]},{"@type":"WebSite","@id":"https:\/\/ozmo.com\/es\/#website","url":"https:\/\/ozmo.com\/es\/","name":"Ozmo","description":"Ozmo makes complex tech support simple with a support platform that helps enterprises and their consumers solve any app, device or software issue.","publisher":{"@id":"https:\/\/ozmo.com\/es\/#organization"},"potentialAction":[{"@type":"SearchAction","target":{"@type":"EntryPoint","urlTemplate":"https:\/\/ozmo.com\/es\/?s={search_term_string}"},"query-input":{"@type":"PropertyValueSpecification","valueRequired":true,"valueName":"search_term_string"}}],"inLanguage":"es-ES"},{"@type":"Organization","@id":"https:\/\/ozmo.com\/es\/#organization","name":"Ozmo","url":"https:\/\/ozmo.com\/es\/","logo":{"@type":"ImageObject","inLanguage":"es-ES","@id":"https:\/\/ozmo.com\/es\/#\/schema\/logo\/image\/","url":"https:\/\/ozmo.com\/wp-content\/uploads\/2021\/01\/Ozmo_logo.png","contentUrl":"https:\/\/ozmo.com\/wp-content\/uploads\/2021\/01\/Ozmo_logo.png","width":710,"height":172,"caption":"Ozmo"},"image":{"@id":"https:\/\/ozmo.com\/es\/#\/schema\/logo\/image\/"}}]}},"_links":{"self":[{"href":"https:\/\/ozmo.com\/es\/wp-json\/wp\/v2\/pages\/737","targetHints":{"allow":["GET"]}}],"collection":[{"href":"https:\/\/ozmo.com\/es\/wp-json\/wp\/v2\/pages"}],"about":[{"href":"https:\/\/ozmo.com\/es\/wp-json\/wp\/v2\/types\/page"}],"author":[{"embeddable":true,"href":"https:\/\/ozmo.com\/es\/wp-json\/wp\/v2\/users\/1"}],"replies":[{"embeddable":true,"href":"https:\/\/ozmo.com\/es\/wp-json\/wp\/v2\/comments?post=737"}],"version-history":[{"count":25,"href":"https:\/\/ozmo.com\/es\/wp-json\/wp\/v2\/pages\/737\/revisions"}],"predecessor-version":[{"id":7400,"href":"https:\/\/ozmo.com\/es\/wp-json\/wp\/v2\/pages\/737\/revisions\/7400"}],"wp:featuredmedia":[{"embeddable":true,"href":"https:\/\/ozmo.com\/es\/wp-json\/wp\/v2\/media\/2760"}],"wp:attachment":[{"href":"https:\/\/ozmo.com\/es\/wp-json\/wp\/v2\/media?parent=737"}],"curies":[{"name":"wp","href":"https:\/\/api.w.org\/{rel}","templated":true}]}}