{"id":35,"date":"2020-10-20T11:11:52","date_gmt":"2020-10-20T15:11:52","guid":{"rendered":"https:\/\/ozmo.pantheonlocal.com\/?page_id=35"},"modified":"2021-09-21T17:52:36","modified_gmt":"2021-09-21T21:52:36","slug":"compania","status":"publish","type":"page","link":"https:\/\/ozmo.com\/es\/compania\/","title":{"rendered":"Compa\u00f1\u00eda"},"content":{"rendered":" \n<div class=\"hero-wrapper    \">\n  <div class=\"hero-content-wrapper left\">\n    <h2 class=\"hero-title\">Compa\u00f1\u00eda<\/h2>\n          <h3 class=\"hero-subtitle\">Todo sobre Ozmo<\/h3>\n              <p class=\"hero-details\">Ozmo ayuda a empresas en las industrias de telecomunicaciones, dispositivos inteligentes y seguros de dispositivos a brindar un soporte t\u00e9cnico de calidad. Nuestra plataforma ofrece a los agentes la confianza para manejar cualquier caso de soporte sin importar su complejidad y refuerza la lealtad de marca a futuro con sus clientes. El servicio de atenci\u00f3n al cliente no deber\u00eda ser un dolor de cabeza. D\u00e9jenos ayudar a su negocio con la transformaci\u00f3n de su soporte digital.<\/p>\n          <\/div>\n  <\/div>\n\n<div id=\"tout-block_5fce99abbc710\" class=\"section tout-blocks alignfull ozmo-white-background\">\n\n    <div class=\"tout-container\">\n            <div class=\"details\">\n                                            <\/div>\n            <div class=\"elements align-vertical\">\n                            <div class=\"tout-grid-item\">\n                    <a href=\"\/es\/compania\/sobre-nosotros\/\" target=\"\" class=\"tout-link\">\n                    <div class=\"tout-block\">\n                        <div class=\"tout\">\n                        <span>\n                            <h4>Sobre nosotros <\/h4>\n                            <svg role=\"img\" >\n                                <use xlink:href=\"https:\/\/ozmo.com\/wp-content\/themes\/ozmoapp\/images\/icons.svg#icon-arrow-right\" \/>\n                            <\/svg>\n                        <\/span>\n                        <p>\n                            Descubra c\u00f3mo surgi\u00f3 Ozmo y conozca a nuestro equipo de liderazgo.\r\n                        <\/p>\n                        <\/div>\n                    <\/div>\n                    <\/a>\n                <\/div>\n                            <div class=\"tout-grid-item\">\n                    <a href=\"\/es\/compania\/contactar-a-ozmo\/\" target=\"\" class=\"tout-link\">\n                    <div class=\"tout-block\">\n                        <div class=\"tout\">\n                        <span>\n                            <h4>Cont\u00e1ctenos<\/h4>\n                            <svg role=\"img\" >\n                                <use xlink:href=\"https:\/\/ozmo.com\/wp-content\/themes\/ozmoapp\/images\/icons.svg#icon-arrow-right\" \/>\n                            <\/svg>\n                        <\/span>\n                        <p>\n                            \u00bfTiene preguntas o s\u00f3lo desea ponerse en contacto? Con gusto lo ayudaremos.                         <\/p>\n                        <\/div>\n                    <\/div>\n                    <\/a>\n                <\/div>\n                        <\/div>\n    <\/div>\n<\/div>","protected":false},"excerpt":{"rendered":"","protected":false},"author":1,"featured_media":0,"parent":0,"menu_order":0,"comment_status":"closed","ping_status":"closed","template":"","meta":{"_acf_changed":false,"footnotes":""},"class_list":["post-35","page","type-page","status-publish","hentry"],"acf":[],"yoast_head":"<!-- This site is optimized with the Yoast SEO plugin v27.3 - https:\/\/yoast.com\/product\/yoast-seo-wordpress\/ -->\n<title>Compa\u00f1\u00eda - Ozmo<\/title>\n<meta name=\"robots\" content=\"index, follow, max-snippet:-1, max-image-preview:large, max-video-preview:-1\" \/>\n<link rel=\"canonical\" href=\"https:\/\/ozmo.com\/es\/compania\/\" \/>\n<meta property=\"og:locale\" content=\"es_ES\" \/>\n<meta property=\"og:type\" content=\"article\" \/>\n<meta property=\"og:title\" content=\"Compa\u00f1\u00eda - Ozmo\" \/>\n<meta property=\"og:url\" content=\"https:\/\/ozmo.com\/es\/compania\/\" \/>\n<meta property=\"og:site_name\" content=\"Ozmo\" \/>\n<meta property=\"article:modified_time\" content=\"2021-09-21T21:52:36+00:00\" \/>\n<meta name=\"twitter:card\" content=\"summary_large_image\" \/>\n<script type=\"application\/ld+json\" class=\"yoast-schema-graph\">{\"@context\":\"https:\\\/\\\/schema.org\",\"@graph\":[{\"@type\":\"WebPage\",\"@id\":\"https:\\\/\\\/ozmo.com\\\/es\\\/compania\\\/\",\"url\":\"https:\\\/\\\/ozmo.com\\\/es\\\/compania\\\/\",\"name\":\"Compa\u00f1\u00eda - Ozmo\",\"isPartOf\":{\"@id\":\"https:\\\/\\\/ozmo.com\\\/es\\\/#website\"},\"datePublished\":\"2020-10-20T15:11:52+00:00\",\"dateModified\":\"2021-09-21T21:52:36+00:00\",\"breadcrumb\":{\"@id\":\"https:\\\/\\\/ozmo.com\\\/es\\\/compania\\\/#breadcrumb\"},\"inLanguage\":\"es-ES\",\"potentialAction\":[{\"@type\":\"ReadAction\",\"target\":[\"https:\\\/\\\/ozmo.com\\\/es\\\/compania\\\/\"]}]},{\"@type\":\"BreadcrumbList\",\"@id\":\"https:\\\/\\\/ozmo.com\\\/es\\\/compania\\\/#breadcrumb\",\"itemListElement\":[{\"@type\":\"ListItem\",\"position\":1,\"name\":\"Home\",\"item\":\"https:\\\/\\\/ozmo.com\\\/es\\\/\"},{\"@type\":\"ListItem\",\"position\":2,\"name\":\"Compa\u00f1\u00eda\"}]},{\"@type\":\"WebSite\",\"@id\":\"https:\\\/\\\/ozmo.com\\\/es\\\/#website\",\"url\":\"https:\\\/\\\/ozmo.com\\\/es\\\/\",\"name\":\"Ozmo\",\"description\":\"Ozmo makes complex tech support simple with a support platform that helps enterprises and their consumers solve any app, device or software issue.\",\"publisher\":{\"@id\":\"https:\\\/\\\/ozmo.com\\\/es\\\/#organization\"},\"potentialAction\":[{\"@type\":\"SearchAction\",\"target\":{\"@type\":\"EntryPoint\",\"urlTemplate\":\"https:\\\/\\\/ozmo.com\\\/es\\\/?s={search_term_string}\"},\"query-input\":{\"@type\":\"PropertyValueSpecification\",\"valueRequired\":true,\"valueName\":\"search_term_string\"}}],\"inLanguage\":\"es-ES\"},{\"@type\":\"Organization\",\"@id\":\"https:\\\/\\\/ozmo.com\\\/es\\\/#organization\",\"name\":\"Ozmo\",\"url\":\"https:\\\/\\\/ozmo.com\\\/es\\\/\",\"logo\":{\"@type\":\"ImageObject\",\"inLanguage\":\"es-ES\",\"@id\":\"https:\\\/\\\/ozmo.com\\\/es\\\/#\\\/schema\\\/logo\\\/image\\\/\",\"url\":\"https:\\\/\\\/ozmo.com\\\/wp-content\\\/uploads\\\/2021\\\/01\\\/Ozmo_logo.png\",\"contentUrl\":\"https:\\\/\\\/ozmo.com\\\/wp-content\\\/uploads\\\/2021\\\/01\\\/Ozmo_logo.png\",\"width\":710,\"height\":172,\"caption\":\"Ozmo\"},\"image\":{\"@id\":\"https:\\\/\\\/ozmo.com\\\/es\\\/#\\\/schema\\\/logo\\\/image\\\/\"}}]}<\/script>\n<!-- \/ Yoast SEO plugin. -->","yoast_head_json":{"title":"Compa\u00f1\u00eda - Ozmo","robots":{"index":"index","follow":"follow","max-snippet":"max-snippet:-1","max-image-preview":"max-image-preview:large","max-video-preview":"max-video-preview:-1"},"canonical":"https:\/\/ozmo.com\/es\/compania\/","og_locale":"es_ES","og_type":"article","og_title":"Compa\u00f1\u00eda - Ozmo","og_url":"https:\/\/ozmo.com\/es\/compania\/","og_site_name":"Ozmo","article_modified_time":"2021-09-21T21:52:36+00:00","twitter_card":"summary_large_image","schema":{"@context":"https:\/\/schema.org","@graph":[{"@type":"WebPage","@id":"https:\/\/ozmo.com\/es\/compania\/","url":"https:\/\/ozmo.com\/es\/compania\/","name":"Compa\u00f1\u00eda - Ozmo","isPartOf":{"@id":"https:\/\/ozmo.com\/es\/#website"},"datePublished":"2020-10-20T15:11:52+00:00","dateModified":"2021-09-21T21:52:36+00:00","breadcrumb":{"@id":"https:\/\/ozmo.com\/es\/compania\/#breadcrumb"},"inLanguage":"es-ES","potentialAction":[{"@type":"ReadAction","target":["https:\/\/ozmo.com\/es\/compania\/"]}]},{"@type":"BreadcrumbList","@id":"https:\/\/ozmo.com\/es\/compania\/#breadcrumb","itemListElement":[{"@type":"ListItem","position":1,"name":"Home","item":"https:\/\/ozmo.com\/es\/"},{"@type":"ListItem","position":2,"name":"Compa\u00f1\u00eda"}]},{"@type":"WebSite","@id":"https:\/\/ozmo.com\/es\/#website","url":"https:\/\/ozmo.com\/es\/","name":"Ozmo","description":"Ozmo makes complex tech support simple with a support platform that helps enterprises and their consumers solve any app, device or software issue.","publisher":{"@id":"https:\/\/ozmo.com\/es\/#organization"},"potentialAction":[{"@type":"SearchAction","target":{"@type":"EntryPoint","urlTemplate":"https:\/\/ozmo.com\/es\/?s={search_term_string}"},"query-input":{"@type":"PropertyValueSpecification","valueRequired":true,"valueName":"search_term_string"}}],"inLanguage":"es-ES"},{"@type":"Organization","@id":"https:\/\/ozmo.com\/es\/#organization","name":"Ozmo","url":"https:\/\/ozmo.com\/es\/","logo":{"@type":"ImageObject","inLanguage":"es-ES","@id":"https:\/\/ozmo.com\/es\/#\/schema\/logo\/image\/","url":"https:\/\/ozmo.com\/wp-content\/uploads\/2021\/01\/Ozmo_logo.png","contentUrl":"https:\/\/ozmo.com\/wp-content\/uploads\/2021\/01\/Ozmo_logo.png","width":710,"height":172,"caption":"Ozmo"},"image":{"@id":"https:\/\/ozmo.com\/es\/#\/schema\/logo\/image\/"}}]}},"_links":{"self":[{"href":"https:\/\/ozmo.com\/es\/wp-json\/wp\/v2\/pages\/35","targetHints":{"allow":["GET"]}}],"collection":[{"href":"https:\/\/ozmo.com\/es\/wp-json\/wp\/v2\/pages"}],"about":[{"href":"https:\/\/ozmo.com\/es\/wp-json\/wp\/v2\/types\/page"}],"author":[{"embeddable":true,"href":"https:\/\/ozmo.com\/es\/wp-json\/wp\/v2\/users\/1"}],"replies":[{"embeddable":true,"href":"https:\/\/ozmo.com\/es\/wp-json\/wp\/v2\/comments?post=35"}],"version-history":[{"count":33,"href":"https:\/\/ozmo.com\/es\/wp-json\/wp\/v2\/pages\/35\/revisions"}],"predecessor-version":[{"id":7398,"href":"https:\/\/ozmo.com\/es\/wp-json\/wp\/v2\/pages\/35\/revisions\/7398"}],"wp:attachment":[{"href":"https:\/\/ozmo.com\/es\/wp-json\/wp\/v2\/media?parent=35"}],"curies":[{"name":"wp","href":"https:\/\/api.w.org\/{rel}","templated":true}]}}