{"id":1765,"date":"2021-01-14T15:32:23","date_gmt":"2021-01-14T20:32:23","guid":{"rendered":"https:\/\/dev-ozmo.pantheonsite.io\/?page_id=1765"},"modified":"2021-10-22T14:13:09","modified_gmt":"2021-10-22T18:13:09","slug":"incorporacion-de-servicios","status":"publish","type":"page","link":"https:\/\/ozmo.com\/es\/las-soluciones-de-ozmo\/incorporacion-de-servicios\/","title":{"rendered":"Incorporaci\u00f3n de servicios"},"content":{"rendered":" \n<div class=\"hero-wrapper    short\">\n  <div class=\"hero-content-wrapper left\">\n    <h2 class=\"hero-title\">Incorporaci\u00f3n de servicios<\/h2>\n          <h3 class=\"hero-subtitle\">Construya y mantenga su base de clientes a trav\u00e9s de una integraci\u00f3n perfecta.<\/h3>\n              <\/div>\n  <\/div>\n\n\n<p>La incorporaci\u00f3n es una parte cr\u00edtica de la experiencia del cliente, de acuerdo a cu\u00e1n positiva sea puede afirmar o desmoronar la lealtad del cliente. Con la incorporaci\u00f3n de los servicios de Ozmo, su negocio tendr\u00e1 las herramientas necesarias para aumentar la retenci\u00f3n de los clientes y seguir\u00e1 cumpliendo con sus expectativas siempre cambiantes. Genere una impresi\u00f3n duradera gracias a nuestros tutoriales interactivos guiados y el soporte multicanal, al mismo tiempo que aumenta la lealtad de marca. Asegure experiencias de incorporaci\u00f3n exitosas en las que los clientes aprendan a sacar el m\u00e1ximo provecho de su tecnolog\u00eda desde el primer d\u00eda. Si est\u00e1 presentando nuevos productos, servicios, dispositivos o aplicaciones a sus clientes, nuestro objetivo es aumentar la incorporaci\u00f3n de productos y funciones y reducir la p\u00e9rdida de clientes.<\/p>\n\n\n<div id=\"icon-grid-block_600758e323b7b\" class=\"section icon-grid-block alignfull solid-background ozmo-gray\">\n\n        <div class=\"icon-grid\">\n                            <div class=\"details left\">\n                    <h2>Principales beneficios<\/h2>                <\/div>\n            \n            <div class=\"elements columns-3\">\n                                        <div class=\"element\">\n                                                \n                                <figure class=\"image left image-size-small\">\n                                    <img decoding=\"async\" src=\"https:\/\/ozmo.com\/wp-content\/uploads\/2021\/01\/Service-adoption-01.png\" alt=\"Service adoption-01\">\n                                <\/figure>\n                            \n                            <div class=\"text left\">\n                                <h4>Transformaci\u00f3n digital<\/h4><p>Expanda sus iniciativas de soporte digital aprovechando la incorporaci\u00f3n guiada a trav\u00e9s de canales digitales mientras reduce la asistencia en persona y los tiempos de espera del centro de llamadas. <\/p>\n                                                            <\/div>\n                        <\/div>\n                                        <div class=\"element\">\n                                                \n                                <figure class=\"image left image-size-small\">\n                                    <img decoding=\"async\" src=\"https:\/\/ozmo.com\/wp-content\/uploads\/2021\/01\/Service-adoption-02.png\" alt=\"Service adoption-02\">\n                                <\/figure>\n                            \n                            <div class=\"text left\">\n                                <h4>La incorporaci\u00f3n es f\u00e1cil<\/h4><p>Ozmo ofrece un soporte multicanal que facilita la adaptaci\u00f3n r\u00e1pida de sus clientes a nuevos productos y servicios. Reduzca el tiempo valioso de sus clientes asegurando una experiencia de aprendizaje y orientaci\u00f3n positiva que les permitir\u00e1 triunfar.<\/p>\n                                                            <\/div>\n                        <\/div>\n                                        <div class=\"element\">\n                                                \n                                <figure class=\"image left image-size-small\">\n                                    <img decoding=\"async\" src=\"https:\/\/ozmo.com\/wp-content\/uploads\/2021\/01\/Service-adoption-03.png\" alt=\"Service adoption-03\">\n                                <\/figure>\n                            \n                            <div class=\"text left\">\n                                <h4>Incorporaci\u00f3n de caracter\u00edsticas y productos<\/h4><p>Reduzca los impedimentos iniciales para que sus clientes adopten las nuevas tecnolog\u00edas. Al orientar a los clientes sobre las caracter\u00edsticas y capacidades m\u00e1s \u00fatiles, puede ayudarlos a entender c\u00f3mo la tecnolog\u00eda puede beneficiarlos. Permita que los clientes obtengan el m\u00e1ximo valor de sus productos y servicios y aumente su lealtad.<\/p>\n                                                            <\/div>\n                        <\/div>\n                                        <div class=\"element\">\n                                                \n                                <figure class=\"image left image-size-small\">\n                                    <img decoding=\"async\" src=\"https:\/\/ozmo.com\/wp-content\/uploads\/2021\/01\/Service-adoption-04.png\" alt=\"Service adoption-04\">\n                                <\/figure>\n                            \n                            <div class=\"text left\">\n                                <h4>Soporte directo cuando y donde sus clientes lo necesitan<\/h4><p>Al acompa\u00f1ar a los clientes en su experiencia con su producto o aplicaci\u00f3n, puede abordar sus necesidades de forma proactiva. La plataforma omnicanal de Ozmo ofrece respuestas a sus clientes cuando y donde las necesiten.<\/p>\n                                                            <\/div>\n                        <\/div>\n                                        <div class=\"element\">\n                                                \n                                <figure class=\"image left image-size-small\">\n                                    <img decoding=\"async\" src=\"https:\/\/ozmo.com\/wp-content\/uploads\/2021\/01\/Service-adoption-05.png\" alt=\"Service adoption-05\">\n                                <\/figure>\n                            \n                            <div class=\"text left\">\n                                <h4>Menor tasa de cancelaci\u00f3n<\/h4><p>Reduzca las costosas devoluciones y cancelaciones brindando un soporte proactivo a los clientes. Ay\u00fadelos cuando m\u00e1s lo necesiten con gu\u00edas \u00fatiles, respuestas a temas frecuentes, tutoriales de iniciaci\u00f3n y m\u00e1s. Estas herramientas los ayudar\u00e1n a valorar los servicios m\u00e1s r\u00e1pido y evitar cualquier frustraci\u00f3n con la nueva tecnolog\u00eda que puede llevar a una cancelaci\u00f3n.<\/p>\n                                                            <\/div>\n                        <\/div>\n                            <\/div>\n\n        <\/div>\n        \n<\/div>\n\n<div id=\"tout-block_6000aa0c4bce3\" class=\"section tout-blocks alignfull ozmo-white-background\">\n\n    <div class=\"tout-container\">\n            <div class=\"details\">\n                <h2>Incorporaci\u00f3n de servicios en todos los niveles<\/h2>                <p>Las soluciones de incorporaci\u00f3n de servicios de Ozmo est\u00e1n dise\u00f1adas para operadores de telecomunicaciones, fabricantes de dispositivos inteligentes y proveedores de seguros.<\/p>            <\/div>\n            <div class=\"elements align-vertical\">\n                            <div class=\"tout-grid-item\">\n                    <a href=\"https:\/\/ozmo.com\/es\/verticales\/telecomunicaciones\/\" target=\"\" class=\"tout-link\">\n                    <div class=\"tout-block\">\n                        <div class=\"tout\">\n                        <span>\n                            <h4>Telecomunicaciones<\/h4>\n                            <svg role=\"img\" >\n                                <use xlink:href=\"https:\/\/ozmo.com\/wp-content\/themes\/ozmoapp\/images\/icons.svg#icon-arrow-right\" \/>\n                            <\/svg>\n                        <\/span>\n                        <p>\n                            Controle los costos y respalde los servicios con valor a\u00f1adido para reducir las cancelaciones gracias a una soluci\u00f3n omnicanal. Con las soluciones de Ozmo, los proveedores de telecomunicaciones pueden impulsar la retenci\u00f3n de los clientes y la adopci\u00f3n de nuevas ofertas de servicios, al tiempo que se benefician de la contenci\u00f3n de costos.\r\n                        <\/p>\n                        <\/div>\n                    <\/div>\n                    <\/a>\n                <\/div>\n                            <div class=\"tout-grid-item\">\n                    <a href=\"https:\/\/ozmo.com\/es\/verticales\/dispositivos-inteligentes\/\" target=\"\" class=\"tout-link\">\n                    <div class=\"tout-block\">\n                        <div class=\"tout\">\n                        <span>\n                            <h4>Fabricantes de dispositivos inteligentes<\/h4>\n                            <svg role=\"img\" >\n                                <use xlink:href=\"https:\/\/ozmo.com\/wp-content\/themes\/ozmoapp\/images\/icons.svg#icon-arrow-right\" \/>\n                            <\/svg>\n                        <\/span>\n                        <p>\n                            Mejore el \u00edndice de retenci\u00f3n y lealtad de los clientes con las soluciones de incorporaci\u00f3n de servicios de Ozmo. Presente a los clientes nuevos dispositivos, aplicaciones y servicios con una incorporaci\u00f3n guiada que proporciona un tiempo m\u00e1s r\u00e1pido de valoraci\u00f3n.\r\n                        <\/p>\n                        <\/div>\n                    <\/div>\n                    <\/a>\n                <\/div>\n                            <div class=\"tout-grid-item\">\n                    <a href=\"https:\/\/ozmo.com\/es\/verticales\/seguro-de-dispositivo\/\" target=\"\" class=\"tout-link\">\n                    <div class=\"tout-block\">\n                        <div class=\"tout\">\n                        <span>\n                            <h4>Proveedores de seguros\r\n<\/h4>\n                            <svg role=\"img\" >\n                                <use xlink:href=\"https:\/\/ozmo.com\/wp-content\/themes\/ozmoapp\/images\/icons.svg#icon-arrow-right\" \/>\n                            <\/svg>\n                        <\/span>\n                        <p>\n                            Reduzca las costosas devoluciones proporcionando una experiencia de soporte de primera clase que incorpore proactivamente a los clientes a la nueva tecnolog\u00eda. Ayude a sus clientes cuando m\u00e1s lo necesitan a trav\u00e9s de los canales que ofrecen las soluciones de incorporaci\u00f3n de servicios de Ozmo.                        <\/p>\n                        <\/div>\n                    <\/div>\n                    <\/a>\n                <\/div>\n                        <\/div>\n    <\/div>\n<\/div>","protected":false},"excerpt":{"rendered":"<p>La incorporaci\u00f3n es una parte cr\u00edtica de la experiencia del cliente, de acuerdo a cu\u00e1n positiva sea puede afirmar o desmoronar la lealtad del cliente. Con la incorporaci\u00f3n de los servicios de Ozmo, su negocio tendr\u00e1 las herramientas necesarias para aumentar la retenci\u00f3n de los clientes y seguir\u00e1 cumpliendo con sus expectativas siempre cambiantes. Genere [&hellip;]<\/p>\n","protected":false},"author":3,"featured_media":0,"parent":1435,"menu_order":0,"comment_status":"closed","ping_status":"closed","template":"","meta":{"_acf_changed":false,"footnotes":""},"class_list":["post-1765","page","type-page","status-publish","hentry"],"acf":[],"yoast_head":"<!-- This site is optimized with the Yoast SEO plugin v27.3 - https:\/\/yoast.com\/product\/yoast-seo-wordpress\/ -->\n<title>Incorporaci\u00f3n de servicios - Ozmo<\/title>\n<meta name=\"robots\" content=\"index, follow, max-snippet:-1, max-image-preview:large, max-video-preview:-1\" \/>\n<link rel=\"canonical\" href=\"https:\/\/ozmo.com\/es\/las-soluciones-de-ozmo\/incorporacion-de-servicios\/\" \/>\n<meta property=\"og:locale\" content=\"es_ES\" \/>\n<meta property=\"og:type\" content=\"article\" \/>\n<meta property=\"og:title\" content=\"Incorporaci\u00f3n de servicios - Ozmo\" \/>\n<meta property=\"og:description\" content=\"La incorporaci\u00f3n es una parte cr\u00edtica de la experiencia del cliente, de acuerdo a cu\u00e1n positiva sea puede afirmar o desmoronar la lealtad del cliente. Con la incorporaci\u00f3n de los servicios de Ozmo, su negocio tendr\u00e1 las herramientas necesarias para aumentar la retenci\u00f3n de los clientes y seguir\u00e1 cumpliendo con sus expectativas siempre cambiantes. Genere [&hellip;]\" \/>\n<meta property=\"og:url\" content=\"https:\/\/ozmo.com\/es\/las-soluciones-de-ozmo\/incorporacion-de-servicios\/\" \/>\n<meta property=\"og:site_name\" content=\"Ozmo\" \/>\n<meta property=\"article:modified_time\" content=\"2021-10-22T18:13:09+00:00\" \/>\n<meta name=\"twitter:card\" content=\"summary_large_image\" \/>\n<meta name=\"twitter:label1\" content=\"Est. reading time\" \/>\n\t<meta name=\"twitter:data1\" content=\"1 minute\" \/>\n<script type=\"application\/ld+json\" class=\"yoast-schema-graph\">{\"@context\":\"https:\\\/\\\/schema.org\",\"@graph\":[{\"@type\":\"WebPage\",\"@id\":\"https:\\\/\\\/ozmo.com\\\/es\\\/las-soluciones-de-ozmo\\\/incorporacion-de-servicios\\\/\",\"url\":\"https:\\\/\\\/ozmo.com\\\/es\\\/las-soluciones-de-ozmo\\\/incorporacion-de-servicios\\\/\",\"name\":\"Incorporaci\u00f3n de servicios - Ozmo\",\"isPartOf\":{\"@id\":\"https:\\\/\\\/ozmo.com\\\/es\\\/#website\"},\"datePublished\":\"2021-01-14T20:32:23+00:00\",\"dateModified\":\"2021-10-22T18:13:09+00:00\",\"breadcrumb\":{\"@id\":\"https:\\\/\\\/ozmo.com\\\/es\\\/las-soluciones-de-ozmo\\\/incorporacion-de-servicios\\\/#breadcrumb\"},\"inLanguage\":\"es-ES\",\"potentialAction\":[{\"@type\":\"ReadAction\",\"target\":[\"https:\\\/\\\/ozmo.com\\\/es\\\/las-soluciones-de-ozmo\\\/incorporacion-de-servicios\\\/\"]}]},{\"@type\":\"BreadcrumbList\",\"@id\":\"https:\\\/\\\/ozmo.com\\\/es\\\/las-soluciones-de-ozmo\\\/incorporacion-de-servicios\\\/#breadcrumb\",\"itemListElement\":[{\"@type\":\"ListItem\",\"position\":1,\"name\":\"Home\",\"item\":\"https:\\\/\\\/ozmo.com\\\/es\\\/\"},{\"@type\":\"ListItem\",\"position\":2,\"name\":\"Las soluciones de Ozmo\",\"item\":\"http:\\\/\\\/ozmo.com\\\/es\\\/solutions\\\/\"},{\"@type\":\"ListItem\",\"position\":3,\"name\":\"Incorporaci\u00f3n de servicios\"}]},{\"@type\":\"WebSite\",\"@id\":\"https:\\\/\\\/ozmo.com\\\/es\\\/#website\",\"url\":\"https:\\\/\\\/ozmo.com\\\/es\\\/\",\"name\":\"Ozmo\",\"description\":\"Ozmo makes complex tech support simple with a support platform that helps enterprises and their consumers solve any app, device or software issue.\",\"publisher\":{\"@id\":\"https:\\\/\\\/ozmo.com\\\/es\\\/#organization\"},\"potentialAction\":[{\"@type\":\"SearchAction\",\"target\":{\"@type\":\"EntryPoint\",\"urlTemplate\":\"https:\\\/\\\/ozmo.com\\\/es\\\/?s={search_term_string}\"},\"query-input\":{\"@type\":\"PropertyValueSpecification\",\"valueRequired\":true,\"valueName\":\"search_term_string\"}}],\"inLanguage\":\"es-ES\"},{\"@type\":\"Organization\",\"@id\":\"https:\\\/\\\/ozmo.com\\\/es\\\/#organization\",\"name\":\"Ozmo\",\"url\":\"https:\\\/\\\/ozmo.com\\\/es\\\/\",\"logo\":{\"@type\":\"ImageObject\",\"inLanguage\":\"es-ES\",\"@id\":\"https:\\\/\\\/ozmo.com\\\/es\\\/#\\\/schema\\\/logo\\\/image\\\/\",\"url\":\"https:\\\/\\\/ozmo.com\\\/wp-content\\\/uploads\\\/2021\\\/01\\\/Ozmo_logo.png\",\"contentUrl\":\"https:\\\/\\\/ozmo.com\\\/wp-content\\\/uploads\\\/2021\\\/01\\\/Ozmo_logo.png\",\"width\":710,\"height\":172,\"caption\":\"Ozmo\"},\"image\":{\"@id\":\"https:\\\/\\\/ozmo.com\\\/es\\\/#\\\/schema\\\/logo\\\/image\\\/\"}}]}<\/script>\n<!-- \/ Yoast SEO plugin. -->","yoast_head_json":{"title":"Incorporaci\u00f3n de servicios - Ozmo","robots":{"index":"index","follow":"follow","max-snippet":"max-snippet:-1","max-image-preview":"max-image-preview:large","max-video-preview":"max-video-preview:-1"},"canonical":"https:\/\/ozmo.com\/es\/las-soluciones-de-ozmo\/incorporacion-de-servicios\/","og_locale":"es_ES","og_type":"article","og_title":"Incorporaci\u00f3n de servicios - Ozmo","og_description":"La incorporaci\u00f3n es una parte cr\u00edtica de la experiencia del cliente, de acuerdo a cu\u00e1n positiva sea puede afirmar o desmoronar la lealtad del cliente. Con la incorporaci\u00f3n de los servicios de Ozmo, su negocio tendr\u00e1 las herramientas necesarias para aumentar la retenci\u00f3n de los clientes y seguir\u00e1 cumpliendo con sus expectativas siempre cambiantes. Genere [&hellip;]","og_url":"https:\/\/ozmo.com\/es\/las-soluciones-de-ozmo\/incorporacion-de-servicios\/","og_site_name":"Ozmo","article_modified_time":"2021-10-22T18:13:09+00:00","twitter_card":"summary_large_image","twitter_misc":{"Est. reading time":"1 minute"},"schema":{"@context":"https:\/\/schema.org","@graph":[{"@type":"WebPage","@id":"https:\/\/ozmo.com\/es\/las-soluciones-de-ozmo\/incorporacion-de-servicios\/","url":"https:\/\/ozmo.com\/es\/las-soluciones-de-ozmo\/incorporacion-de-servicios\/","name":"Incorporaci\u00f3n de servicios - Ozmo","isPartOf":{"@id":"https:\/\/ozmo.com\/es\/#website"},"datePublished":"2021-01-14T20:32:23+00:00","dateModified":"2021-10-22T18:13:09+00:00","breadcrumb":{"@id":"https:\/\/ozmo.com\/es\/las-soluciones-de-ozmo\/incorporacion-de-servicios\/#breadcrumb"},"inLanguage":"es-ES","potentialAction":[{"@type":"ReadAction","target":["https:\/\/ozmo.com\/es\/las-soluciones-de-ozmo\/incorporacion-de-servicios\/"]}]},{"@type":"BreadcrumbList","@id":"https:\/\/ozmo.com\/es\/las-soluciones-de-ozmo\/incorporacion-de-servicios\/#breadcrumb","itemListElement":[{"@type":"ListItem","position":1,"name":"Home","item":"https:\/\/ozmo.com\/es\/"},{"@type":"ListItem","position":2,"name":"Las soluciones de Ozmo","item":"http:\/\/ozmo.com\/es\/solutions\/"},{"@type":"ListItem","position":3,"name":"Incorporaci\u00f3n de servicios"}]},{"@type":"WebSite","@id":"https:\/\/ozmo.com\/es\/#website","url":"https:\/\/ozmo.com\/es\/","name":"Ozmo","description":"Ozmo makes complex tech support simple with a support platform that helps enterprises and their consumers solve any app, device or software issue.","publisher":{"@id":"https:\/\/ozmo.com\/es\/#organization"},"potentialAction":[{"@type":"SearchAction","target":{"@type":"EntryPoint","urlTemplate":"https:\/\/ozmo.com\/es\/?s={search_term_string}"},"query-input":{"@type":"PropertyValueSpecification","valueRequired":true,"valueName":"search_term_string"}}],"inLanguage":"es-ES"},{"@type":"Organization","@id":"https:\/\/ozmo.com\/es\/#organization","name":"Ozmo","url":"https:\/\/ozmo.com\/es\/","logo":{"@type":"ImageObject","inLanguage":"es-ES","@id":"https:\/\/ozmo.com\/es\/#\/schema\/logo\/image\/","url":"https:\/\/ozmo.com\/wp-content\/uploads\/2021\/01\/Ozmo_logo.png","contentUrl":"https:\/\/ozmo.com\/wp-content\/uploads\/2021\/01\/Ozmo_logo.png","width":710,"height":172,"caption":"Ozmo"},"image":{"@id":"https:\/\/ozmo.com\/es\/#\/schema\/logo\/image\/"}}]}},"_links":{"self":[{"href":"https:\/\/ozmo.com\/es\/wp-json\/wp\/v2\/pages\/1765","targetHints":{"allow":["GET"]}}],"collection":[{"href":"https:\/\/ozmo.com\/es\/wp-json\/wp\/v2\/pages"}],"about":[{"href":"https:\/\/ozmo.com\/es\/wp-json\/wp\/v2\/types\/page"}],"author":[{"embeddable":true,"href":"https:\/\/ozmo.com\/es\/wp-json\/wp\/v2\/users\/3"}],"replies":[{"embeddable":true,"href":"https:\/\/ozmo.com\/es\/wp-json\/wp\/v2\/comments?post=1765"}],"version-history":[{"count":21,"href":"https:\/\/ozmo.com\/es\/wp-json\/wp\/v2\/pages\/1765\/revisions"}],"predecessor-version":[{"id":7413,"href":"https:\/\/ozmo.com\/es\/wp-json\/wp\/v2\/pages\/1765\/revisions\/7413"}],"up":[{"embeddable":true,"href":"https:\/\/ozmo.com\/es\/wp-json\/wp\/v2\/pages\/1435"}],"wp:attachment":[{"href":"https:\/\/ozmo.com\/es\/wp-json\/wp\/v2\/media?parent=1765"}],"curies":[{"name":"wp","href":"https:\/\/api.w.org\/{rel}","templated":true}]}}