{"id":1758,"date":"2021-01-14T15:25:22","date_gmt":"2021-01-14T20:25:22","guid":{"rendered":"https:\/\/dev-ozmo.pantheonsite.io\/?page_id=1758"},"modified":"2021-10-22T14:11:00","modified_gmt":"2021-10-22T18:11:00","slug":"centro-de-contacto","status":"publish","type":"page","link":"https:\/\/ozmo.com\/es\/las-soluciones-de-ozmo\/centro-de-contacto\/","title":{"rendered":"Centro de contacto"},"content":{"rendered":" \n<div class=\"hero-wrapper   gradient-background ozmo-blue gradient-01 short\">\n  <div class=\"hero-content-wrapper left\">\n    <h2 class=\"hero-title\">Soporte asistido y simple. <\/h2>\n          <h3 class=\"hero-subtitle\">Reduzca los costos y tiempos de soporte en su centro de contacto a trav\u00e9s de la plataforma de soporte omnicanal de Ozmo.<\/h3>\n              <\/div>\n  <\/div>\n\n\n<p>Si bien muchos clientes recurren primero a los canales digitales para encontrar las respuestas de soporte t\u00e9cnico que necesitan, una cosa es segura: los centros de contacto siguen existiendo. Mejore los tiempos de gesti\u00f3n de su centro de contacto y la calidad del soporte a sus clientes mediante los servicios de automatizaci\u00f3n del soporte. Con la plataforma de soporte omnicanal de Ozmo, su empresa reducir\u00e1 los costes eliminando los costosos dispositivos f\u00edsicos y redirigiendo las consultas sencillas para que se resuelvan a trav\u00e9s de los canales digitales. Esto permitir\u00e1 a sus agentes centrarse en la resoluci\u00f3n de los problemas m\u00e1s complejos con herramientas eficaces. Ozmo permite que su centro de contacto aumente la satisfacci\u00f3n y la retenci\u00f3n de los clientes.<\/p>\n\n\n\n<p>La soluci\u00f3n \u00fanica del centro de contacto de Ozmo, Ozmo for Agents, ayuda a resolver problemas de soporte t\u00e9cnico complejos, proporcionando las herramientas necesarias para que los agentes atiendan las necesidades de los clientes de forma r\u00e1pida y segura. Nuestra soluci\u00f3n de soporte asistido ofrece acceso a caracter\u00edsticas clave para facilitar el uso y la satisfacci\u00f3n del cliente.<\/p>\n\n\n<div id=\"icon-grid-block_600757210bd50\" class=\"section icon-grid-block alignfull solid-background ozmo-gray\">\n\n        <div class=\"icon-grid\">\n                            <div class=\"details left\">\n                    <h2>Principales beneficios<\/h2>                <\/div>\n            \n            <div class=\"elements columns-3\">\n                                        <div class=\"element\">\n                                                \n                                <figure class=\"image left image-size-small\">\n                                    <img decoding=\"async\" src=\"https:\/\/ozmo.com\/wp-content\/uploads\/2021\/01\/ContactCenter-03-1.png\" alt=\"AgentEmpowerment\">\n                                <\/figure>\n                            \n                            <div class=\"text left\">\n                                <h4>Empoderamiento de los agentes <\/h4><p>Con Ozmo for Agents, su equipo tiene acceso a herramientas poderosas y din\u00e1micas para el soporte asistido. Los agentes pueden enviar r\u00e1pidamente respuestas adaptadas en forma directa a los clientes para incentivar el soporte aut\u00f3nomo. Las preguntas m\u00e1s complejas pueden responderse con herramientas de resoluci\u00f3n de problemas de forma libre, como los dispositivos virtuales, que ofrecen a sus agentes expertos recursos para guiar con confianza a los clientes hacia la resoluci\u00f3n. Ozmo no frenar\u00e1 a sus agentes forz\u00e1ndolos a procedimientos preestablecidos que se desmoronan ante una acci\u00f3n equivocada; los agentes disfrutan de Ozmo porque les da el poder de ser exitosos.<\/p>\n                                                            <\/div>\n                        <\/div>\n                                        <div class=\"element\">\n                                                \n                                <figure class=\"image left image-size-small\">\n                                    <img decoding=\"async\" src=\"https:\/\/ozmo.com\/wp-content\/uploads\/2021\/01\/ContactCenter-02.png\" alt=\"Consistentanswers\">\n                                <\/figure>\n                            \n                            <div class=\"text left\">\n                                <h4>Respuestas confiables y consistentes<\/h4><p>La soluci\u00f3n extensible de Ozmo a trav\u00e9s de todos los canales garantiza respuestas consistentes para sus agentes y sus clientes. Con Ozmo los agentes aumentan su confianza, al saber que las respuestas a todas las preguntas de los clientes son precisas y est\u00e1n actualizadas. Asimismo aumenta el \u00edndice de resoluci\u00f3n en la primera llamada, asegurando que los clientes obtengan las respuestas correctas en su primer contacto y evitando futuras llamadas. <\/p>\n                                                            <\/div>\n                        <\/div>\n                                        <div class=\"element\">\n                                                \n                                <figure class=\"image left image-size-small\">\n                                    <img decoding=\"async\" src=\"https:\/\/ozmo.com\/wp-content\/uploads\/2021\/01\/ContactCenter-01-1.png\" alt=\"ScalableSupport\">\n                                <\/figure>\n                            \n                            <div class=\"text left\">\n                                <h4>Soporte virtual escalable<\/h4><p>Ozmo for Agents permite que los agentes no tengan que trabajar desde lugares fijos ni tengan que manejar dispositivos. Los agentes tienen acceso a un dispositivo virtual completo y a una biblioteca de aplicaciones al alcance de su mano con una interfaz f\u00e1cil de usar y respuestas completas. Esto asegura el \u00e9xito de sus agentes sin importar d\u00f3nde se encuentren.<\/p>\n                                                            <\/div>\n                        <\/div>\n                            <\/div>\n\n        <\/div>\n        \n<\/div>\n\n<div id=\"tout-block_6000a6e3c17c3\" class=\"section tout-blocks alignfull ozmo-white-background\">\n\n    <div class=\"tout-container\">\n            <div class=\"details\">\n                <h2>Soporte asistido en todos los niveles<\/h2>                <p>Las soluciones de soporte asistido de Ozmo est\u00e1n dise\u00f1adas para operadores de telecomunicaciones, fabricantes de dispositivos inteligentes y proveedores de seguros.\r\n<\/p>            <\/div>\n            <div class=\"elements align-vertical\">\n                            <div class=\"tout-grid-item\">\n                    <a href=\"\/es\/verticales\/telecomunicaciones\/\" target=\"\" class=\"tout-link\">\n                    <div class=\"tout-block\">\n                        <div class=\"tout\">\n                        <span>\n                            <h4>Telecomunicaciones<\/h4>\n                            <svg role=\"img\" >\n                                <use xlink:href=\"https:\/\/ozmo.com\/wp-content\/themes\/ozmoapp\/images\/icons.svg#icon-arrow-right\" \/>\n                            <\/svg>\n                        <\/span>\n                        <p>\n                            Capacite a su equipo de agentes para resolver los problemas de soporte m\u00e1s complejos, sin importar d\u00f3nde se encuentren. Aumente el \u00edndice de resoluci\u00f3n en la primera llamada y de lealtad de los clientes con la plataforma de soporte asistido \u00fanica en su g\u00e9nero de Ozmo, al tiempo que promueve los servicios con valor a\u00f1adido, reduce los costos e impulsa la eficiencia.                         <\/p>\n                        <\/div>\n                    <\/div>\n                    <\/a>\n                <\/div>\n                            <div class=\"tout-grid-item\">\n                    <a href=\"\/es\/verticales\/dispositivos-inteligentes\/\" target=\"\" class=\"tout-link\">\n                    <div class=\"tout-block\">\n                        <div class=\"tout\">\n                        <span>\n                            <h4>Fabricantes de dispositivos inteligentes<\/h4>\n                            <svg role=\"img\" >\n                                <use xlink:href=\"https:\/\/ozmo.com\/wp-content\/themes\/ozmoapp\/images\/icons.svg#icon-arrow-right\" \/>\n                            <\/svg>\n                        <\/span>\n                        <p>\n                            Aseg\u00farese de que sus agentes tienen acceso a las respuestas m\u00e1s actualizadas y precisas para sus dispositivos, aplicaciones y servicios \u00fanicos. Observe c\u00f3mo el \u00edndice de satisfacci\u00f3n de los clientes y la lealtad de marca aumentan ofreciendo a los agentes las herramientas que necesitan para lograr responder a todas las preguntas de los clientes.                         <\/p>\n                        <\/div>\n                    <\/div>\n                    <\/a>\n                <\/div>\n                            <div class=\"tout-grid-item\">\n                    <a href=\"\/es\/verticales\/seguro-de-dispositivo\/\" target=\"\" class=\"tout-link\">\n                    <div class=\"tout-block\">\n                        <div class=\"tout\">\n                        <span>\n                            <h4>Proveedores de seguros<\/h4>\n                            <svg role=\"img\" >\n                                <use xlink:href=\"https:\/\/ozmo.com\/wp-content\/themes\/ozmoapp\/images\/icons.svg#icon-arrow-right\" \/>\n                            <\/svg>\n                        <\/span>\n                        <p>\n                            Distinga su oferta de servicios de la competencia y proporcione la mejor experiencia de soporte que sus clientes esperan de usted. Con la soluci\u00f3n asistida de Ozmo, sus agentes se convierten en su mejor activo para disminuir los reclamos de garant\u00eda resolviendo las cuestiones m\u00e1s complejas. \r\n                        <\/p>\n                        <\/div>\n                    <\/div>\n                    <\/a>\n                <\/div>\n                        <\/div>\n    <\/div>\n<\/div>\n\n\n<div class=\"section cta-block solid-background ozmo-teal\">\n  <div class=\"container\">\n        <p class=\"cta-text\">\u00bfLe gustar\u00eda saber c\u00f3mo Ozmo puede potenciar a sus agentes y al mismo tiempo mejorar las m\u00e9tricas del centro de contacto? Programe una demostraci\u00f3n gratuita de 30 minutos del producto con nosotros.<\/p>\n    <div class=\"cta-button-wrapper\">\n      <a target=\"_self\" href=\"https:\/\/ozmo.com\/es\/solicitar-una-demostracion\/\" >\n        <div tabindex=\"0\" class=\"button primary blue hero-cta-button\">\n          <div>\n            <span>Solicitar una demostraci\u00f3n<\/span>\n          <\/div>\n        <\/div>\n      <\/a>\n    <\/div>\n  <\/div>\n<\/div>","protected":false},"excerpt":{"rendered":"<p>Si bien muchos clientes recurren primero a los canales digitales para encontrar las respuestas de soporte t\u00e9cnico que necesitan, una cosa es segura: los centros de contacto siguen existiendo. Mejore los tiempos de gesti\u00f3n de su centro de contacto y la calidad del soporte a sus clientes mediante los servicios de automatizaci\u00f3n del soporte. Con [&hellip;]<\/p>\n","protected":false},"author":3,"featured_media":0,"parent":1435,"menu_order":0,"comment_status":"closed","ping_status":"closed","template":"","meta":{"_acf_changed":false,"footnotes":""},"class_list":["post-1758","page","type-page","status-publish","hentry"],"acf":[],"yoast_head":"<!-- This site is optimized with the Yoast SEO plugin v27.3 - https:\/\/yoast.com\/product\/yoast-seo-wordpress\/ -->\n<title>Centro de contacto - Ozmo<\/title>\n<meta name=\"robots\" content=\"index, follow, max-snippet:-1, max-image-preview:large, max-video-preview:-1\" \/>\n<link rel=\"canonical\" href=\"https:\/\/ozmo.com\/es\/las-soluciones-de-ozmo\/centro-de-contacto\/\" \/>\n<meta property=\"og:locale\" content=\"es_ES\" \/>\n<meta property=\"og:type\" content=\"article\" \/>\n<meta property=\"og:title\" content=\"Centro de contacto - Ozmo\" \/>\n<meta property=\"og:description\" content=\"Si bien muchos clientes recurren primero a los canales digitales para encontrar las respuestas de soporte t\u00e9cnico que necesitan, una cosa es segura: los centros de contacto siguen existiendo. Mejore los tiempos de gesti\u00f3n de su centro de contacto y la calidad del soporte a sus clientes mediante los servicios de automatizaci\u00f3n del soporte. Con [&hellip;]\" \/>\n<meta property=\"og:url\" content=\"https:\/\/ozmo.com\/es\/las-soluciones-de-ozmo\/centro-de-contacto\/\" \/>\n<meta property=\"og:site_name\" content=\"Ozmo\" \/>\n<meta property=\"article:modified_time\" content=\"2021-10-22T18:11:00+00:00\" \/>\n<meta name=\"twitter:card\" content=\"summary_large_image\" \/>\n<meta name=\"twitter:label1\" content=\"Est. reading time\" \/>\n\t<meta name=\"twitter:data1\" content=\"1 minute\" \/>\n<script type=\"application\/ld+json\" class=\"yoast-schema-graph\">{\"@context\":\"https:\\\/\\\/schema.org\",\"@graph\":[{\"@type\":\"WebPage\",\"@id\":\"https:\\\/\\\/ozmo.com\\\/es\\\/las-soluciones-de-ozmo\\\/centro-de-contacto\\\/\",\"url\":\"https:\\\/\\\/ozmo.com\\\/es\\\/las-soluciones-de-ozmo\\\/centro-de-contacto\\\/\",\"name\":\"Centro de contacto - Ozmo\",\"isPartOf\":{\"@id\":\"https:\\\/\\\/ozmo.com\\\/es\\\/#website\"},\"datePublished\":\"2021-01-14T20:25:22+00:00\",\"dateModified\":\"2021-10-22T18:11:00+00:00\",\"breadcrumb\":{\"@id\":\"https:\\\/\\\/ozmo.com\\\/es\\\/las-soluciones-de-ozmo\\\/centro-de-contacto\\\/#breadcrumb\"},\"inLanguage\":\"es-ES\",\"potentialAction\":[{\"@type\":\"ReadAction\",\"target\":[\"https:\\\/\\\/ozmo.com\\\/es\\\/las-soluciones-de-ozmo\\\/centro-de-contacto\\\/\"]}]},{\"@type\":\"BreadcrumbList\",\"@id\":\"https:\\\/\\\/ozmo.com\\\/es\\\/las-soluciones-de-ozmo\\\/centro-de-contacto\\\/#breadcrumb\",\"itemListElement\":[{\"@type\":\"ListItem\",\"position\":1,\"name\":\"Home\",\"item\":\"https:\\\/\\\/ozmo.com\\\/es\\\/\"},{\"@type\":\"ListItem\",\"position\":2,\"name\":\"Las soluciones de Ozmo\",\"item\":\"http:\\\/\\\/ozmo.com\\\/es\\\/solutions\\\/\"},{\"@type\":\"ListItem\",\"position\":3,\"name\":\"Centro de contacto\"}]},{\"@type\":\"WebSite\",\"@id\":\"https:\\\/\\\/ozmo.com\\\/es\\\/#website\",\"url\":\"https:\\\/\\\/ozmo.com\\\/es\\\/\",\"name\":\"Ozmo\",\"description\":\"Ozmo makes complex tech support simple with a support platform that helps enterprises and their consumers solve any app, device or software issue.\",\"publisher\":{\"@id\":\"https:\\\/\\\/ozmo.com\\\/es\\\/#organization\"},\"potentialAction\":[{\"@type\":\"SearchAction\",\"target\":{\"@type\":\"EntryPoint\",\"urlTemplate\":\"https:\\\/\\\/ozmo.com\\\/es\\\/?s={search_term_string}\"},\"query-input\":{\"@type\":\"PropertyValueSpecification\",\"valueRequired\":true,\"valueName\":\"search_term_string\"}}],\"inLanguage\":\"es-ES\"},{\"@type\":\"Organization\",\"@id\":\"https:\\\/\\\/ozmo.com\\\/es\\\/#organization\",\"name\":\"Ozmo\",\"url\":\"https:\\\/\\\/ozmo.com\\\/es\\\/\",\"logo\":{\"@type\":\"ImageObject\",\"inLanguage\":\"es-ES\",\"@id\":\"https:\\\/\\\/ozmo.com\\\/es\\\/#\\\/schema\\\/logo\\\/image\\\/\",\"url\":\"https:\\\/\\\/ozmo.com\\\/wp-content\\\/uploads\\\/2021\\\/01\\\/Ozmo_logo.png\",\"contentUrl\":\"https:\\\/\\\/ozmo.com\\\/wp-content\\\/uploads\\\/2021\\\/01\\\/Ozmo_logo.png\",\"width\":710,\"height\":172,\"caption\":\"Ozmo\"},\"image\":{\"@id\":\"https:\\\/\\\/ozmo.com\\\/es\\\/#\\\/schema\\\/logo\\\/image\\\/\"}}]}<\/script>\n<!-- \/ Yoast SEO plugin. -->","yoast_head_json":{"title":"Centro de contacto - Ozmo","robots":{"index":"index","follow":"follow","max-snippet":"max-snippet:-1","max-image-preview":"max-image-preview:large","max-video-preview":"max-video-preview:-1"},"canonical":"https:\/\/ozmo.com\/es\/las-soluciones-de-ozmo\/centro-de-contacto\/","og_locale":"es_ES","og_type":"article","og_title":"Centro de contacto - Ozmo","og_description":"Si bien muchos clientes recurren primero a los canales digitales para encontrar las respuestas de soporte t\u00e9cnico que necesitan, una cosa es segura: los centros de contacto siguen existiendo. Mejore los tiempos de gesti\u00f3n de su centro de contacto y la calidad del soporte a sus clientes mediante los servicios de automatizaci\u00f3n del soporte. Con [&hellip;]","og_url":"https:\/\/ozmo.com\/es\/las-soluciones-de-ozmo\/centro-de-contacto\/","og_site_name":"Ozmo","article_modified_time":"2021-10-22T18:11:00+00:00","twitter_card":"summary_large_image","twitter_misc":{"Est. reading time":"1 minute"},"schema":{"@context":"https:\/\/schema.org","@graph":[{"@type":"WebPage","@id":"https:\/\/ozmo.com\/es\/las-soluciones-de-ozmo\/centro-de-contacto\/","url":"https:\/\/ozmo.com\/es\/las-soluciones-de-ozmo\/centro-de-contacto\/","name":"Centro de contacto - Ozmo","isPartOf":{"@id":"https:\/\/ozmo.com\/es\/#website"},"datePublished":"2021-01-14T20:25:22+00:00","dateModified":"2021-10-22T18:11:00+00:00","breadcrumb":{"@id":"https:\/\/ozmo.com\/es\/las-soluciones-de-ozmo\/centro-de-contacto\/#breadcrumb"},"inLanguage":"es-ES","potentialAction":[{"@type":"ReadAction","target":["https:\/\/ozmo.com\/es\/las-soluciones-de-ozmo\/centro-de-contacto\/"]}]},{"@type":"BreadcrumbList","@id":"https:\/\/ozmo.com\/es\/las-soluciones-de-ozmo\/centro-de-contacto\/#breadcrumb","itemListElement":[{"@type":"ListItem","position":1,"name":"Home","item":"https:\/\/ozmo.com\/es\/"},{"@type":"ListItem","position":2,"name":"Las soluciones de Ozmo","item":"http:\/\/ozmo.com\/es\/solutions\/"},{"@type":"ListItem","position":3,"name":"Centro de contacto"}]},{"@type":"WebSite","@id":"https:\/\/ozmo.com\/es\/#website","url":"https:\/\/ozmo.com\/es\/","name":"Ozmo","description":"Ozmo makes complex tech support simple with a support platform that helps enterprises and their consumers solve any app, device or software issue.","publisher":{"@id":"https:\/\/ozmo.com\/es\/#organization"},"potentialAction":[{"@type":"SearchAction","target":{"@type":"EntryPoint","urlTemplate":"https:\/\/ozmo.com\/es\/?s={search_term_string}"},"query-input":{"@type":"PropertyValueSpecification","valueRequired":true,"valueName":"search_term_string"}}],"inLanguage":"es-ES"},{"@type":"Organization","@id":"https:\/\/ozmo.com\/es\/#organization","name":"Ozmo","url":"https:\/\/ozmo.com\/es\/","logo":{"@type":"ImageObject","inLanguage":"es-ES","@id":"https:\/\/ozmo.com\/es\/#\/schema\/logo\/image\/","url":"https:\/\/ozmo.com\/wp-content\/uploads\/2021\/01\/Ozmo_logo.png","contentUrl":"https:\/\/ozmo.com\/wp-content\/uploads\/2021\/01\/Ozmo_logo.png","width":710,"height":172,"caption":"Ozmo"},"image":{"@id":"https:\/\/ozmo.com\/es\/#\/schema\/logo\/image\/"}}]}},"_links":{"self":[{"href":"https:\/\/ozmo.com\/es\/wp-json\/wp\/v2\/pages\/1758","targetHints":{"allow":["GET"]}}],"collection":[{"href":"https:\/\/ozmo.com\/es\/wp-json\/wp\/v2\/pages"}],"about":[{"href":"https:\/\/ozmo.com\/es\/wp-json\/wp\/v2\/types\/page"}],"author":[{"embeddable":true,"href":"https:\/\/ozmo.com\/es\/wp-json\/wp\/v2\/users\/3"}],"replies":[{"embeddable":true,"href":"https:\/\/ozmo.com\/es\/wp-json\/wp\/v2\/comments?post=1758"}],"version-history":[{"count":17,"href":"https:\/\/ozmo.com\/es\/wp-json\/wp\/v2\/pages\/1758\/revisions"}],"predecessor-version":[{"id":7410,"href":"https:\/\/ozmo.com\/es\/wp-json\/wp\/v2\/pages\/1758\/revisions\/7410"}],"up":[{"embeddable":true,"href":"https:\/\/ozmo.com\/es\/wp-json\/wp\/v2\/pages\/1435"}],"wp:attachment":[{"href":"https:\/\/ozmo.com\/es\/wp-json\/wp\/v2\/media?parent=1758"}],"curies":[{"name":"wp","href":"https:\/\/api.w.org\/{rel}","templated":true}]}}