{"id":1716,"date":"2020-10-20T11:09:36","date_gmt":"2020-10-20T15:09:36","guid":{"rendered":"https:\/\/dev-ozmo.pantheonsite.io\/solutions\/self-serve\/"},"modified":"2021-10-22T14:10:20","modified_gmt":"2021-10-22T18:10:20","slug":"auto-servidor","status":"publish","type":"page","link":"https:\/\/ozmo.com\/es\/las-soluciones-de-ozmo\/auto-servidor\/","title":{"rendered":"Auto servidor"},"content":{"rendered":" \n<div class=\"hero-wrapper   gradient-background ozmo-blue gradient-01 short\">\n  <div class=\"hero-content-wrapper left\">\n    <h2 class=\"hero-title\">Soporte aut\u00f3nomo de Ozmo<\/h2>\n          <h3 class=\"hero-subtitle\">Brinde a los clientes las herramientas necesarias para una resoluci\u00f3n efectiva de sus problemas gracias al soporte aut\u00f3nomo de Ozmo.<\/h3>\n              <\/div>\n  <\/div>\n\n\n<p>La soluci\u00f3n de soporte aut\u00f3nomo de Ozmo proporciona acceso 24\/7 a respuestas consistentes y precisas a trav\u00e9s de todos los canales digitales. Independientemente del canal preferido, nuestra soluci\u00f3n de soporte digital se adapta a una amplia gama de dispositivos, aplicaciones y necesidades espec\u00edficas de servicios.<\/p>\n\n\n\n<p>Con la eficaz API de Ozmo, los clientes pueden acceder a experiencias personalizadas en cualquier etapa de soporte, desde la informaci\u00f3n pre-venta hasta el soporte post-venta y m\u00e1s. Nuestras soluciones informar\u00e1n a sus clientes sobre las nuevas caracter\u00edsticas y las incorporar\u00e1n sin problemas a su nueva tecnolog\u00eda. Los clientes recibir\u00e1n un soporte continuo y extenso de asistencia post-venta desde la configuraci\u00f3n inicial para sacar el m\u00e1ximo provecho de su tecnolog\u00eda. Con el fin de optimizar la tecnolog\u00eda a lo largo de su ciclo de vida, los clientes tienen acceso a las \u00faltimas y m\u00e1s actualizadas respuestas gracias a las actualizaciones en tiempo real de Ozmo para dispositivos, sistemas operativos, aplicaciones y m\u00e1s. Y lo mejor de todo es que estas herramientas de soporte aut\u00f3nomo pueden ser integradas en una amplia variedad de canales y formatos para satisfacer las preferencias de los clientes.<\/p>\n\n\n<div id=\"icon-grid-block_600081953c847\" class=\"section icon-grid-block alignfull solid-background ozmo-gray\">\n\n        <div class=\"icon-grid\">\n                            <div class=\"details left\">\n                    <h2>Principales beneficios<\/h2>                <\/div>\n            \n            <div class=\"elements columns-3\">\n                                        <div class=\"element\">\n                                                \n                                <figure class=\"image left image-size-small\">\n                                    <img decoding=\"async\" src=\"https:\/\/ozmo.com\/wp-content\/uploads\/2021\/01\/SelfSupport-01.png\" alt=\"Extensibility\">\n                                <\/figure>\n                            \n                            <div class=\"text left\">\n                                <h4>Extensibilidad<\/h4><p>Ofrezca a los clientes la posibilidad de resolver problemas a trav\u00e9s de un soporte omnicanal con respuestas flexibles que se actualizan en forma din\u00e1mica en todos sus canales digitales.<\/p>\n                                                            <\/div>\n                        <\/div>\n                                        <div class=\"element\">\n                                                \n                                <figure class=\"image left image-size-small\">\n                                    <img decoding=\"async\" src=\"https:\/\/ozmo.com\/wp-content\/uploads\/2021\/01\/SelfSupport-02.png\" alt=\"CallDeflection\">\n                                <\/figure>\n                            \n                            <div class=\"text left\">\n                                <h4>Redireccionamiento de consultas<\/h4><p>Muchas de las consultas de los clientes pueden resolverse con herramientas de soporte aut\u00f3nomo de bajo costo. Reduzca los tiempos de espera y el volumen del centro de contacto a trav\u00e9s de nuestra soluci\u00f3n de autoservicio, dando a los clientes las herramientas que necesitan para resolver sus problemas en forma independiente.<\/p>\n                                                            <\/div>\n                        <\/div>\n                                        <div class=\"element\">\n                                                \n                                <figure class=\"image left image-size-small\">\n                                    <img decoding=\"async\" src=\"https:\/\/ozmo.com\/wp-content\/uploads\/2021\/01\/SelfSupport-03.png\" alt=\"Satisfaction\">\n                                <\/figure>\n                            \n                            <div class=\"text left\">\n                                <h4>Satisfacci\u00f3n cliente<\/h4><p>Al ofrecer a los clientes el soporte digital necesario para resolver sus preguntas t\u00e9cnicas con respuestas consistentes, exactas y siempre actualizadas, su empresa puede esperar un aumento de la satisfacci\u00f3n cliente y una mejora del \u00edndice de lealtad.<\/p>\n                                                            <\/div>\n                        <\/div>\n                                        <div class=\"element\">\n                                                \n                                <figure class=\"image left image-size-small\">\n                                    <img decoding=\"async\" src=\"https:\/\/ozmo.com\/wp-content\/uploads\/2021\/01\/SelfSupport-04.png\" alt=\"DigitalTransformation\">\n                                <\/figure>\n                            \n                            <div class=\"text left\">\n                                <h4>Transformaci\u00f3n digital<\/h4><p>Transforme toda la asistencia al cliente a un medio digital. Al migrar las operaciones de soporte para que est\u00e9n en l\u00ednea, su empresa reducir\u00e1 los costos y aumentar\u00e1 la eficiencia.<\/p>\n                                                            <\/div>\n                        <\/div>\n                                        <div class=\"element\">\n                                                \n                                <figure class=\"image left image-size-small\">\n                                    <img decoding=\"async\" src=\"https:\/\/ozmo.com\/wp-content\/uploads\/2021\/01\/SelfSupport-05.png\" alt=\"Education\">\n                                <\/figure>\n                            \n                            <div class=\"text left\">\n                                <h4>Optimizado para ayudar<\/h4><p>Es dif\u00edcil que los clientes puedan resolver sus problemas t\u00e9cnicos cuando se les dan opciones limitadas para recibir ayuda. En lugar de que los usuarios naveguen a trav\u00e9s de instrucciones est\u00e1ticas basadas en texto y largos art\u00edculos de instrucciones, nuestra soluci\u00f3n \"llave en mano\" ofrece un valor inmediato a trav\u00e9s de un formato visual e interactivo optimizado para el aprendizaje.<\/p>\n                                                            <\/div>\n                        <\/div>\n                                        <div class=\"element\">\n                                                \n                                <figure class=\"image left image-size-small\">\n                                    <img decoding=\"async\" src=\"https:\/\/ozmo.com\/wp-content\/uploads\/2021\/01\/SelfSupport-06.png\" alt=\"Accessibility\">\n                                <\/figure>\n                            \n                            <div class=\"text left\">\n                                <h4>Accesibilidad<\/h4><p>Ofrezca a los clientes un soporte t\u00e9cnico al que de otra manera no tendr\u00edan acceso. El soporte aut\u00f3nomo de Ozmo cumple con la norma WCAG 2.0 AA, lo que lo vuelve accesible a todos los usuarios de tecnolog\u00eda en cualquier momento y lugar.<\/p>\n                                                            <\/div>\n                        <\/div>\n                            <\/div>\n\n        <\/div>\n        \n<\/div>\n\n<div id=\"tout-block_60007eaa1432e\" class=\"section tout-blocks alignfull ozmo-white-background\">\n\n    <div class=\"tout-container\">\n            <div class=\"details\">\n                <h2>Soluciones de soporte aut\u00f3nomo en todos los niveles<\/h2>                <p>Las soluciones de Ozmo est\u00e1n dise\u00f1adas para operadores de telecomunicaciones, fabricantes de dispositivos inteligentes y proveedores de seguros.<\/p>            <\/div>\n            <div class=\"elements align-vertical\">\n                            <div class=\"tout-grid-item\">\n                    <a href=\"\/es\/verticales\/telecomunicaciones\/\" target=\"\" class=\"tout-link\">\n                    <div class=\"tout-block\">\n                        <div class=\"tout\">\n                        <span>\n                            <h4>Telecomunicaciones<\/h4>\n                            <svg role=\"img\" >\n                                <use xlink:href=\"https:\/\/ozmo.com\/wp-content\/themes\/ozmoapp\/images\/icons.svg#icon-arrow-right\" \/>\n                            <\/svg>\n                        <\/span>\n                        <p>\n                            Optimice su soporte y asegure su eficacia a trav\u00e9s de soluciones de soporte aut\u00f3nomo que permiten los clientes resolver los problemas por s\u00ed mismos. Transfiera las consultas de los clientes hacia canales digitales de bajo costo, mejorando la experiencia con respuestas siempre actualizadas.                        <\/p>\n                        <\/div>\n                    <\/div>\n                    <\/a>\n                <\/div>\n                            <div class=\"tout-grid-item\">\n                    <a href=\"\/es\/verticales\/dispositivos-inteligentes\/\" target=\"\" class=\"tout-link\">\n                    <div class=\"tout-block\">\n                        <div class=\"tout\">\n                        <span>\n                            <h4>Fabricantes de dispositivos inteligentes<\/h4>\n                            <svg role=\"img\" >\n                                <use xlink:href=\"https:\/\/ozmo.com\/wp-content\/themes\/ozmoapp\/images\/icons.svg#icon-arrow-right\" \/>\n                            <\/svg>\n                        <\/span>\n                        <p>\n                            Aumente la lealtad de marca proporcionando a los clientes el soporte que necesitan para sus productos \u00fanicos en sus canales digitales preferidos. Con el soporte aut\u00f3nomo de Ozmo, podr\u00e1 aprovechar una \u00fanica fuente de respuestas para mejorar el \u00edndice de lealtad y asegurarse de que cada punto de contacto con los clientes sea positivo.                        <\/p>\n                        <\/div>\n                    <\/div>\n                    <\/a>\n                <\/div>\n                            <div class=\"tout-grid-item\">\n                    <a href=\"\/es\/verticales\/seguro-de-dispositivo\/\" target=\"\" class=\"tout-link\">\n                    <div class=\"tout-block\">\n                        <div class=\"tout\">\n                        <span>\n                            <h4>Proveedores de seguros<\/h4>\n                            <svg role=\"img\" >\n                                <use xlink:href=\"https:\/\/ozmo.com\/wp-content\/themes\/ozmoapp\/images\/icons.svg#icon-arrow-right\" \/>\n                            <\/svg>\n                        <\/span>\n                        <p>\n                            Distinga su negocio de la competencia y proporcione la mejor experiencia de soporte, un aspecto al que sus clientes tanta importancia otorgan. Al brindar a los clientes acceso a herramientas de soporte aut\u00f3nomo en los canales que ellos prefieran, puede aumentar su lealtad y retenci\u00f3n.                        <\/p>\n                        <\/div>\n                    <\/div>\n                    <\/a>\n                <\/div>\n                        <\/div>\n    <\/div>\n<\/div>","protected":false},"excerpt":{"rendered":"<p>La soluci\u00f3n de soporte aut\u00f3nomo de Ozmo proporciona acceso 24\/7 a respuestas consistentes y precisas a trav\u00e9s de todos los canales digitales. Independientemente del canal preferido, nuestra soluci\u00f3n de soporte digital se adapta a una amplia gama de dispositivos, aplicaciones y necesidades espec\u00edficas de servicios. Con la eficaz API de Ozmo, los clientes pueden acceder [&hellip;]<\/p>\n","protected":false},"author":1,"featured_media":0,"parent":1435,"menu_order":0,"comment_status":"closed","ping_status":"closed","template":"","meta":{"_acf_changed":false,"footnotes":""},"class_list":["post-1716","page","type-page","status-publish","hentry"],"acf":[],"yoast_head":"<!-- This site is optimized with the Yoast SEO plugin v27.3 - https:\/\/yoast.com\/product\/yoast-seo-wordpress\/ -->\n<title>Auto servidor - Ozmo<\/title>\n<meta name=\"robots\" content=\"index, follow, max-snippet:-1, max-image-preview:large, max-video-preview:-1\" \/>\n<link rel=\"canonical\" href=\"https:\/\/ozmo.com\/es\/las-soluciones-de-ozmo\/auto-servidor\/\" \/>\n<meta property=\"og:locale\" content=\"es_ES\" \/>\n<meta property=\"og:type\" content=\"article\" \/>\n<meta property=\"og:title\" content=\"Auto servidor - Ozmo\" \/>\n<meta property=\"og:description\" content=\"La soluci\u00f3n de soporte aut\u00f3nomo de Ozmo proporciona acceso 24\/7 a respuestas consistentes y precisas a trav\u00e9s de todos los canales digitales. Independientemente del canal preferido, nuestra soluci\u00f3n de soporte digital se adapta a una amplia gama de dispositivos, aplicaciones y necesidades espec\u00edficas de servicios. Con la eficaz API de Ozmo, los clientes pueden acceder [&hellip;]\" \/>\n<meta property=\"og:url\" content=\"https:\/\/ozmo.com\/es\/las-soluciones-de-ozmo\/auto-servidor\/\" \/>\n<meta property=\"og:site_name\" content=\"Ozmo\" \/>\n<meta property=\"article:modified_time\" content=\"2021-10-22T18:10:20+00:00\" \/>\n<meta name=\"twitter:card\" content=\"summary_large_image\" \/>\n<meta name=\"twitter:label1\" content=\"Est. reading time\" \/>\n\t<meta name=\"twitter:data1\" content=\"1 minute\" \/>\n<script type=\"application\/ld+json\" class=\"yoast-schema-graph\">{\"@context\":\"https:\\\/\\\/schema.org\",\"@graph\":[{\"@type\":\"WebPage\",\"@id\":\"https:\\\/\\\/ozmo.com\\\/es\\\/las-soluciones-de-ozmo\\\/auto-servidor\\\/\",\"url\":\"https:\\\/\\\/ozmo.com\\\/es\\\/las-soluciones-de-ozmo\\\/auto-servidor\\\/\",\"name\":\"Auto servidor - Ozmo\",\"isPartOf\":{\"@id\":\"https:\\\/\\\/ozmo.com\\\/es\\\/#website\"},\"datePublished\":\"2020-10-20T15:09:36+00:00\",\"dateModified\":\"2021-10-22T18:10:20+00:00\",\"breadcrumb\":{\"@id\":\"https:\\\/\\\/ozmo.com\\\/es\\\/las-soluciones-de-ozmo\\\/auto-servidor\\\/#breadcrumb\"},\"inLanguage\":\"es-ES\",\"potentialAction\":[{\"@type\":\"ReadAction\",\"target\":[\"https:\\\/\\\/ozmo.com\\\/es\\\/las-soluciones-de-ozmo\\\/auto-servidor\\\/\"]}]},{\"@type\":\"BreadcrumbList\",\"@id\":\"https:\\\/\\\/ozmo.com\\\/es\\\/las-soluciones-de-ozmo\\\/auto-servidor\\\/#breadcrumb\",\"itemListElement\":[{\"@type\":\"ListItem\",\"position\":1,\"name\":\"Home\",\"item\":\"https:\\\/\\\/ozmo.com\\\/es\\\/\"},{\"@type\":\"ListItem\",\"position\":2,\"name\":\"Las soluciones de Ozmo\",\"item\":\"http:\\\/\\\/ozmo.com\\\/es\\\/solutions\\\/\"},{\"@type\":\"ListItem\",\"position\":3,\"name\":\"Auto servidor\"}]},{\"@type\":\"WebSite\",\"@id\":\"https:\\\/\\\/ozmo.com\\\/es\\\/#website\",\"url\":\"https:\\\/\\\/ozmo.com\\\/es\\\/\",\"name\":\"Ozmo\",\"description\":\"Ozmo makes complex tech support simple with a support platform that helps enterprises and their consumers solve any app, device or software issue.\",\"publisher\":{\"@id\":\"https:\\\/\\\/ozmo.com\\\/es\\\/#organization\"},\"potentialAction\":[{\"@type\":\"SearchAction\",\"target\":{\"@type\":\"EntryPoint\",\"urlTemplate\":\"https:\\\/\\\/ozmo.com\\\/es\\\/?s={search_term_string}\"},\"query-input\":{\"@type\":\"PropertyValueSpecification\",\"valueRequired\":true,\"valueName\":\"search_term_string\"}}],\"inLanguage\":\"es-ES\"},{\"@type\":\"Organization\",\"@id\":\"https:\\\/\\\/ozmo.com\\\/es\\\/#organization\",\"name\":\"Ozmo\",\"url\":\"https:\\\/\\\/ozmo.com\\\/es\\\/\",\"logo\":{\"@type\":\"ImageObject\",\"inLanguage\":\"es-ES\",\"@id\":\"https:\\\/\\\/ozmo.com\\\/es\\\/#\\\/schema\\\/logo\\\/image\\\/\",\"url\":\"https:\\\/\\\/ozmo.com\\\/wp-content\\\/uploads\\\/2021\\\/01\\\/Ozmo_logo.png\",\"contentUrl\":\"https:\\\/\\\/ozmo.com\\\/wp-content\\\/uploads\\\/2021\\\/01\\\/Ozmo_logo.png\",\"width\":710,\"height\":172,\"caption\":\"Ozmo\"},\"image\":{\"@id\":\"https:\\\/\\\/ozmo.com\\\/es\\\/#\\\/schema\\\/logo\\\/image\\\/\"}}]}<\/script>\n<!-- \/ Yoast SEO plugin. -->","yoast_head_json":{"title":"Auto servidor - Ozmo","robots":{"index":"index","follow":"follow","max-snippet":"max-snippet:-1","max-image-preview":"max-image-preview:large","max-video-preview":"max-video-preview:-1"},"canonical":"https:\/\/ozmo.com\/es\/las-soluciones-de-ozmo\/auto-servidor\/","og_locale":"es_ES","og_type":"article","og_title":"Auto servidor - Ozmo","og_description":"La soluci\u00f3n de soporte aut\u00f3nomo de Ozmo proporciona acceso 24\/7 a respuestas consistentes y precisas a trav\u00e9s de todos los canales digitales. Independientemente del canal preferido, nuestra soluci\u00f3n de soporte digital se adapta a una amplia gama de dispositivos, aplicaciones y necesidades espec\u00edficas de servicios. Con la eficaz API de Ozmo, los clientes pueden acceder [&hellip;]","og_url":"https:\/\/ozmo.com\/es\/las-soluciones-de-ozmo\/auto-servidor\/","og_site_name":"Ozmo","article_modified_time":"2021-10-22T18:10:20+00:00","twitter_card":"summary_large_image","twitter_misc":{"Est. reading time":"1 minute"},"schema":{"@context":"https:\/\/schema.org","@graph":[{"@type":"WebPage","@id":"https:\/\/ozmo.com\/es\/las-soluciones-de-ozmo\/auto-servidor\/","url":"https:\/\/ozmo.com\/es\/las-soluciones-de-ozmo\/auto-servidor\/","name":"Auto servidor - Ozmo","isPartOf":{"@id":"https:\/\/ozmo.com\/es\/#website"},"datePublished":"2020-10-20T15:09:36+00:00","dateModified":"2021-10-22T18:10:20+00:00","breadcrumb":{"@id":"https:\/\/ozmo.com\/es\/las-soluciones-de-ozmo\/auto-servidor\/#breadcrumb"},"inLanguage":"es-ES","potentialAction":[{"@type":"ReadAction","target":["https:\/\/ozmo.com\/es\/las-soluciones-de-ozmo\/auto-servidor\/"]}]},{"@type":"BreadcrumbList","@id":"https:\/\/ozmo.com\/es\/las-soluciones-de-ozmo\/auto-servidor\/#breadcrumb","itemListElement":[{"@type":"ListItem","position":1,"name":"Home","item":"https:\/\/ozmo.com\/es\/"},{"@type":"ListItem","position":2,"name":"Las soluciones de Ozmo","item":"http:\/\/ozmo.com\/es\/solutions\/"},{"@type":"ListItem","position":3,"name":"Auto servidor"}]},{"@type":"WebSite","@id":"https:\/\/ozmo.com\/es\/#website","url":"https:\/\/ozmo.com\/es\/","name":"Ozmo","description":"Ozmo makes complex tech support simple with a support platform that helps enterprises and their consumers solve any app, device or software issue.","publisher":{"@id":"https:\/\/ozmo.com\/es\/#organization"},"potentialAction":[{"@type":"SearchAction","target":{"@type":"EntryPoint","urlTemplate":"https:\/\/ozmo.com\/es\/?s={search_term_string}"},"query-input":{"@type":"PropertyValueSpecification","valueRequired":true,"valueName":"search_term_string"}}],"inLanguage":"es-ES"},{"@type":"Organization","@id":"https:\/\/ozmo.com\/es\/#organization","name":"Ozmo","url":"https:\/\/ozmo.com\/es\/","logo":{"@type":"ImageObject","inLanguage":"es-ES","@id":"https:\/\/ozmo.com\/es\/#\/schema\/logo\/image\/","url":"https:\/\/ozmo.com\/wp-content\/uploads\/2021\/01\/Ozmo_logo.png","contentUrl":"https:\/\/ozmo.com\/wp-content\/uploads\/2021\/01\/Ozmo_logo.png","width":710,"height":172,"caption":"Ozmo"},"image":{"@id":"https:\/\/ozmo.com\/es\/#\/schema\/logo\/image\/"}}]}},"_links":{"self":[{"href":"https:\/\/ozmo.com\/es\/wp-json\/wp\/v2\/pages\/1716","targetHints":{"allow":["GET"]}}],"collection":[{"href":"https:\/\/ozmo.com\/es\/wp-json\/wp\/v2\/pages"}],"about":[{"href":"https:\/\/ozmo.com\/es\/wp-json\/wp\/v2\/types\/page"}],"author":[{"embeddable":true,"href":"https:\/\/ozmo.com\/es\/wp-json\/wp\/v2\/users\/1"}],"replies":[{"embeddable":true,"href":"https:\/\/ozmo.com\/es\/wp-json\/wp\/v2\/comments?post=1716"}],"version-history":[{"count":16,"href":"https:\/\/ozmo.com\/es\/wp-json\/wp\/v2\/pages\/1716\/revisions"}],"predecessor-version":[{"id":7407,"href":"https:\/\/ozmo.com\/es\/wp-json\/wp\/v2\/pages\/1716\/revisions\/7407"}],"up":[{"embeddable":true,"href":"https:\/\/ozmo.com\/es\/wp-json\/wp\/v2\/pages\/1435"}],"wp:attachment":[{"href":"https:\/\/ozmo.com\/es\/wp-json\/wp\/v2\/media?parent=1716"}],"curies":[{"name":"wp","href":"https:\/\/api.w.org\/{rel}","templated":true}]}}