{"id":1435,"date":"2020-10-20T11:09:15","date_gmt":"2020-10-20T15:09:15","guid":{"rendered":"https:\/\/dev-ozmo.pantheonsite.io\/solutions\/"},"modified":"2021-10-22T14:19:55","modified_gmt":"2021-10-22T18:19:55","slug":"las-soluciones-de-ozmo","status":"publish","type":"page","link":"https:\/\/ozmo.com\/es\/las-soluciones-de-ozmo\/","title":{"rendered":"Las soluciones de Ozmo"},"content":{"rendered":" \n<div class=\"hero-wrapper   gradient-background blue-to-teal gradient-01 \">\n  <div class=\"hero-content-wrapper left\">\n    <h2 class=\"hero-title\">Las soluciones de Ozmo<\/h2>\n          <h3 class=\"hero-subtitle\">Ozmo es la \u00fanica fuente autorizada de soporte t\u00e9cnico para dispositivos, aplicaciones y servicios.<\/h3>\n              <p class=\"hero-details\">Aumente la satisfacci\u00f3n de los clientes y el redireccionamiento de llamadas a trav\u00e9s de una \u00fanica fuente autorizada de soporte digital. Al utilizar la plataforma de soporte omnicanal de Ozmo, su empresa reducir\u00e1 los costes gastando menos en dispositivos f\u00edsicos y en consultas sencillas que pueden ser resueltas en canales digitales. Las soluciones de Ozmo permiten a sus agentes centrarse m\u00e1s en asegurar la satisfacci\u00f3n y la lealtad de los clientes y capacitarlos para que resuelvan los problemas por s\u00ed mismos, lo que al fin y al cabo aumenta la lealtad de los clientes a largo plazo y reduce los costes. <\/p>\n          <\/div>\n  <\/div>\n\n<div id=\"tout-block_5ff75505236d4\" class=\"section tout-blocks alignfull ozmo-white-background\">\n\n    <div class=\"tout-container\">\n            <div class=\"details\">\n                                            <\/div>\n            <div class=\"elements align-vertical\">\n                            <div class=\"tout-grid-item\">\n                    <a href=\"\/es\/las-soluciones-de-ozmo\/auto-servidor\/\" target=\"\" class=\"tout-link\">\n                    <div class=\"tout-block\">\n                        <div class=\"tout\">\n                        <span>\n                            <h4>Soporte aut\u00f3nomo<\/h4>\n                            <svg role=\"img\" >\n                                <use xlink:href=\"https:\/\/ozmo.com\/wp-content\/themes\/ozmoapp\/images\/icons.svg#icon-arrow-right\" \/>\n                            <\/svg>\n                        <\/span>\n                        <p>\n                            La soluci\u00f3n de soporte aut\u00f3nomo de Ozmo proporciona a sus clientes acceso 24\/7 a respuestas consistentes y precisas en todos los canales digitales, a la vez que satisface una amplia gama de necesidades espec\u00edficas para dispositivos, aplicaciones y servicios.                        <\/p>\n                        <\/div>\n                    <\/div>\n                    <\/a>\n                <\/div>\n                            <div class=\"tout-grid-item\">\n                    <a href=\"\/es\/las-soluciones-de-ozmo\/centro-de-contacto\/\" target=\"\" class=\"tout-link\">\n                    <div class=\"tout-block\">\n                        <div class=\"tout\">\n                        <span>\n                            <h4>Centro de contacto<\/h4>\n                            <svg role=\"img\" >\n                                <use xlink:href=\"https:\/\/ozmo.com\/wp-content\/themes\/ozmoapp\/images\/icons.svg#icon-arrow-right\" \/>\n                            <\/svg>\n                        <\/span>\n                        <p>\n                            La soluci\u00f3n del centro de contacto de Ozmo, Ozmo for Agents, ayuda a resolver problemas de soporte t\u00e9cnico complejos, proporcionando las herramientas necesarias para que los agentes puedan atender las necesidades de los clientes de forma r\u00e1pida y segura. Mejore los tiempos de espera del centro de contacto, el rendimiento de los agentes y la calidad del soporte para sus clientes mediante la automatizaci\u00f3n del soporte.                        <\/p>\n                        <\/div>\n                    <\/div>\n                    <\/a>\n                <\/div>\n                            <div class=\"tout-grid-item\">\n                    <a href=\"\/es\/las-soluciones-de-ozmo\/incorporacion-de-servicios\/\" target=\"\" class=\"tout-link\">\n                    <div class=\"tout-block\">\n                        <div class=\"tout\">\n                        <span>\n                            <h4>Servicio de incorporaci\u00f3n<\/h4>\n                            <svg role=\"img\" >\n                                <use xlink:href=\"https:\/\/ozmo.com\/wp-content\/themes\/ozmoapp\/images\/icons.svg#icon-arrow-right\" \/>\n                            <\/svg>\n                        <\/span>\n                        <p>\n                            Si est\u00e1 presentando nuevos productos, servicios, dispositivos o aplicaciones a sus clientes, Ozmo est\u00e1 aqu\u00ed para ayudar a que su negocio triunfe y cumpla con las expectativas siempre cambiantes de los clientes impulsando una transformaci\u00f3n digital sin inconvenientes.                        <\/p>\n                        <\/div>\n                    <\/div>\n                    <\/a>\n                <\/div>\n                        <\/div>\n    <\/div>\n<\/div>","protected":false},"excerpt":{"rendered":"","protected":false},"author":1,"featured_media":0,"parent":0,"menu_order":0,"comment_status":"closed","ping_status":"closed","template":"","meta":{"_acf_changed":false,"footnotes":""},"class_list":["post-1435","page","type-page","status-publish","hentry"],"acf":[],"yoast_head":"<!-- This site is optimized with the Yoast SEO plugin v27.3 - https:\/\/yoast.com\/product\/yoast-seo-wordpress\/ -->\n<title>Las soluciones de Ozmo - Ozmo<\/title>\n<meta name=\"robots\" content=\"index, follow, max-snippet:-1, max-image-preview:large, max-video-preview:-1\" \/>\n<link rel=\"canonical\" href=\"https:\/\/ozmo.com\/es\/las-soluciones-de-ozmo\/\" \/>\n<meta property=\"og:locale\" content=\"es_ES\" \/>\n<meta property=\"og:type\" content=\"article\" \/>\n<meta property=\"og:title\" content=\"Las soluciones de Ozmo - Ozmo\" \/>\n<meta property=\"og:url\" content=\"https:\/\/ozmo.com\/es\/las-soluciones-de-ozmo\/\" \/>\n<meta property=\"og:site_name\" content=\"Ozmo\" \/>\n<meta property=\"article:modified_time\" content=\"2021-10-22T18:19:55+00:00\" \/>\n<meta name=\"twitter:card\" content=\"summary_large_image\" \/>\n<script type=\"application\/ld+json\" class=\"yoast-schema-graph\">{\"@context\":\"https:\\\/\\\/schema.org\",\"@graph\":[{\"@type\":\"WebPage\",\"@id\":\"https:\\\/\\\/ozmo.com\\\/es\\\/las-soluciones-de-ozmo\\\/\",\"url\":\"https:\\\/\\\/ozmo.com\\\/es\\\/las-soluciones-de-ozmo\\\/\",\"name\":\"Las soluciones de Ozmo - Ozmo\",\"isPartOf\":{\"@id\":\"https:\\\/\\\/ozmo.com\\\/es\\\/#website\"},\"datePublished\":\"2020-10-20T15:09:15+00:00\",\"dateModified\":\"2021-10-22T18:19:55+00:00\",\"breadcrumb\":{\"@id\":\"https:\\\/\\\/ozmo.com\\\/es\\\/las-soluciones-de-ozmo\\\/#breadcrumb\"},\"inLanguage\":\"es-ES\",\"potentialAction\":[{\"@type\":\"ReadAction\",\"target\":[\"https:\\\/\\\/ozmo.com\\\/es\\\/las-soluciones-de-ozmo\\\/\"]}]},{\"@type\":\"BreadcrumbList\",\"@id\":\"https:\\\/\\\/ozmo.com\\\/es\\\/las-soluciones-de-ozmo\\\/#breadcrumb\",\"itemListElement\":[{\"@type\":\"ListItem\",\"position\":1,\"name\":\"Home\",\"item\":\"https:\\\/\\\/ozmo.com\\\/es\\\/\"},{\"@type\":\"ListItem\",\"position\":2,\"name\":\"Las soluciones de Ozmo\"}]},{\"@type\":\"WebSite\",\"@id\":\"https:\\\/\\\/ozmo.com\\\/es\\\/#website\",\"url\":\"https:\\\/\\\/ozmo.com\\\/es\\\/\",\"name\":\"Ozmo\",\"description\":\"Ozmo makes complex tech support simple with a support platform that helps enterprises and their consumers solve any app, device or software issue.\",\"publisher\":{\"@id\":\"https:\\\/\\\/ozmo.com\\\/es\\\/#organization\"},\"potentialAction\":[{\"@type\":\"SearchAction\",\"target\":{\"@type\":\"EntryPoint\",\"urlTemplate\":\"https:\\\/\\\/ozmo.com\\\/es\\\/?s={search_term_string}\"},\"query-input\":{\"@type\":\"PropertyValueSpecification\",\"valueRequired\":true,\"valueName\":\"search_term_string\"}}],\"inLanguage\":\"es-ES\"},{\"@type\":\"Organization\",\"@id\":\"https:\\\/\\\/ozmo.com\\\/es\\\/#organization\",\"name\":\"Ozmo\",\"url\":\"https:\\\/\\\/ozmo.com\\\/es\\\/\",\"logo\":{\"@type\":\"ImageObject\",\"inLanguage\":\"es-ES\",\"@id\":\"https:\\\/\\\/ozmo.com\\\/es\\\/#\\\/schema\\\/logo\\\/image\\\/\",\"url\":\"https:\\\/\\\/ozmo.com\\\/wp-content\\\/uploads\\\/2021\\\/01\\\/Ozmo_logo.png\",\"contentUrl\":\"https:\\\/\\\/ozmo.com\\\/wp-content\\\/uploads\\\/2021\\\/01\\\/Ozmo_logo.png\",\"width\":710,\"height\":172,\"caption\":\"Ozmo\"},\"image\":{\"@id\":\"https:\\\/\\\/ozmo.com\\\/es\\\/#\\\/schema\\\/logo\\\/image\\\/\"}}]}<\/script>\n<!-- \/ Yoast SEO plugin. -->","yoast_head_json":{"title":"Las soluciones de Ozmo - Ozmo","robots":{"index":"index","follow":"follow","max-snippet":"max-snippet:-1","max-image-preview":"max-image-preview:large","max-video-preview":"max-video-preview:-1"},"canonical":"https:\/\/ozmo.com\/es\/las-soluciones-de-ozmo\/","og_locale":"es_ES","og_type":"article","og_title":"Las soluciones de Ozmo - Ozmo","og_url":"https:\/\/ozmo.com\/es\/las-soluciones-de-ozmo\/","og_site_name":"Ozmo","article_modified_time":"2021-10-22T18:19:55+00:00","twitter_card":"summary_large_image","schema":{"@context":"https:\/\/schema.org","@graph":[{"@type":"WebPage","@id":"https:\/\/ozmo.com\/es\/las-soluciones-de-ozmo\/","url":"https:\/\/ozmo.com\/es\/las-soluciones-de-ozmo\/","name":"Las soluciones de Ozmo - Ozmo","isPartOf":{"@id":"https:\/\/ozmo.com\/es\/#website"},"datePublished":"2020-10-20T15:09:15+00:00","dateModified":"2021-10-22T18:19:55+00:00","breadcrumb":{"@id":"https:\/\/ozmo.com\/es\/las-soluciones-de-ozmo\/#breadcrumb"},"inLanguage":"es-ES","potentialAction":[{"@type":"ReadAction","target":["https:\/\/ozmo.com\/es\/las-soluciones-de-ozmo\/"]}]},{"@type":"BreadcrumbList","@id":"https:\/\/ozmo.com\/es\/las-soluciones-de-ozmo\/#breadcrumb","itemListElement":[{"@type":"ListItem","position":1,"name":"Home","item":"https:\/\/ozmo.com\/es\/"},{"@type":"ListItem","position":2,"name":"Las soluciones de Ozmo"}]},{"@type":"WebSite","@id":"https:\/\/ozmo.com\/es\/#website","url":"https:\/\/ozmo.com\/es\/","name":"Ozmo","description":"Ozmo makes complex tech support simple with a support platform that helps enterprises and their consumers solve any app, device or software issue.","publisher":{"@id":"https:\/\/ozmo.com\/es\/#organization"},"potentialAction":[{"@type":"SearchAction","target":{"@type":"EntryPoint","urlTemplate":"https:\/\/ozmo.com\/es\/?s={search_term_string}"},"query-input":{"@type":"PropertyValueSpecification","valueRequired":true,"valueName":"search_term_string"}}],"inLanguage":"es-ES"},{"@type":"Organization","@id":"https:\/\/ozmo.com\/es\/#organization","name":"Ozmo","url":"https:\/\/ozmo.com\/es\/","logo":{"@type":"ImageObject","inLanguage":"es-ES","@id":"https:\/\/ozmo.com\/es\/#\/schema\/logo\/image\/","url":"https:\/\/ozmo.com\/wp-content\/uploads\/2021\/01\/Ozmo_logo.png","contentUrl":"https:\/\/ozmo.com\/wp-content\/uploads\/2021\/01\/Ozmo_logo.png","width":710,"height":172,"caption":"Ozmo"},"image":{"@id":"https:\/\/ozmo.com\/es\/#\/schema\/logo\/image\/"}}]}},"_links":{"self":[{"href":"https:\/\/ozmo.com\/es\/wp-json\/wp\/v2\/pages\/1435","targetHints":{"allow":["GET"]}}],"collection":[{"href":"https:\/\/ozmo.com\/es\/wp-json\/wp\/v2\/pages"}],"about":[{"href":"https:\/\/ozmo.com\/es\/wp-json\/wp\/v2\/types\/page"}],"author":[{"embeddable":true,"href":"https:\/\/ozmo.com\/es\/wp-json\/wp\/v2\/users\/1"}],"replies":[{"embeddable":true,"href":"https:\/\/ozmo.com\/es\/wp-json\/wp\/v2\/comments?post=1435"}],"version-history":[{"count":13,"href":"https:\/\/ozmo.com\/es\/wp-json\/wp\/v2\/pages\/1435\/revisions"}],"predecessor-version":[{"id":21727,"href":"https:\/\/ozmo.com\/es\/wp-json\/wp\/v2\/pages\/1435\/revisions\/21727"}],"wp:attachment":[{"href":"https:\/\/ozmo.com\/es\/wp-json\/wp\/v2\/media?parent=1435"}],"curies":[{"name":"wp","href":"https:\/\/api.w.org\/{rel}","templated":true}]}}